{"id":28663,"date":"2026-04-20T09:46:46","date_gmt":"2026-04-20T07:46:46","guid":{"rendered":"https:\/\/amayaforkids.com\/?post_type=product&#038;p=28663"},"modified":"2026-04-20T11:21:42","modified_gmt":"2026-04-20T09:21:42","slug":"faldon-convertible-golden","status":"publish","type":"product","link":"https:\/\/amayaforkids.com\/en\/product-2\/faldon-convertible-golden\/","title":{"rendered":"Fald\u00f3n Convertible Golden"},"content":{"rendered":"<p>Nuestro fald\u00f3n convertible en pelele de la colecci\u00f3n Golden, viene siendo un pelele que lleva unos botoncitos en la cintura y lazada en la espalda, de modo que se abrochan a la falda que hace de fald\u00f3n, y as\u00ed atado es un fald\u00f3n y una vez desabrochas los botones y sueltas la cinta, se queda como pelele. Con la ventaja de dejar m\u00e1s fresquitos a nuestros beb\u00e9s, sin necesidad de cambiarlos de conjunto despu\u00e9s de la ceremonia. Y a su vez, puede reutilizar el bonito pelele, hecho en organza r\u00fastica cruda, con un cuerpo de jaretas y entredoses y puntillas s\u00faper coquetas y una manguita cazo abullonada. La falda tambi\u00e9n est\u00e1 montada en organza r\u00fastica y forro, con entredos en la cinturilla y por toda la falda en direcci\u00f3n vertical, el juego de entredoses creando un original fald\u00f3n. A juego puedes encontrar su capota de entredoses que va forrada en popel\u00edn para mayor suavidad de nuestros beb\u00e9s.<\/p>","protected":false},"excerpt":{"rendered":"<p>Nuestro fald\u00f3n convertible Royal, es un pelele de organza r\u00fastica cruda que lleva unos botoncitos en la cintura, y lazada en la espalda, de modo que se abrochan a la falda que hace de fald\u00f3n, siendo atado un fald\u00f3n y una vez desabrochas los botones y sueltas la cinta, se queda como pelele. La ventaja: dejar fresquitos a nuestros beb\u00e9s, sin necesidad de cambiarlos y que puede volver a reutilizar el bonito pelele. Destacamos su precioso cuerpo de jaretas y entredoses con manguita cazo abullonada. Y su original falda con entredoses en direcci\u00f3n vertical.<\/p>","protected":false},"featured_media":28670,"comment_status":"closed","ping_status":"closed","template":"","meta":{"_acf_changed":false,"site-sidebar-layout":"default","site-content-layout":"","ast-site-content-layout":"default","site-content-style":"default","site-sidebar-style":"default","ast-global-header-display":"","ast-banner-title-visibility":"","ast-main-header-display":"","ast-hfb-above-header-display":"","ast-hfb-below-header-display":"","ast-hfb-mobile-header-display":"","site-post-title":"","ast-breadcrumbs-content":"","ast-featured-img":"","footer-sml-layout":"","ast-disable-related-posts":"","theme-transparent-header-meta":"default","adv-header-id-meta":"","stick-header-meta":"","header-above-stick-meta":"","header-main-stick-meta":"","header-below-stick-meta":"","astra-migrate-meta-layouts":"set","ast-page-background-enabled":"default","ast-page-background-meta":{"desktop":{"background-color":"var(--ast-global-color-4)","background-image":"","background-repeat":"repeat","background-position":"center center","background-size":"auto","background-attachment":"scroll","background-type":"","background-media":"","overlay-type":"","overlay-color":"","overlay-opacity":"","overlay-gradient":""},"tablet":{"background-color":"","background-image":"","background-repeat":"repeat","background-position":"center center","background-size":"auto","background-attachment":"scroll","background-type":"","background-media":"","overlay-type":"","overlay-color":"","overlay-opacity":"","overlay-gradient":""},"mobile":{"background-color":"","background-image":"","background-repeat":"repeat","background-position":"center center","background-size":"auto","background-attachment":"scroll","background-type":"","background-media":"","overlay-type":"","overlay-color":"","overlay-opacity":"","overlay-gradient":""}},"ast-content-background-meta":{"desktop":{"background-color":"var(--ast-global-color-5)","background-image":"","background-repeat":"repeat","background-position":"center center","background-size":"auto","background-attachment":"scroll","background-type":"","background-media":"","overlay-type":"","overlay-color":"","overlay-opacity":"","overlay-gradient":""},"tablet":{"background-color":"var(--ast-global-color-5)","background-image":"","background-repeat":"repeat","background-position":"center center","background-size":"auto","background-attachment":"scroll","background-type":"","background-media":"","overlay-type":"","overlay-color":"","overlay-opacity":"","overlay-gradient":""},"mobile":{"background-color":"var(--ast-global-color-5)","background-image":"","background-repeat":"repeat","background-position":"center center","background-size":"auto","background-attachment":"scroll","background-type":"","background-media":"","overlay-type":"","overlay-color":"","overlay-opacity":"","overlay-gradient":""}}},"product_brand":[],"product_cat":[277],"product_tag":[],"class_list":{"0":"post-28663","1":"product","2":"type-product","3":"status-publish","4":"has-post-thumbnail","6":"product_cat-bautizo-faldones","7":"desktop-align-left","8":"tablet-align-left","9":"mobile-align-left","10":"ast-product-gallery-layout-horizontal-slider","11":"ast-magnify-disabled","12":"ast-product-single-variable","14":"first","15":"instock","16":"shipping-taxable","17":"purchasable","18":"product-type-variable"},"acf":[],"_links":{"self":[{"href":"https:\/\/amayaforkids.com\/en\/wp-json\/wp\/v2\/product\/28663","targetHints":{"allow":["GET"]}}],"collection":[{"href":"https:\/\/amayaforkids.com\/en\/wp-json\/wp\/v2\/product"}],"about":[{"href":"https:\/\/amayaforkids.com\/en\/wp-json\/wp\/v2\/types\/product"}],"replies":[{"embeddable":true,"href":"https:\/\/amayaforkids.com\/en\/wp-json\/wp\/v2\/comments?post=28663"}],"version-history":[{"count":1,"href":"https:\/\/amayaforkids.com\/en\/wp-json\/wp\/v2\/product\/28663\/revisions"}],"predecessor-version":[{"id":28674,"href":"https:\/\/amayaforkids.com\/en\/wp-json\/wp\/v2\/product\/28663\/revisions\/28674"}],"wp:featuredmedia":[{"embeddable":true,"href":"https:\/\/amayaforkids.com\/en\/wp-json\/wp\/v2\/media\/28670"}],"wp:attachment":[{"href":"https:\/\/amayaforkids.com\/en\/wp-json\/wp\/v2\/media?parent=28663"}],"wp:term":[{"taxonomy":"product_brand","embeddable":true,"href":"https:\/\/amayaforkids.com\/en\/wp-json\/wp\/v2\/product_brand?post=28663"},{"taxonomy":"product_cat","embeddable":true,"href":"https:\/\/amayaforkids.com\/en\/wp-json\/wp\/v2\/product_cat?post=28663"},{"taxonomy":"product_tag","embeddable":true,"href":"https:\/\/amayaforkids.com\/en\/wp-json\/wp\/v2\/product_tag?post=28663"}],"curies":[{"name":"wp","href":"https:\/\/api.w.org\/{rel}","templated":true}]}}