{"id":27817,"date":"2026-03-24T09:19:07","date_gmt":"2026-03-24T08:19:07","guid":{"rendered":"https:\/\/amayaforkids.com\/?post_type=product&#038;p=27817"},"modified":"2026-04-20T09:45:00","modified_gmt":"2026-04-20T07:45:00","slug":"faldon-royal","status":"publish","type":"product","link":"https:\/\/amayaforkids.com\/en\/product-2\/faldon-royal\/","title":{"rendered":"Fald\u00f3n Royal"},"content":{"rendered":"<p>Fald\u00f3n de bautizo de la Colecci\u00f3n Royal que consta de 3 piezas: fald\u00f3n, capota y cubrepa\u00f1al. Todas ellas elaboradas en una base de tejido algo satinado en crudo y enriquecido con un original entredos y puntilla en crudo y crema. El juego de transparencia del entredos, tanto en mangas, como en el cuerpo tableado que va abri\u00e9ndose y en el bajo del fald\u00f3n, no deja indiferente a nadie. Y fino y delicado trabajo, donde la guinda son las hojitas bordadas a mano y su puntilla fruncida en el escote, aportando m\u00e1s dulzura a\u00fan a este precioso fald\u00f3n. Incluye el cubrepa\u00f1al tambi\u00e9n del mismo tejido crudo con lindos lacitos en los laterales de las patas. Y no nos olvidamos de la moner\u00eda de capota, con el juego de puntilla y entredoses. Y por supuesto, te ofrecemos los accesorios a juego para completar el look como los zapatitos, el pack de babero, chupetero y pa\u00f1uelo&#8230; y as\u00ed hacerlo a\u00fan m\u00e1s especial para un d\u00eda inolvidable.<\/p>","protected":false},"excerpt":{"rendered":"<p>Fald\u00f3n de bautizo Royal consta de 3 piezas: Fald\u00f3n, capota y cubrepa\u00f1al de un tejido satinado suave en crudo y enriquecido con un original entredos y puntilla en crudo y crema. Su original entredos va montado con transparencia, tanto en mangas como en el cuerpo tableado que va abri\u00e9ndose y en el bajo del fald\u00f3n. Cabe destacar las hojitas bordadas a mano y su puntilla fruncida en el escote. Incluye el cubrepa\u00f1al del mismo tejido y su mon\u00edsima capota de puntilla. Te ofrecemos los accesorios a juego para completar el look como los zapatitos, el pack de babero, chupetero y pa\u00f1uelo.<\/p>","protected":false},"featured_media":27843,"comment_status":"closed","ping_status":"closed","template":"","meta":{"_acf_changed":false,"site-sidebar-layout":"default","site-content-layout":"","ast-site-content-layout":"default","site-content-style":"default","site-sidebar-style":"default","ast-global-header-display":"","ast-banner-title-visibility":"","ast-main-header-display":"","ast-hfb-above-header-display":"","ast-hfb-below-header-display":"","ast-hfb-mobile-header-display":"","site-post-title":"","ast-breadcrumbs-content":"","ast-featured-img":"","footer-sml-layout":"","ast-disable-related-posts":"","theme-transparent-header-meta":"default","adv-header-id-meta":"","stick-header-meta":"","header-above-stick-meta":"","header-main-stick-meta":"","header-below-stick-meta":"","astra-migrate-meta-layouts":"set","ast-page-background-enabled":"default","ast-page-background-meta":{"desktop":{"background-color":"var(--ast-global-color-4)","background-image":"","background-repeat":"repeat","background-position":"center center","background-size":"auto","background-attachment":"scroll","background-type":"","background-media":"","overlay-type":"","overlay-color":"","overlay-opacity":"","overlay-gradient":""},"tablet":{"background-color":"","background-image":"","background-repeat":"repeat","background-position":"center center","background-size":"auto","background-attachment":"scroll","background-type":"","background-media":"","overlay-type":"","overlay-color":"","overlay-opacity":"","overlay-gradient":""},"mobile":{"background-color":"","background-image":"","background-repeat":"repeat","background-position":"center center","background-size":"auto","background-attachment":"scroll","background-type":"","background-media":"","overlay-type":"","overlay-color":"","overlay-opacity":"","overlay-gradient":""}},"ast-content-background-meta":{"desktop":{"background-color":"var(--ast-global-color-5)","background-image":"","background-repeat":"repeat","background-position":"center center","background-size":"auto","background-attachment":"scroll","background-type":"","background-media":"","overlay-type":"","overlay-color":"","overlay-opacity":"","overlay-gradient":""},"tablet":{"background-color":"var(--ast-global-color-5)","background-image":"","background-repeat":"repeat","background-position":"center center","background-size":"auto","background-attachment":"scroll","background-type":"","background-media":"","overlay-type":"","overlay-color":"","overlay-opacity":"","overlay-gradient":""},"mobile":{"background-color":"var(--ast-global-color-5)","background-image":"","background-repeat":"repeat","background-position":"center center","background-size":"auto","background-attachment":"scroll","background-type":"","background-media":"","overlay-type":"","overlay-color":"","overlay-opacity":"","overlay-gradient":""}}},"product_brand":[],"product_cat":[277],"product_tag":[],"class_list":{"0":"post-27817","1":"product","2":"type-product","3":"status-publish","4":"has-post-thumbnail","6":"product_cat-bautizo-faldones","7":"desktop-align-left","8":"tablet-align-left","9":"mobile-align-left","10":"ast-product-gallery-layout-horizontal-slider","11":"ast-magnify-disabled","12":"ast-product-single-variable","14":"first","15":"instock","16":"shipping-taxable","17":"purchasable","18":"product-type-variable"},"acf":[],"_links":{"self":[{"href":"https:\/\/amayaforkids.com\/en\/wp-json\/wp\/v2\/product\/27817","targetHints":{"allow":["GET"]}}],"collection":[{"href":"https:\/\/amayaforkids.com\/en\/wp-json\/wp\/v2\/product"}],"about":[{"href":"https:\/\/amayaforkids.com\/en\/wp-json\/wp\/v2\/types\/product"}],"replies":[{"embeddable":true,"href":"https:\/\/amayaforkids.com\/en\/wp-json\/wp\/v2\/comments?post=27817"}],"version-history":[{"count":2,"href":"https:\/\/amayaforkids.com\/en\/wp-json\/wp\/v2\/product\/27817\/revisions"}],"predecessor-version":[{"id":27849,"href":"https:\/\/amayaforkids.com\/en\/wp-json\/wp\/v2\/product\/27817\/revisions\/27849"}],"wp:featuredmedia":[{"embeddable":true,"href":"https:\/\/amayaforkids.com\/en\/wp-json\/wp\/v2\/media\/27843"}],"wp:attachment":[{"href":"https:\/\/amayaforkids.com\/en\/wp-json\/wp\/v2\/media?parent=27817"}],"wp:term":[{"taxonomy":"product_brand","embeddable":true,"href":"https:\/\/amayaforkids.com\/en\/wp-json\/wp\/v2\/product_brand?post=27817"},{"taxonomy":"product_cat","embeddable":true,"href":"https:\/\/amayaforkids.com\/en\/wp-json\/wp\/v2\/product_cat?post=27817"},{"taxonomy":"product_tag","embeddable":true,"href":"https:\/\/amayaforkids.com\/en\/wp-json\/wp\/v2\/product_tag?post=27817"}],"curies":[{"name":"wp","href":"https:\/\/api.w.org\/{rel}","templated":true}]}}