{"id":27728,"date":"2026-03-20T19:20:11","date_gmt":"2026-03-20T18:20:11","guid":{"rendered":"https:\/\/amayaforkids.com\/?post_type=product&#038;p=27728"},"modified":"2026-04-28T12:03:10","modified_gmt":"2026-04-28T10:03:10","slug":"conjunto-coralia","status":"publish","type":"product","link":"https:\/\/amayaforkids.com\/en\/product-2\/conjunto-coralia\/","title":{"rendered":"Conjunto Coralia"},"content":{"rendered":"<p>El conjunto Coralia es una propuesta fresca y sofisticada para graduaciones y fiestas especiales. Su vibrante tono coral aporta energ\u00eda y personalidad, mientras que el cuerpo con manga integrada y volantes al talle estiliza la silueta con un toque actual y femenino. El pantal\u00f3n evas\u00e9 equilibra el dise\u00f1o aportando movimiento y elegancia. Una opci\u00f3n moderna y diferenciadora dentro de la moda junior para eventos, pensada para chicas que buscan estilo, color y car\u00e1cter propio.<\/p>","protected":false},"excerpt":{"rendered":"<p>Conjunto junior de dos piezas en coral vibrante con cuerpo de manga integrada, volantes al talle y pantal\u00f3n evas\u00e9.<\/p>","protected":false},"featured_media":27736,"comment_status":"closed","ping_status":"closed","template":"","meta":{"_acf_changed":false,"site-sidebar-layout":"default","site-content-layout":"","ast-site-content-layout":"default","site-content-style":"default","site-sidebar-style":"default","ast-global-header-display":"","ast-banner-title-visibility":"","ast-main-header-display":"","ast-hfb-above-header-display":"","ast-hfb-below-header-display":"","ast-hfb-mobile-header-display":"","site-post-title":"","ast-breadcrumbs-content":"","ast-featured-img":"","footer-sml-layout":"","ast-disable-related-posts":"","theme-transparent-header-meta":"default","adv-header-id-meta":"","stick-header-meta":"default","header-above-stick-meta":"","header-main-stick-meta":"","header-below-stick-meta":"","astra-migrate-meta-layouts":"set","ast-page-background-enabled":"default","ast-page-background-meta":{"desktop":{"background-color":"var(--ast-global-color-4)","background-image":"","background-repeat":"repeat","background-position":"center center","background-size":"auto","background-attachment":"scroll","background-type":"","background-media":"","overlay-type":"","overlay-color":"","overlay-opacity":"","overlay-gradient":""},"tablet":{"background-color":"","background-image":"","background-repeat":"repeat","background-position":"center center","background-size":"auto","background-attachment":"scroll","background-type":"","background-media":"","overlay-type":"","overlay-color":"","overlay-opacity":"","overlay-gradient":""},"mobile":{"background-color":"","background-image":"","background-repeat":"repeat","background-position":"center center","background-size":"auto","background-attachment":"scroll","background-type":"","background-media":"","overlay-type":"","overlay-color":"","overlay-opacity":"","overlay-gradient":""}},"ast-content-background-meta":{"desktop":{"background-color":"var(--ast-global-color-5)","background-image":"","background-repeat":"repeat","background-position":"center center","background-size":"auto","background-attachment":"scroll","background-type":"","background-media":"","overlay-type":"","overlay-color":"","overlay-opacity":"","overlay-gradient":""},"tablet":{"background-color":"var(--ast-global-color-5)","background-image":"","background-repeat":"repeat","background-position":"center center","background-size":"auto","background-attachment":"scroll","background-type":"","background-media":"","overlay-type":"","overlay-color":"","overlay-opacity":"","overlay-gradient":""},"mobile":{"background-color":"var(--ast-global-color-5)","background-image":"","background-repeat":"repeat","background-position":"center center","background-size":"auto","background-attachment":"scroll","background-type":"","background-media":"","overlay-type":"","overlay-color":"","overlay-opacity":"","overlay-gradient":""}}},"product_brand":[],"product_cat":[349,311],"product_tag":[],"class_list":{"0":"post-27728","1":"product","2":"type-product","3":"status-publish","4":"has-post-thumbnail","6":"product_cat-teen-conjuntos","7":"product_cat-joven-conjuntos","8":"desktop-align-left","9":"tablet-align-left","10":"mobile-align-left","11":"ast-product-gallery-layout-horizontal-slider","12":"ast-magnify-disabled","13":"ast-product-single-variable","15":"first","16":"instock","17":"shipping-taxable","18":"purchasable","19":"product-type-variable","20":"has-default-attributes"},"acf":[],"_links":{"self":[{"href":"https:\/\/amayaforkids.com\/en\/wp-json\/wp\/v2\/product\/27728","targetHints":{"allow":["GET"]}}],"collection":[{"href":"https:\/\/amayaforkids.com\/en\/wp-json\/wp\/v2\/product"}],"about":[{"href":"https:\/\/amayaforkids.com\/en\/wp-json\/wp\/v2\/types\/product"}],"replies":[{"embeddable":true,"href":"https:\/\/amayaforkids.com\/en\/wp-json\/wp\/v2\/comments?post=27728"}],"version-history":[{"count":1,"href":"https:\/\/amayaforkids.com\/en\/wp-json\/wp\/v2\/product\/27728\/revisions"}],"predecessor-version":[{"id":27738,"href":"https:\/\/amayaforkids.com\/en\/wp-json\/wp\/v2\/product\/27728\/revisions\/27738"}],"wp:featuredmedia":[{"embeddable":true,"href":"https:\/\/amayaforkids.com\/en\/wp-json\/wp\/v2\/media\/27736"}],"wp:attachment":[{"href":"https:\/\/amayaforkids.com\/en\/wp-json\/wp\/v2\/media?parent=27728"}],"wp:term":[{"taxonomy":"product_brand","embeddable":true,"href":"https:\/\/amayaforkids.com\/en\/wp-json\/wp\/v2\/product_brand?post=27728"},{"taxonomy":"product_cat","embeddable":true,"href":"https:\/\/amayaforkids.com\/en\/wp-json\/wp\/v2\/product_cat?post=27728"},{"taxonomy":"product_tag","embeddable":true,"href":"https:\/\/amayaforkids.com\/en\/wp-json\/wp\/v2\/product_tag?post=27728"}],"curies":[{"name":"wp","href":"https:\/\/api.w.org\/{rel}","templated":true}]}}