{"id":27487,"date":"2025-12-22T13:19:32","date_gmt":"2025-12-22T12:19:32","guid":{"rendered":"https:\/\/amayaforkids.com\/?post_type=product&#038;p=27487"},"modified":"2025-12-23T08:33:19","modified_gmt":"2025-12-23T07:33:19","slug":"manta-little-linen","status":"publish","type":"product","link":"https:\/\/amayaforkids.com\/en\/product-2\/manta-little-linen\/","title":{"rendered":"Manta Little Linen"},"content":{"rendered":"<p>Nuestra manta de verano\/entretiempo es ideal para envolver a nuestro beb\u00e9 para ocasiones especiales, y adem\u00e1s, por su dise\u00f1o puedes volver a utilizarla en diversas ocasiones. Confeccionada en lino algod\u00f3n y un suave forro, para arropar a los m\u00e1s peque\u00f1os en la dulzura que requiere su sensible piel. Nuestra mantita est\u00e1 cortada en cuadrado, para poder llevarla a modo de pico. Por otro lado, su volante en cada lateral y el juego de puntillas tan dulces en contraste con el lino tostado, es el complemento indispensabla para los paseos con tu beb\u00e9. Perfectamente combinable con cualquiera de nuestras colecciones, especialmente con la colecci\u00f3n Little Linen.<\/p>","protected":false},"excerpt":{"rendered":"<p>Nuestra manta de verano\/entretiempo es ideal para envolver a nuestro beb\u00e9 en ocasiones especiales y, adem\u00e1s, por su dise\u00f1o, puedes volver a utilizarla en diversas ocasiones. Confeccionada en lino algod\u00f3n y un suave forro. Est\u00e1 cortada en cuadrado para poder llevarla a modo de pico. Lleva un volante en cada lateral y el juego de puntillas tan dulces en contraste con el lino tostado, que es perfectamente combinable con cualquiera de nuestras colecciones, especialmente con la colecci\u00f3n Little Linen.<\/p>","protected":false},"featured_media":27490,"comment_status":"closed","ping_status":"closed","template":"","meta":{"_acf_changed":false,"site-sidebar-layout":"default","site-content-layout":"","ast-site-content-layout":"default","site-content-style":"default","site-sidebar-style":"default","ast-global-header-display":"","ast-banner-title-visibility":"","ast-main-header-display":"","ast-hfb-above-header-display":"","ast-hfb-below-header-display":"","ast-hfb-mobile-header-display":"","site-post-title":"","ast-breadcrumbs-content":"","ast-featured-img":"","footer-sml-layout":"","ast-disable-related-posts":"","theme-transparent-header-meta":"default","adv-header-id-meta":"","stick-header-meta":"","header-above-stick-meta":"","header-main-stick-meta":"","header-below-stick-meta":"","astra-migrate-meta-layouts":"set","ast-page-background-enabled":"default","ast-page-background-meta":{"desktop":{"background-color":"var(--ast-global-color-4)","background-image":"","background-repeat":"repeat","background-position":"center center","background-size":"auto","background-attachment":"scroll","background-type":"","background-media":"","overlay-type":"","overlay-color":"","overlay-opacity":"","overlay-gradient":""},"tablet":{"background-color":"","background-image":"","background-repeat":"repeat","background-position":"center center","background-size":"auto","background-attachment":"scroll","background-type":"","background-media":"","overlay-type":"","overlay-color":"","overlay-opacity":"","overlay-gradient":""},"mobile":{"background-color":"","background-image":"","background-repeat":"repeat","background-position":"center center","background-size":"auto","background-attachment":"scroll","background-type":"","background-media":"","overlay-type":"","overlay-color":"","overlay-opacity":"","overlay-gradient":""}},"ast-content-background-meta":{"desktop":{"background-color":"var(--ast-global-color-5)","background-image":"","background-repeat":"repeat","background-position":"center center","background-size":"auto","background-attachment":"scroll","background-type":"","background-media":"","overlay-type":"","overlay-color":"","overlay-opacity":"","overlay-gradient":""},"tablet":{"background-color":"var(--ast-global-color-5)","background-image":"","background-repeat":"repeat","background-position":"center center","background-size":"auto","background-attachment":"scroll","background-type":"","background-media":"","overlay-type":"","overlay-color":"","overlay-opacity":"","overlay-gradient":""},"mobile":{"background-color":"var(--ast-global-color-5)","background-image":"","background-repeat":"repeat","background-position":"center center","background-size":"auto","background-attachment":"scroll","background-type":"","background-media":"","overlay-type":"","overlay-color":"","overlay-opacity":"","overlay-gradient":""}}},"product_brand":[],"product_cat":[273],"product_tag":[],"class_list":{"0":"post-27487","1":"product","2":"type-product","3":"status-publish","4":"has-post-thumbnail","6":"product_cat-bautizo-accesorios","7":"desktop-align-left","8":"tablet-align-left","9":"mobile-align-left","10":"ast-product-gallery-layout-horizontal-slider","11":"ast-product-gallery-with-no-image","12":"ast-magnify-disabled","14":"first","15":"instock","16":"shipping-taxable","17":"purchasable","18":"product-type-simple"},"acf":[],"_links":{"self":[{"href":"https:\/\/amayaforkids.com\/en\/wp-json\/wp\/v2\/product\/27487","targetHints":{"allow":["GET"]}}],"collection":[{"href":"https:\/\/amayaforkids.com\/en\/wp-json\/wp\/v2\/product"}],"about":[{"href":"https:\/\/amayaforkids.com\/en\/wp-json\/wp\/v2\/types\/product"}],"replies":[{"embeddable":true,"href":"https:\/\/amayaforkids.com\/en\/wp-json\/wp\/v2\/comments?post=27487"}],"version-history":[{"count":1,"href":"https:\/\/amayaforkids.com\/en\/wp-json\/wp\/v2\/product\/27487\/revisions"}],"predecessor-version":[{"id":27491,"href":"https:\/\/amayaforkids.com\/en\/wp-json\/wp\/v2\/product\/27487\/revisions\/27491"}],"wp:featuredmedia":[{"embeddable":true,"href":"https:\/\/amayaforkids.com\/en\/wp-json\/wp\/v2\/media\/27490"}],"wp:attachment":[{"href":"https:\/\/amayaforkids.com\/en\/wp-json\/wp\/v2\/media?parent=27487"}],"wp:term":[{"taxonomy":"product_brand","embeddable":true,"href":"https:\/\/amayaforkids.com\/en\/wp-json\/wp\/v2\/product_brand?post=27487"},{"taxonomy":"product_cat","embeddable":true,"href":"https:\/\/amayaforkids.com\/en\/wp-json\/wp\/v2\/product_cat?post=27487"},{"taxonomy":"product_tag","embeddable":true,"href":"https:\/\/amayaforkids.com\/en\/wp-json\/wp\/v2\/product_tag?post=27487"}],"curies":[{"name":"wp","href":"https:\/\/api.w.org\/{rel}","templated":true}]}}