{"id":27434,"date":"2025-12-22T12:35:51","date_gmt":"2025-12-22T11:35:51","guid":{"rendered":"https:\/\/amayaforkids.com\/?post_type=product&#038;p=27434"},"modified":"2025-12-23T08:22:22","modified_gmt":"2025-12-23T07:22:22","slug":"conjunto-peto-nino-little-linen","status":"publish","type":"product","link":"https:\/\/amayaforkids.com\/en\/product-2\/conjunto-peto-nino-little-linen\/","title":{"rendered":"Conjunto Peto Ni\u00f1o Little Linen"},"content":{"rendered":"<p>Conjunto de ni\u00f1o de dos piezas: Camisa y Peto. Su camisa es de manga corta con cuello beb\u00e9, enriquecida con el entredos y puntillas laterales de la colecci\u00f3n Little Linen en el centro, que la hacen muy especial para cualquier ocasi\u00f3n importante e incluso puede volver a utilizarla para eventos menos formales. Est\u00e1 confeccionada en un lino algod\u00f3n, muy fresquito para estaciones m\u00e1s calurosas y se cierra en el centro de la espalda con botones. El peto de pantal\u00f3n bombacho corto y tirantes es de lino tostado y lleva el bonito entredos de la camisa en crudo, haciendo de la cinturilla un detalle muy destacado.<\/p>\n<p>&nbsp;<\/p>","protected":false},"excerpt":{"rendered":"<p>Conjunto de ni\u00f1o de camisa y peto corto. La camisa de manga corta con cuello beb\u00e9, enriquecida con el entredos y puntillas, que la hacen muy especial. Est\u00e1 confeccionada en un lino algod\u00f3n, muy fresquito, y se cierra en el centro de la espalda con botones. El peto de pantal\u00f3n corto bombacho con tirantes es de lino tostado con el bonito entredos en crudo en la cinturilla.<\/p>\n<p>&nbsp;<\/p>","protected":false},"featured_media":27448,"comment_status":"closed","ping_status":"closed","template":"","meta":{"_acf_changed":false,"site-sidebar-layout":"default","site-content-layout":"","ast-site-content-layout":"default","site-content-style":"default","site-sidebar-style":"default","ast-global-header-display":"","ast-banner-title-visibility":"","ast-main-header-display":"","ast-hfb-above-header-display":"","ast-hfb-below-header-display":"","ast-hfb-mobile-header-display":"","site-post-title":"","ast-breadcrumbs-content":"","ast-featured-img":"","footer-sml-layout":"","ast-disable-related-posts":"","theme-transparent-header-meta":"default","adv-header-id-meta":"","stick-header-meta":"","header-above-stick-meta":"","header-main-stick-meta":"","header-below-stick-meta":"","astra-migrate-meta-layouts":"set","ast-page-background-enabled":"default","ast-page-background-meta":{"desktop":{"background-color":"var(--ast-global-color-4)","background-image":"","background-repeat":"repeat","background-position":"center center","background-size":"auto","background-attachment":"scroll","background-type":"","background-media":"","overlay-type":"","overlay-color":"","overlay-opacity":"","overlay-gradient":""},"tablet":{"background-color":"","background-image":"","background-repeat":"repeat","background-position":"center center","background-size":"auto","background-attachment":"scroll","background-type":"","background-media":"","overlay-type":"","overlay-color":"","overlay-opacity":"","overlay-gradient":""},"mobile":{"background-color":"","background-image":"","background-repeat":"repeat","background-position":"center center","background-size":"auto","background-attachment":"scroll","background-type":"","background-media":"","overlay-type":"","overlay-color":"","overlay-opacity":"","overlay-gradient":""}},"ast-content-background-meta":{"desktop":{"background-color":"var(--ast-global-color-5)","background-image":"","background-repeat":"repeat","background-position":"center center","background-size":"auto","background-attachment":"scroll","background-type":"","background-media":"","overlay-type":"","overlay-color":"","overlay-opacity":"","overlay-gradient":""},"tablet":{"background-color":"var(--ast-global-color-5)","background-image":"","background-repeat":"repeat","background-position":"center center","background-size":"auto","background-attachment":"scroll","background-type":"","background-media":"","overlay-type":"","overlay-color":"","overlay-opacity":"","overlay-gradient":""},"mobile":{"background-color":"var(--ast-global-color-5)","background-image":"","background-repeat":"repeat","background-position":"center center","background-size":"auto","background-attachment":"scroll","background-type":"","background-media":"","overlay-type":"","overlay-color":"","overlay-opacity":"","overlay-gradient":""}}},"product_brand":[],"product_cat":[350],"product_tag":[],"class_list":{"0":"post-27434","1":"product","2":"type-product","3":"status-publish","4":"has-post-thumbnail","6":"product_cat-bautizo-conjuntos","7":"desktop-align-left","8":"tablet-align-left","9":"mobile-align-left","10":"ast-product-gallery-layout-horizontal-slider","11":"ast-magnify-disabled","12":"ast-product-single-variable","14":"first","15":"instock","16":"shipping-taxable","17":"purchasable","18":"product-type-variable"},"acf":[],"_links":{"self":[{"href":"https:\/\/amayaforkids.com\/en\/wp-json\/wp\/v2\/product\/27434","targetHints":{"allow":["GET"]}}],"collection":[{"href":"https:\/\/amayaforkids.com\/en\/wp-json\/wp\/v2\/product"}],"about":[{"href":"https:\/\/amayaforkids.com\/en\/wp-json\/wp\/v2\/types\/product"}],"replies":[{"embeddable":true,"href":"https:\/\/amayaforkids.com\/en\/wp-json\/wp\/v2\/comments?post=27434"}],"version-history":[{"count":1,"href":"https:\/\/amayaforkids.com\/en\/wp-json\/wp\/v2\/product\/27434\/revisions"}],"predecessor-version":[{"id":27451,"href":"https:\/\/amayaforkids.com\/en\/wp-json\/wp\/v2\/product\/27434\/revisions\/27451"}],"wp:featuredmedia":[{"embeddable":true,"href":"https:\/\/amayaforkids.com\/en\/wp-json\/wp\/v2\/media\/27448"}],"wp:attachment":[{"href":"https:\/\/amayaforkids.com\/en\/wp-json\/wp\/v2\/media?parent=27434"}],"wp:term":[{"taxonomy":"product_brand","embeddable":true,"href":"https:\/\/amayaforkids.com\/en\/wp-json\/wp\/v2\/product_brand?post=27434"},{"taxonomy":"product_cat","embeddable":true,"href":"https:\/\/amayaforkids.com\/en\/wp-json\/wp\/v2\/product_cat?post=27434"},{"taxonomy":"product_tag","embeddable":true,"href":"https:\/\/amayaforkids.com\/en\/wp-json\/wp\/v2\/product_tag?post=27434"}],"curies":[{"name":"wp","href":"https:\/\/api.w.org\/{rel}","templated":true}]}}