{"id":27340,"date":"2025-12-18T08:22:03","date_gmt":"2025-12-18T07:22:03","guid":{"rendered":"https:\/\/amayaforkids.com\/?post_type=product&#038;p=27340"},"modified":"2026-04-20T09:40:35","modified_gmt":"2026-04-20T07:40:35","slug":"faldon-little-linen","status":"publish","type":"product","link":"https:\/\/amayaforkids.com\/en\/product-2\/faldon-little-linen\/","title":{"rendered":"Fald\u00f3n Little Linen"},"content":{"rendered":"<p>Fald\u00f3n de bautizo de la Colecci\u00f3n Little Linen que consta de 3 piezas: Fald\u00f3n, capota y cubrepa\u00f1al. Todas ellas elaboradas en una base de lino algod\u00f3n en crudo y enriquecidas con un bonito juego de entredos y puntilla cruda sobre una base a contraste de lino tostado, y siempre forradas en popel\u00edn crudo. Su manga es un alita creada mediante la puntilla fruncida, que la hace m\u00e1s fresquita y le da un toque m\u00e1s original a este precioso fald\u00f3n. La cinturilla va adornada con un entredos que se recoge en la espalda y queda oculto bajo la tabla de lino tostado que recorre todo el delantero del vestido. El bajo del fald\u00f3n es todo de puntilla a aire, para mantener la transparencia y que se aprecie mejor el bonito bordado de su puntilla. La capota lleva el mismo juego de puntillas y entredos con el fondo de lino tostado, como el delantero del fald\u00f3n y el resto en crudo, para darle luz al total look. Incluye el cubrepa\u00f1al tambi\u00e9n de la misma tela de lino crudo y con lindos lacitos en los laterales de las patas. Y no nos olvidamos de la capota. Y por supuesto, te ofrecemos los accesorios a juego para completar el look como los zapatitos, el pack de babero, chupetero y pa\u00f1uelo, y as\u00ed hacerlo a\u00fan m\u00e1s especial para un d\u00eda inolvidable.<\/p>","protected":false},"excerpt":{"rendered":"<p>Fald\u00f3n de 3 piezas Dolce Linen: capota, fald\u00f3n y cubrepa\u00f1al. Todo ello montado en algod\u00f3n-lino crudo con puntillas en un suave contraste sobre una base de lino en tostado, que va recorriendo la pechera delantera de arriba abajo. Para completar el look, tienes varios accesorios a juego como toquilla, zapatitos, babero, chupetero y pa\u00f1uelo.<\/p>","protected":false},"featured_media":27358,"comment_status":"closed","ping_status":"closed","template":"","meta":{"_acf_changed":false,"site-sidebar-layout":"default","site-content-layout":"","ast-site-content-layout":"default","site-content-style":"default","site-sidebar-style":"default","ast-global-header-display":"","ast-banner-title-visibility":"","ast-main-header-display":"","ast-hfb-above-header-display":"","ast-hfb-below-header-display":"","ast-hfb-mobile-header-display":"","site-post-title":"","ast-breadcrumbs-content":"","ast-featured-img":"","footer-sml-layout":"","ast-disable-related-posts":"","theme-transparent-header-meta":"default","adv-header-id-meta":"","stick-header-meta":"","header-above-stick-meta":"","header-main-stick-meta":"","header-below-stick-meta":"","astra-migrate-meta-layouts":"set","ast-page-background-enabled":"default","ast-page-background-meta":{"desktop":{"background-color":"var(--ast-global-color-4)","background-image":"","background-repeat":"repeat","background-position":"center center","background-size":"auto","background-attachment":"scroll","background-type":"","background-media":"","overlay-type":"","overlay-color":"","overlay-opacity":"","overlay-gradient":""},"tablet":{"background-color":"","background-image":"","background-repeat":"repeat","background-position":"center center","background-size":"auto","background-attachment":"scroll","background-type":"","background-media":"","overlay-type":"","overlay-color":"","overlay-opacity":"","overlay-gradient":""},"mobile":{"background-color":"","background-image":"","background-repeat":"repeat","background-position":"center center","background-size":"auto","background-attachment":"scroll","background-type":"","background-media":"","overlay-type":"","overlay-color":"","overlay-opacity":"","overlay-gradient":""}},"ast-content-background-meta":{"desktop":{"background-color":"var(--ast-global-color-5)","background-image":"","background-repeat":"repeat","background-position":"center center","background-size":"auto","background-attachment":"scroll","background-type":"","background-media":"","overlay-type":"","overlay-color":"","overlay-opacity":"","overlay-gradient":""},"tablet":{"background-color":"var(--ast-global-color-5)","background-image":"","background-repeat":"repeat","background-position":"center center","background-size":"auto","background-attachment":"scroll","background-type":"","background-media":"","overlay-type":"","overlay-color":"","overlay-opacity":"","overlay-gradient":""},"mobile":{"background-color":"var(--ast-global-color-5)","background-image":"","background-repeat":"repeat","background-position":"center center","background-size":"auto","background-attachment":"scroll","background-type":"","background-media":"","overlay-type":"","overlay-color":"","overlay-opacity":"","overlay-gradient":""}}},"product_brand":[],"product_cat":[277],"product_tag":[],"class_list":{"0":"post-27340","1":"product","2":"type-product","3":"status-publish","4":"has-post-thumbnail","6":"product_cat-bautizo-faldones","7":"desktop-align-left","8":"tablet-align-left","9":"mobile-align-left","10":"ast-product-gallery-layout-horizontal-slider","11":"ast-magnify-disabled","12":"ast-product-single-variable","14":"first","15":"outofstock","16":"shipping-taxable","17":"purchasable","18":"product-type-variable"},"acf":[],"_links":{"self":[{"href":"https:\/\/amayaforkids.com\/en\/wp-json\/wp\/v2\/product\/27340","targetHints":{"allow":["GET"]}}],"collection":[{"href":"https:\/\/amayaforkids.com\/en\/wp-json\/wp\/v2\/product"}],"about":[{"href":"https:\/\/amayaforkids.com\/en\/wp-json\/wp\/v2\/types\/product"}],"replies":[{"embeddable":true,"href":"https:\/\/amayaforkids.com\/en\/wp-json\/wp\/v2\/comments?post=27340"}],"version-history":[{"count":1,"href":"https:\/\/amayaforkids.com\/en\/wp-json\/wp\/v2\/product\/27340\/revisions"}],"predecessor-version":[{"id":27360,"href":"https:\/\/amayaforkids.com\/en\/wp-json\/wp\/v2\/product\/27340\/revisions\/27360"}],"wp:featuredmedia":[{"embeddable":true,"href":"https:\/\/amayaforkids.com\/en\/wp-json\/wp\/v2\/media\/27358"}],"wp:attachment":[{"href":"https:\/\/amayaforkids.com\/en\/wp-json\/wp\/v2\/media?parent=27340"}],"wp:term":[{"taxonomy":"product_brand","embeddable":true,"href":"https:\/\/amayaforkids.com\/en\/wp-json\/wp\/v2\/product_brand?post=27340"},{"taxonomy":"product_cat","embeddable":true,"href":"https:\/\/amayaforkids.com\/en\/wp-json\/wp\/v2\/product_cat?post=27340"},{"taxonomy":"product_tag","embeddable":true,"href":"https:\/\/amayaforkids.com\/en\/wp-json\/wp\/v2\/product_tag?post=27340"}],"curies":[{"name":"wp","href":"https:\/\/api.w.org\/{rel}","templated":true}]}}