{"id":27267,"date":"2025-12-17T11:09:30","date_gmt":"2025-12-17T10:09:30","guid":{"rendered":"https:\/\/amayaforkids.com\/?post_type=product&#038;p=27267"},"modified":"2025-12-22T17:27:09","modified_gmt":"2025-12-22T16:27:09","slug":"faldon-romantic-roses","status":"publish","type":"product","link":"https:\/\/amayaforkids.com\/en\/product-2\/faldon-romantic-roses\/","title":{"rendered":"Fald\u00f3n Romantic Roses"},"content":{"rendered":"<p>Fald\u00f3n de bautizo de la Colecci\u00f3n Romantic Roses, que consta de 3 piezas: Fald\u00f3n, capota y cubre pa\u00f1al. Todas ellas elaboradas en una base de voil\u00e9 plumeti en crudo y enriquecido con una cenefa floral bordada en beige y con hondas caladas&#8230;Es un tejido muy especial, que llama mucho la atenci\u00f3n por todo el trabajo y finura con la que est\u00e1 realizado. Le hemos a\u00f1adido puntillas en el escote, creando un canes\u00fa con bonitas puntillas y entredoses con un suave contraste crema, a\u00f1adiendo unos lacitos muy coquetos. Sus mangas abullonadas acaban en pu\u00f1os con puntilla fruncida, aporta m\u00e1s dulzura a\u00fan a este precioso fald\u00f3n. Incluye el cubre pa\u00f1al tambi\u00e9n del mismo voil\u00e9 plumeti crudo y lindos lacitos en los laterales de las patas. Su capota es ideal, con la puntilla volada y juega con los entredoses y el plumeti, para conseguir un efecto rico a juego con el resto del fald\u00f3n. Y por supuesto, te ofrecemos los accesorios a juego para completar el look como los zapaticos, el pack de babero, chupetero y pa\u00f1uelo,&#8230; y as\u00ed hacerlo a\u00fan m\u00e1s especial para un d\u00eda inolvidable.<\/p>","protected":false},"excerpt":{"rendered":"<p>Fald\u00f3n de bautizo de 3 piezas: Fald\u00f3n, capota y cubre pa\u00f1al. Todas elaboradas en una base de voil\u00e9 plumeti en crudo y enriquecido con una cenefa floral bordada en beige y con hondas caladas&#8230;Es un tejido muy especial, y adem\u00e1s le hemos creado un canes\u00fa con bonitas puntillas y entredoses con un suave contraste crema, y unos lacitos muy coquetos. Sus mangas abullonadas acaban en pu\u00f1os con puntilla fruncida. Incluye el cubre pa\u00f1al del mismo voil\u00e9 plumeti crudo y lindos lacitos en los laterales de las patas. Su capota es ideal, con la puntilla volada y juega con los entredoses y el plumeti. Y por supuesto, te ofrecemos los accesorios a juego para completar el look como los zapaticos, el pack de babero, chupetero y pa\u00f1uelo,&#8230; y as\u00ed hacerlo a\u00fan m\u00e1s especial para un d\u00eda inolvidable.<\/p>","protected":false},"featured_media":27276,"comment_status":"closed","ping_status":"closed","template":"","meta":{"_acf_changed":false,"site-sidebar-layout":"default","site-content-layout":"","ast-site-content-layout":"default","site-content-style":"default","site-sidebar-style":"default","ast-global-header-display":"","ast-banner-title-visibility":"","ast-main-header-display":"","ast-hfb-above-header-display":"","ast-hfb-below-header-display":"","ast-hfb-mobile-header-display":"","site-post-title":"","ast-breadcrumbs-content":"","ast-featured-img":"","footer-sml-layout":"","ast-disable-related-posts":"","theme-transparent-header-meta":"default","adv-header-id-meta":"","stick-header-meta":"","header-above-stick-meta":"","header-main-stick-meta":"","header-below-stick-meta":"","astra-migrate-meta-layouts":"set","ast-page-background-enabled":"default","ast-page-background-meta":{"desktop":{"background-color":"var(--ast-global-color-4)","background-image":"","background-repeat":"repeat","background-position":"center center","background-size":"auto","background-attachment":"scroll","background-type":"","background-media":"","overlay-type":"","overlay-color":"","overlay-opacity":"","overlay-gradient":""},"tablet":{"background-color":"","background-image":"","background-repeat":"repeat","background-position":"center center","background-size":"auto","background-attachment":"scroll","background-type":"","background-media":"","overlay-type":"","overlay-color":"","overlay-opacity":"","overlay-gradient":""},"mobile":{"background-color":"","background-image":"","background-repeat":"repeat","background-position":"center center","background-size":"auto","background-attachment":"scroll","background-type":"","background-media":"","overlay-type":"","overlay-color":"","overlay-opacity":"","overlay-gradient":""}},"ast-content-background-meta":{"desktop":{"background-color":"var(--ast-global-color-5)","background-image":"","background-repeat":"repeat","background-position":"center center","background-size":"auto","background-attachment":"scroll","background-type":"","background-media":"","overlay-type":"","overlay-color":"","overlay-opacity":"","overlay-gradient":""},"tablet":{"background-color":"var(--ast-global-color-5)","background-image":"","background-repeat":"repeat","background-position":"center center","background-size":"auto","background-attachment":"scroll","background-type":"","background-media":"","overlay-type":"","overlay-color":"","overlay-opacity":"","overlay-gradient":""},"mobile":{"background-color":"var(--ast-global-color-5)","background-image":"","background-repeat":"repeat","background-position":"center center","background-size":"auto","background-attachment":"scroll","background-type":"","background-media":"","overlay-type":"","overlay-color":"","overlay-opacity":"","overlay-gradient":""}}},"product_brand":[],"product_cat":[277],"product_tag":[],"class_list":{"0":"post-27267","1":"product","2":"type-product","3":"status-publish","4":"has-post-thumbnail","6":"product_cat-bautizo-faldones","7":"desktop-align-left","8":"tablet-align-left","9":"mobile-align-left","10":"ast-product-gallery-layout-horizontal-slider","11":"ast-magnify-disabled","12":"ast-product-single-variable","14":"first","15":"instock","16":"shipping-taxable","17":"purchasable","18":"product-type-variable"},"acf":[],"_links":{"self":[{"href":"https:\/\/amayaforkids.com\/en\/wp-json\/wp\/v2\/product\/27267","targetHints":{"allow":["GET"]}}],"collection":[{"href":"https:\/\/amayaforkids.com\/en\/wp-json\/wp\/v2\/product"}],"about":[{"href":"https:\/\/amayaforkids.com\/en\/wp-json\/wp\/v2\/types\/product"}],"replies":[{"embeddable":true,"href":"https:\/\/amayaforkids.com\/en\/wp-json\/wp\/v2\/comments?post=27267"}],"version-history":[{"count":1,"href":"https:\/\/amayaforkids.com\/en\/wp-json\/wp\/v2\/product\/27267\/revisions"}],"predecessor-version":[{"id":27277,"href":"https:\/\/amayaforkids.com\/en\/wp-json\/wp\/v2\/product\/27267\/revisions\/27277"}],"wp:featuredmedia":[{"embeddable":true,"href":"https:\/\/amayaforkids.com\/en\/wp-json\/wp\/v2\/media\/27276"}],"wp:attachment":[{"href":"https:\/\/amayaforkids.com\/en\/wp-json\/wp\/v2\/media?parent=27267"}],"wp:term":[{"taxonomy":"product_brand","embeddable":true,"href":"https:\/\/amayaforkids.com\/en\/wp-json\/wp\/v2\/product_brand?post=27267"},{"taxonomy":"product_cat","embeddable":true,"href":"https:\/\/amayaforkids.com\/en\/wp-json\/wp\/v2\/product_cat?post=27267"},{"taxonomy":"product_tag","embeddable":true,"href":"https:\/\/amayaforkids.com\/en\/wp-json\/wp\/v2\/product_tag?post=27267"}],"curies":[{"name":"wp","href":"https:\/\/api.w.org\/{rel}","templated":true}]}}