{"id":27161,"date":"2025-12-16T16:51:28","date_gmt":"2025-12-16T15:51:28","guid":{"rendered":"https:\/\/amayaforkids.com\/?post_type=product&#038;p=27161"},"modified":"2026-04-07T19:33:37","modified_gmt":"2026-04-07T17:33:37","slug":"pelele-dolce-linen","status":"publish","type":"product","link":"https:\/\/amayaforkids.com\/en\/product-2\/pelele-dolce-linen\/","title":{"rendered":"Pelele Dolce Linen"},"content":{"rendered":"<p>Coqueto pelele de beb\u00e9 de manga corta de la colecci\u00f3n Dolce Linen, que va haciendo una bonita pechera con un juego de entredoses crudos sobre una base de lino tostado, que contin\u00faa por la espalda el juego de entredoses para mantener cada detalle de este bonito pelele. La parte inferior va algo frundica para aportar comodidad al beb\u00e9, adem\u00e1s de ir forrada en popel\u00edn crudo y queda recogida en la cinturilla por una cinta de lino tostado. Y por supuesto, puedes completar el look con los zapatitos, capota, el pack de babero, chupetero y pa\u00f1uelo, todo a juego y as\u00ed hacerlo a\u00fan m\u00e1s especial para un d\u00eda inolvidable.<\/p>\n<p>&nbsp;<\/p>","protected":false},"excerpt":{"rendered":"<p>Pelele de beb\u00e9 de manga corta de la colecci\u00f3n Dolce Linen, con una bonita pechera que hace juego de entredoses crudos sobre una base de lino tostado y contin\u00faa por la espalda. La parte inferior, algo frundica y forrada en popel\u00edn crudo, queda recogida en la cinturilla por una cinta de lino tostado. Puedes completar el look con los zapatitos, capota, el pack de babero, chupetero y pa\u00f1uelo,\u00a0 todo a juego.<\/p>\n<p>&nbsp;<\/p>","protected":false},"featured_media":27169,"comment_status":"closed","ping_status":"closed","template":"","meta":{"_acf_changed":false,"site-sidebar-layout":"default","site-content-layout":"","ast-site-content-layout":"default","site-content-style":"default","site-sidebar-style":"default","ast-global-header-display":"","ast-banner-title-visibility":"","ast-main-header-display":"","ast-hfb-above-header-display":"","ast-hfb-below-header-display":"","ast-hfb-mobile-header-display":"","site-post-title":"","ast-breadcrumbs-content":"","ast-featured-img":"","footer-sml-layout":"","ast-disable-related-posts":"","theme-transparent-header-meta":"default","adv-header-id-meta":"","stick-header-meta":"","header-above-stick-meta":"","header-main-stick-meta":"","header-below-stick-meta":"","astra-migrate-meta-layouts":"set","ast-page-background-enabled":"default","ast-page-background-meta":{"desktop":{"background-color":"var(--ast-global-color-4)","background-image":"","background-repeat":"repeat","background-position":"center center","background-size":"auto","background-attachment":"scroll","background-type":"","background-media":"","overlay-type":"","overlay-color":"","overlay-opacity":"","overlay-gradient":""},"tablet":{"background-color":"","background-image":"","background-repeat":"repeat","background-position":"center center","background-size":"auto","background-attachment":"scroll","background-type":"","background-media":"","overlay-type":"","overlay-color":"","overlay-opacity":"","overlay-gradient":""},"mobile":{"background-color":"","background-image":"","background-repeat":"repeat","background-position":"center center","background-size":"auto","background-attachment":"scroll","background-type":"","background-media":"","overlay-type":"","overlay-color":"","overlay-opacity":"","overlay-gradient":""}},"ast-content-background-meta":{"desktop":{"background-color":"var(--ast-global-color-5)","background-image":"","background-repeat":"repeat","background-position":"center center","background-size":"auto","background-attachment":"scroll","background-type":"","background-media":"","overlay-type":"","overlay-color":"","overlay-opacity":"","overlay-gradient":""},"tablet":{"background-color":"var(--ast-global-color-5)","background-image":"","background-repeat":"repeat","background-position":"center center","background-size":"auto","background-attachment":"scroll","background-type":"","background-media":"","overlay-type":"","overlay-color":"","overlay-opacity":"","overlay-gradient":""},"mobile":{"background-color":"var(--ast-global-color-5)","background-image":"","background-repeat":"repeat","background-position":"center center","background-size":"auto","background-attachment":"scroll","background-type":"","background-media":"","overlay-type":"","overlay-color":"","overlay-opacity":"","overlay-gradient":""}}},"product_brand":[],"product_cat":[278],"product_tag":[],"class_list":{"0":"post-27161","1":"product","2":"type-product","3":"status-publish","4":"has-post-thumbnail","6":"product_cat-bautizo-peleles","7":"desktop-align-left","8":"tablet-align-left","9":"mobile-align-left","10":"ast-product-gallery-layout-horizontal-slider","11":"ast-magnify-disabled","12":"ast-product-single-variable","14":"first","15":"instock","16":"shipping-taxable","17":"purchasable","18":"product-type-variable"},"acf":[],"_links":{"self":[{"href":"https:\/\/amayaforkids.com\/en\/wp-json\/wp\/v2\/product\/27161","targetHints":{"allow":["GET"]}}],"collection":[{"href":"https:\/\/amayaforkids.com\/en\/wp-json\/wp\/v2\/product"}],"about":[{"href":"https:\/\/amayaforkids.com\/en\/wp-json\/wp\/v2\/types\/product"}],"replies":[{"embeddable":true,"href":"https:\/\/amayaforkids.com\/en\/wp-json\/wp\/v2\/comments?post=27161"}],"version-history":[{"count":1,"href":"https:\/\/amayaforkids.com\/en\/wp-json\/wp\/v2\/product\/27161\/revisions"}],"predecessor-version":[{"id":27172,"href":"https:\/\/amayaforkids.com\/en\/wp-json\/wp\/v2\/product\/27161\/revisions\/27172"}],"wp:featuredmedia":[{"embeddable":true,"href":"https:\/\/amayaforkids.com\/en\/wp-json\/wp\/v2\/media\/27169"}],"wp:attachment":[{"href":"https:\/\/amayaforkids.com\/en\/wp-json\/wp\/v2\/media?parent=27161"}],"wp:term":[{"taxonomy":"product_brand","embeddable":true,"href":"https:\/\/amayaforkids.com\/en\/wp-json\/wp\/v2\/product_brand?post=27161"},{"taxonomy":"product_cat","embeddable":true,"href":"https:\/\/amayaforkids.com\/en\/wp-json\/wp\/v2\/product_cat?post=27161"},{"taxonomy":"product_tag","embeddable":true,"href":"https:\/\/amayaforkids.com\/en\/wp-json\/wp\/v2\/product_tag?post=27161"}],"curies":[{"name":"wp","href":"https:\/\/api.w.org\/{rel}","templated":true}]}}