{"id":27154,"date":"2025-12-16T16:42:46","date_gmt":"2025-12-16T15:42:46","guid":{"rendered":"https:\/\/amayaforkids.com\/?post_type=product&#038;p=27154"},"modified":"2026-04-14T08:30:05","modified_gmt":"2026-04-14T06:30:05","slug":"manta-huve","status":"publish","type":"product","link":"https:\/\/amayaforkids.com\/en\/product-2\/manta-huve\/","title":{"rendered":"Manta Huve"},"content":{"rendered":"<p>Nuestra manta de entretiempo es ideal para envolver a nuestro beb\u00e9 para ocasiones especiales. Y a su vez, con cada uno de sus detalles consigues completar el look de ese evento. Posee 2 volantes en laterales, para no recargarla demasiado. Pero tambi\u00e9n lleva un bonito entredos con detalles tostados por todo su alrededor que la hace a\u00fan m\u00e1s dulce y perfectamente combinable con la colecci\u00f3n Huve&#8230;Sin embargo, puede quedar ideal con cualquier otra de nuestras familias de bautizo. Cuenta con un finito y amoldable relleno y forro exterior para darle a nuestro beb\u00e9 toda la suavidad que necesita.<\/p>","protected":false},"excerpt":{"rendered":"<p>Manta de entretiempo ideal para envolver a nuestro beb\u00e9 para ocasiones especiales. Posee 2 volantes en laterales y lleva un bonito entredos con detalles tostados. Cuenta con un finito y amoldable relleno y forro exterior que aportan a\u00fan m\u00e1s suavidad. Ideal con la colecci\u00f3n Huve.<\/p>","protected":false},"featured_media":27155,"comment_status":"closed","ping_status":"closed","template":"","meta":{"_acf_changed":false,"site-sidebar-layout":"default","site-content-layout":"","ast-site-content-layout":"default","site-content-style":"default","site-sidebar-style":"default","ast-global-header-display":"","ast-banner-title-visibility":"","ast-main-header-display":"","ast-hfb-above-header-display":"","ast-hfb-below-header-display":"","ast-hfb-mobile-header-display":"","site-post-title":"","ast-breadcrumbs-content":"","ast-featured-img":"","footer-sml-layout":"","ast-disable-related-posts":"","theme-transparent-header-meta":"default","adv-header-id-meta":"","stick-header-meta":"","header-above-stick-meta":"","header-main-stick-meta":"","header-below-stick-meta":"","astra-migrate-meta-layouts":"set","ast-page-background-enabled":"default","ast-page-background-meta":{"desktop":{"background-color":"var(--ast-global-color-4)","background-image":"","background-repeat":"repeat","background-position":"center center","background-size":"auto","background-attachment":"scroll","background-type":"","background-media":"","overlay-type":"","overlay-color":"","overlay-opacity":"","overlay-gradient":""},"tablet":{"background-color":"","background-image":"","background-repeat":"repeat","background-position":"center center","background-size":"auto","background-attachment":"scroll","background-type":"","background-media":"","overlay-type":"","overlay-color":"","overlay-opacity":"","overlay-gradient":""},"mobile":{"background-color":"","background-image":"","background-repeat":"repeat","background-position":"center center","background-size":"auto","background-attachment":"scroll","background-type":"","background-media":"","overlay-type":"","overlay-color":"","overlay-opacity":"","overlay-gradient":""}},"ast-content-background-meta":{"desktop":{"background-color":"var(--ast-global-color-5)","background-image":"","background-repeat":"repeat","background-position":"center center","background-size":"auto","background-attachment":"scroll","background-type":"","background-media":"","overlay-type":"","overlay-color":"","overlay-opacity":"","overlay-gradient":""},"tablet":{"background-color":"var(--ast-global-color-5)","background-image":"","background-repeat":"repeat","background-position":"center center","background-size":"auto","background-attachment":"scroll","background-type":"","background-media":"","overlay-type":"","overlay-color":"","overlay-opacity":"","overlay-gradient":""},"mobile":{"background-color":"var(--ast-global-color-5)","background-image":"","background-repeat":"repeat","background-position":"center center","background-size":"auto","background-attachment":"scroll","background-type":"","background-media":"","overlay-type":"","overlay-color":"","overlay-opacity":"","overlay-gradient":""}}},"product_brand":[],"product_cat":[273],"product_tag":[],"class_list":{"0":"post-27154","1":"product","2":"type-product","3":"status-publish","4":"has-post-thumbnail","6":"product_cat-bautizo-accesorios","7":"desktop-align-left","8":"tablet-align-left","9":"mobile-align-left","10":"ast-product-gallery-layout-horizontal-slider","11":"ast-product-gallery-with-no-image","12":"ast-magnify-disabled","13":"ast-product-single-variable","15":"first","16":"instock","17":"shipping-taxable","18":"purchasable","19":"product-type-variable"},"acf":[],"_links":{"self":[{"href":"https:\/\/amayaforkids.com\/en\/wp-json\/wp\/v2\/product\/27154","targetHints":{"allow":["GET"]}}],"collection":[{"href":"https:\/\/amayaforkids.com\/en\/wp-json\/wp\/v2\/product"}],"about":[{"href":"https:\/\/amayaforkids.com\/en\/wp-json\/wp\/v2\/types\/product"}],"replies":[{"embeddable":true,"href":"https:\/\/amayaforkids.com\/en\/wp-json\/wp\/v2\/comments?post=27154"}],"version-history":[{"count":1,"href":"https:\/\/amayaforkids.com\/en\/wp-json\/wp\/v2\/product\/27154\/revisions"}],"predecessor-version":[{"id":27160,"href":"https:\/\/amayaforkids.com\/en\/wp-json\/wp\/v2\/product\/27154\/revisions\/27160"}],"wp:featuredmedia":[{"embeddable":true,"href":"https:\/\/amayaforkids.com\/en\/wp-json\/wp\/v2\/media\/27155"}],"wp:attachment":[{"href":"https:\/\/amayaforkids.com\/en\/wp-json\/wp\/v2\/media?parent=27154"}],"wp:term":[{"taxonomy":"product_brand","embeddable":true,"href":"https:\/\/amayaforkids.com\/en\/wp-json\/wp\/v2\/product_brand?post=27154"},{"taxonomy":"product_cat","embeddable":true,"href":"https:\/\/amayaforkids.com\/en\/wp-json\/wp\/v2\/product_cat?post=27154"},{"taxonomy":"product_tag","embeddable":true,"href":"https:\/\/amayaforkids.com\/en\/wp-json\/wp\/v2\/product_tag?post=27154"}],"curies":[{"name":"wp","href":"https:\/\/api.w.org\/{rel}","templated":true}]}}