{"id":13826,"date":"2024-08-23T19:21:57","date_gmt":"2024-08-23T17:21:57","guid":{"rendered":"https:\/\/amayaforkids.com\/?post_type=product&#038;p=13826"},"modified":"2025-05-26T12:17:16","modified_gmt":"2025-05-26T10:17:16","slug":"cotton-flower-bib","status":"publish","type":"product","link":"https:\/\/amayaforkids.com\/en\/product-2\/cotton-flower-bib\/","title":{"rendered":"Personalised hand embroidered Cotton Flower Bibs"},"content":{"rendered":"<div dir=\"auto\">Con forma curva y todo a conjunto para que no llame la atenci\u00f3n al colocarlo a nuestro peque; el babero est\u00e1 elaborado sobre la base de batista de algod\u00f3n con su perfil de yute tostado y con los juegos de puntilla, para poder mantener el pechito de tu beb\u00e9 seco.<\/div>\n<div dir=\"auto\">Lo puedes personalizar con su nombre bordado a mano en cadeneta.<\/div>\n<div dir=\"auto\"><\/div>\n<div class=\"elementor-element elementor-element-19bd7f1 e-con-full e-flex e-con e-parent\" data-id=\"19bd7f1\" data-element_type=\"container\">\n<div class=\"elementor-element elementor-element-b9d9c66 e-con-full e-flex e-con e-child\" data-id=\"b9d9c66\" data-element_type=\"container\">\n<div class=\"elementor-element elementor-element-470e4a4 e-con-full e-flex e-con e-child\" data-id=\"470e4a4\" data-element_type=\"container\">\n<div class=\"elementor-element elementor-element-ad645c3 elementor-hidden-tablet elementor-hidden-mobile premium-tabs-icon-row elementor-widget elementor-widget-premium-addon-tabs\" style=\"box-sizing: border-box; --flex-direction: initial; --flex-wrap: initial; --justify-content: initial; --align-items: initial; --align-content: initial; --gap: initial; --flex-basis: initial; --flex-grow: initial; --flex-shrink: initial; --order: initial; --align-self: initial; flex-basis: var(--flex-basis); flex-grow: var(--flex-grow); flex-shrink: var(--flex-shrink); order: var(--order); align-self: var(--align-self); flex-direction: var(--flex-direction); flex-wrap: var(--flex-wrap); justify-content: var(--justify-content); align-items: var(--align-items); align-content: var(--align-content); gap: var(--gap); position: relative; --swiper-theme-color: #000; --swiper-navigation-size: 44px; --swiper-pagination-bullet-size: 6px; --swiper-pagination-bullet-horizontal-gap: 6px; --widgets-spacing: 20px 20px; margin-bottom: 20px; min-width: 0px; margin-block-end: 0px; max-width: 100%;\" data-id=\"ad645c3\" data-element_type=\"widget\" data-settings=\"{&quot;premium_tabs_repeater&quot;:[{&quot;premium_tabs_title&quot;:&quot;Descripciu00f3n&quot;,&quot;_id&quot;:&quot;d12f436&quot;,&quot;__dynamic__&quot;:{&quot;premium_tabs_content_text&quot;:&quot;[elementor-tag id=&quot;e4c7230&quot; name=&quot;woocommerce-product-content-tag&quot; settings=&quot;%7B%7D&quot;]&quot;},&quot;premium_tabs_icon_switcher&quot;:&quot;&quot;,&quot;icon_type&quot;:null,&quot;premium_tabs_icon_updated&quot;:null,&quot;image_upload&quot;:null,&quot;custom_svg&quot;:null,&quot;lottie_url&quot;:null,&quot;draw_svg&quot;:null,&quot;lottie_loop&quot;:null,&quot;lottie_reverse&quot;:null,&quot;premium_tabs_content&quot;:&quot;text_editor&quot;,&quot;premium_tabs_content_text&quot;:&quot;Vestido de niu00f1a confeccionado en lino crudo. Espalda en escote de pico con detalle de volante fruncido en el mismo tejido. Manga francesa rematada con volante fruncido. Lazada en lino disponible en color azul, granate, crudo, verde botella, maquillaje, tostado y verde agua, tambiu00e9n puedes combinarlo con la lazada en &lt;em&gt;viella&lt;\/em&gt; granate con estampaciu00f3n floral Liberty. Cierre en espalda mediante botones nacarados. Vestido con forro. En interior de la falda cuenta con una capa de tul para dar unu00a0 mayor volumen al vestido.rnrn&lt;strong&gt;Fabricado en Espau00f1a.&lt;\/strong&gt; Todas nuestras prendas estu00e1n confeccionadas en nuestros talleres de Km0, con un exhaustivo control de calidad. Confeccionar en la provincia de Alicante con talleres cercanos y en el resto de la geografu00eda espau00f1ola, es el escenario de nuestra firma.&quot;,&quot;live_temp_content&quot;:null,&quot;premium_tabs_content_temp&quot;:null,&quot;custom_tab_navigation&quot;:&quot;&quot;},{&quot;premium_tabs_title&quot;:&quot;Talla y corte&quot;,&quot;_id&quot;:&quot;2f861ca&quot;,&quot;premium_tabs_content_text&quot;:&quot;Manga Francesa. Silueta acampanada. La niu00f1a lleva una talla 4. Consulte la guu00eda de tallas para mu00e1s informaciu00f3n.&quot;,&quot;__dynamic__&quot;:{&quot;premium_tabs_content_text&quot;:&quot;[elementor-tag id=&quot;8ce615b&quot; name=&quot;acf-text&quot; settings=&quot;%7B%22key%22%3A%22field_65f2de74b719c%3Atalla_y_corte%22%7D&quot;]&quot;},&quot;premium_tabs_icon_switcher&quot;:&quot;&quot;,&quot;icon_type&quot;:null,&quot;premium_tabs_icon_updated&quot;:null,&quot;image_upload&quot;:null,&quot;custom_svg&quot;:null,&quot;lottie_url&quot;:null,&quot;draw_svg&quot;:null,&quot;lottie_loop&quot;:null,&quot;lottie_reverse&quot;:null,&quot;premium_tabs_content&quot;:&quot;text_editor&quot;,&quot;live_temp_content&quot;:null,&quot;premium_tabs_content_temp&quot;:null,&quot;custom_tab_navigation&quot;:&quot;&quot;},{&quot;premium_tabs_title&quot;:&quot;Envu00edos y devoluciones&quot;,&quot;premium_tabs_content_text&quot;:&quot;&lt;p&gt;&lt;span style=&quot;text-decoration: underline;&quot;&gt;PLAZOS DE PREPARACIu00d3N:&lt;\/span&gt;u00a0 entre 3 y 6 du00edas hu00e1biles (de lunes a viernes), dependiendo del modelo, mu00e1s el plazo de envu00edo.&lt;br \/&gt;*Para los modelos de u201cPre-Orderu201d el periodo de preparaciu00f3n puede ser de 10 a 12 du00edas hu00e1biles (de lunes a viernes).&lt;\/p&gt;&lt;p&gt;&lt;span style=&quot;text-decoration: underline;&quot;&gt;PLAZO DE ENVu00cdO:&lt;\/span&gt;&lt;br \/&gt;PENINSULAR (ESPAu00d1A Y PORTUGAL) Gratis 24\/48HORAS&lt;br \/&gt;BALEARES 15,00 u20ac DE 2 A 4 Du00cdAS.&lt;br \/&gt;CANARIAS * 20,00 u20ac DE 3 A 5 Du00cdAS.&lt;br \/&gt;CEUTA* 34,00 u20ac DE 2 A 4 Du00cdAS.&lt;br \/&gt;MELILLA* 18,00 u20ac DE 2 A 4 Du00cdAS.&lt;\/p&gt;&lt;p&gt;&lt;span style=&quot;text-decoration: underline;&quot;&gt;CAMBIOS Y DEVOLUCIONES: &lt;\/span&gt;Dispone de un plazo de 15 du00edas desde la recepciu00f3n del pedido para realizar una devoluciu00f3n o un cambio. El producto debe estar en perfectas condiciones. Los gastos de envu00edo ocasionados por los cambios y\/o devoluciones, correru00e1n a cargo del cliente, excepto para los pedidos Peninsulares (Espau00f1a Penu00ednsula y Portugal). No se admiten ni cambios ni devoluciones de los modelos realizados en Pre-Order. Estos modelos se confeccionan bajo pedido, en exclusivo para ti, por lo que no podemos aceptar ni el cambio ni la devoluciu00f3n. Para mu00e1s informaciu00f3n, consulte nuestra &lt;a href=&quot;https:\/\/amayaforkids.com\/cambios-y-devoluciones\/&quot; data-wplink-url-error=&quot;true&quot;&gt;polu00edtica de cambios y devoluciones&lt;\/a&gt;.&lt;\/p&gt;&quot;,&quot;_id&quot;:&quot;20fb75c&quot;,&quot;premium_tabs_icon_switcher&quot;:&quot;&quot;,&quot;icon_type&quot;:null,&quot;premium_tabs_icon_updated&quot;:null,&quot;image_upload&quot;:null,&quot;custom_svg&quot;:null,&quot;lottie_url&quot;:null,&quot;draw_svg&quot;:null,&quot;lottie_loop&quot;:null,&quot;lottie_reverse&quot;:null,&quot;premium_tabs_content&quot;:&quot;text_editor&quot;,&quot;live_temp_content&quot;:null,&quot;premium_tabs_content_temp&quot;:null,&quot;custom_tab_navigation&quot;:&quot;&quot;}],&quot;accordion_tabs&quot;:&quot;true&quot;,&quot;premium_tab_background_color&quot;:&quot;#FFFFFF&quot;,&quot;default_tab_index&quot;:0,&quot;premium_tab_type&quot;:&quot;horizontal&quot;,&quot;premium_tab_style_selected&quot;:&quot;style1&quot;,&quot;accordion_tabs_devices&quot;:[&quot;tablet&quot;,&quot;mobile&quot;],&quot;accordion_tabs_anim_duration&quot;:&quot;fast&quot;}\" data-widget_type=\"premium-addon-tabs.default\">\n<div class=\"elementor-widget-container\">\n<div id=\"premium-tabs-ad645c3\" class=\"premium-tabs premium-tabs-style-iconbox premium-tabs-horizontal\" data-navigation=\"[&quot;&quot;,&quot;&quot;,&quot;&quot;]\">\n<div class=\"premium-content-wrap premium-tabs-horizontal\">\n<section id=\"section-iconbox-0-ad645c3\" class=\"premium-tabs-content-section content-current\">\n<div class=\"premium-tab-content\"><strong>Fabricado en Espa\u00f1a.<\/strong> Todas nuestras prendas est\u00e1n confeccionadas en nuestros talleres de proximidad, con un exhaustivo control de calidad. Confeccionar en la provincia de Alicante con talleres cercanos y en el resto de la geograf\u00eda espa\u00f1ola, es el escenario de nuestra firma.<\/div>\n<div><\/div>\n<\/section>\n<\/div>\n<\/div>\n<\/div>\n<\/div>\n<\/div>\n<\/div>\n<\/div>\n<div class=\"elementor-element elementor-element-a5c00e5 e-con-full e-flex e-con e-parent\" data-id=\"a5c00e5\" data-element_type=\"container\">\n<div class=\"elementor-widget-container\"><strong>Personalizar<\/strong>. Cuando indiques tus datos de env\u00edo, en el campo Notas del Pedido ind\u00edcanos el nombre que deseas bordar.<\/div>\n<\/div>\n","protected":false},"excerpt":{"rendered":"<p>Baby bib in cotton batiste with toasted jute outline.<\/p>\n<p><strong>Customise<\/strong>. When you enter your shipping details, please indicate the name you wish to embroider in the Order Notes field.<\/p>","protected":false},"featured_media":13833,"comment_status":"closed","ping_status":"closed","template":"","meta":{"_acf_changed":false,"site-sidebar-layout":"default","site-content-layout":"","ast-site-content-layout":"default","site-content-style":"default","site-sidebar-style":"default","ast-global-header-display":"","ast-banner-title-visibility":"","ast-main-header-display":"","ast-hfb-above-header-display":"","ast-hfb-below-header-display":"","ast-hfb-mobile-header-display":"","site-post-title":"","ast-breadcrumbs-content":"","ast-featured-img":"","footer-sml-layout":"","ast-disable-related-posts":"","theme-transparent-header-meta":"default","adv-header-id-meta":"","stick-header-meta":"default","header-above-stick-meta":"","header-main-stick-meta":"","header-below-stick-meta":"","astra-migrate-meta-layouts":"set","ast-page-background-enabled":"default","ast-page-background-meta":{"desktop":{"background-color":"var(--ast-global-color-4)","background-image":"","background-repeat":"repeat","background-position":"center center","background-size":"auto","background-attachment":"scroll","background-type":"","background-media":"","overlay-type":"","overlay-color":"","overlay-opacity":"","overlay-gradient":""},"tablet":{"background-color":"","background-image":"","background-repeat":"repeat","background-position":"center center","background-size":"auto","background-attachment":"scroll","background-type":"","background-media":"","overlay-type":"","overlay-color":"","overlay-opacity":"","overlay-gradient":""},"mobile":{"background-color":"","background-image":"","background-repeat":"repeat","background-position":"center center","background-size":"auto","background-attachment":"scroll","background-type":"","background-media":"","overlay-type":"","overlay-color":"","overlay-opacity":"","overlay-gradient":""}},"ast-content-background-meta":{"desktop":{"background-color":"var(--ast-global-color-5)","background-image":"","background-repeat":"repeat","background-position":"center center","background-size":"auto","background-attachment":"scroll","background-type":"","background-media":"","overlay-type":"","overlay-color":"","overlay-opacity":"","overlay-gradient":""},"tablet":{"background-color":"var(--ast-global-color-5)","background-image":"","background-repeat":"repeat","background-position":"center center","background-size":"auto","background-attachment":"scroll","background-type":"","background-media":"","overlay-type":"","overlay-color":"","overlay-opacity":"","overlay-gradient":""},"mobile":{"background-color":"var(--ast-global-color-5)","background-image":"","background-repeat":"repeat","background-position":"center center","background-size":"auto","background-attachment":"scroll","background-type":"","background-media":"","overlay-type":"","overlay-color":"","overlay-opacity":"","overlay-gradient":""}}},"product_brand":[],"product_cat":[757],"product_tag":[],"class_list":{"0":"post-13826","1":"product","2":"type-product","3":"status-publish","4":"has-post-thumbnail","6":"product_cat-babero-b","7":"desktop-align-left","8":"tablet-align-left","9":"mobile-align-left","10":"ast-product-gallery-layout-horizontal-slider","11":"ast-magnify-disabled","13":"first","14":"onbackorder","15":"shipping-taxable","16":"purchasable","17":"product-type-simple"},"acf":[],"_links":{"self":[{"href":"https:\/\/amayaforkids.com\/en\/wp-json\/wp\/v2\/product\/13826","targetHints":{"allow":["GET"]}}],"collection":[{"href":"https:\/\/amayaforkids.com\/en\/wp-json\/wp\/v2\/product"}],"about":[{"href":"https:\/\/amayaforkids.com\/en\/wp-json\/wp\/v2\/types\/product"}],"replies":[{"embeddable":true,"href":"https:\/\/amayaforkids.com\/en\/wp-json\/wp\/v2\/comments?post=13826"}],"version-history":[{"count":1,"href":"https:\/\/amayaforkids.com\/en\/wp-json\/wp\/v2\/product\/13826\/revisions"}],"predecessor-version":[{"id":24597,"href":"https:\/\/amayaforkids.com\/en\/wp-json\/wp\/v2\/product\/13826\/revisions\/24597"}],"wp:featuredmedia":[{"embeddable":true,"href":"https:\/\/amayaforkids.com\/en\/wp-json\/wp\/v2\/media\/13833"}],"wp:attachment":[{"href":"https:\/\/amayaforkids.com\/en\/wp-json\/wp\/v2\/media?parent=13826"}],"wp:term":[{"taxonomy":"product_brand","embeddable":true,"href":"https:\/\/amayaforkids.com\/en\/wp-json\/wp\/v2\/product_brand?post=13826"},{"taxonomy":"product_cat","embeddable":true,"href":"https:\/\/amayaforkids.com\/en\/wp-json\/wp\/v2\/product_cat?post=13826"},{"taxonomy":"product_tag","embeddable":true,"href":"https:\/\/amayaforkids.com\/en\/wp-json\/wp\/v2\/product_tag?post=13826"}],"curies":[{"name":"wp","href":"https:\/\/api.w.org\/{rel}","templated":true}]}}