{"id":9283,"date":"2024-07-02T10:59:33","date_gmt":"2024-07-02T08:59:33","guid":{"rendered":"https:\/\/amayaforkids.com\/?page_id=9283"},"modified":"2025-09-25T11:57:37","modified_gmt":"2025-09-25T09:57:37","slug":"communion-dresses-alicante","status":"publish","type":"page","link":"https:\/\/amayaforkids.com\/en\/communion-dresses-alicante\/","title":{"rendered":"Communion Dresses Alicante"},"content":{"rendered":"<div data-elementor-type=\"wp-page\" data-elementor-id=\"9283\" class=\"elementor elementor-9283\" data-elementor-post-type=\"page\">\n\t\t\t\t<div class=\"elementor-element elementor-element-6099809d e-flex e-con-boxed e-con e-parent\" data-id=\"6099809d\" data-element_type=\"container\" data-e-type=\"container\">\n\t\t\t\t\t<div class=\"e-con-inner\">\n\t\t\t\t<div class=\"elementor-element elementor-element-371a7001 elementor-widget elementor-widget-heading\" data-id=\"371a7001\" data-element_type=\"widget\" data-e-type=\"widget\" data-widget_type=\"heading.default\">\n\t\t\t\t<div class=\"elementor-widget-container\">\n\t\t\t\t\t<h1 class=\"elementor-heading-title elementor-size-default\">Communion dresses Alicante<\/h1>\t\t\t\t<\/div>\n\t\t\t\t<\/div>\n\t\t\t\t\t<\/div>\n\t\t\t\t<\/div>\n\t\t<div class=\"elementor-element elementor-element-1d6b45be e-flex e-con-boxed e-con e-parent\" data-id=\"1d6b45be\" data-element_type=\"container\" data-e-type=\"container\">\n\t\t\t\t\t<div class=\"e-con-inner\">\n\t\t<div class=\"elementor-element elementor-element-73261c68 e-con-full e-flex e-con e-child\" data-id=\"73261c68\" data-element_type=\"container\" data-e-type=\"container\">\n\t\t\t\t<div class=\"elementor-element elementor-element-39031270 elementor-widget elementor-widget-text-editor\" data-id=\"39031270\" data-element_type=\"widget\" data-e-type=\"widget\" data-widget_type=\"text-editor.default\">\n\t\t\t\t<div class=\"elementor-widget-container\">\n\t\t\t\t\t\t\t\t\t<p><b><i>Are you looking for a communion dress for your little girl in Alicante?<\/i><\/b><\/p><p><span style=\"font-weight: 400;\">At Amaya fashion for kids we offer you <\/span><b>solutions to make unique the communion dress in Alicante of your little girl<\/b><span style=\"font-weight: 400;\">and make it stand out on one of the most important days for her, and also for you.<\/span><\/p><p><span style=\"font-weight: 400;\">In the communion collection 2026,<\/span><i><span style=\"font-weight: 400;\"> Essence <\/span><\/i><span style=\"font-weight: 400;\">You have a wide variety of bows and sashes in different tones and fabrics, different sleeve options, floral decorations, and accessories such as crowns, hairpins and hairpins, which will allow you to create the perfect combination to match the essence and theme that you have chosen for the celebration of the communion in Alicante.<\/span><\/p><h2><span style=\"font-weight: 400;\">Communion dresses shops in Alicante: points of sale and location<\/span><\/h2><p><span style=\"font-weight: 400;\">If you're looking for communion dresses near me, you've come to the right place: <\/span><span style=\"font-weight: 400;\">it doesn't matter if you're from the interior or the coast, from the north or the south of the province, because <\/span><b>you can find our Communion dresses in Alicante that you are looking for.<\/b><span style=\"font-weight: 400;\">through the sales outlets in cities such as<\/span><span style=\"font-weight: 400;\">:<\/span><\/p><ul><li style=\"font-weight: 400;\" aria-level=\"1\"><span style=\"font-weight: 400;\">Piccolos,C\/ Salvador, N\u00ba 23 De Elche.<\/span><\/li><li style=\"font-weight: 400;\" aria-level=\"1\"><span style=\"font-weight: 400;\">Nanos Altea, C\/ Conde De Altea, 45, Altea.<\/span><\/li><li style=\"font-weight: 400;\" aria-level=\"1\"><span style=\"font-weight: 400;\">El Desv\u00e1n De Aitana, C\/ Tosqueres, 8 De Moraira.<\/span><\/li><li style=\"font-weight: 400;\" aria-level=\"1\"><span style=\"font-weight: 400;\">Notajunto, C\/ Elx, N\u00ba 5 De Mutxamel<\/span><\/li><li style=\"font-weight: 400;\" aria-level=\"1\"><span style=\"font-weight: 400;\">Rica-Hnova, C\/ Entenza, 32 De Alcoy<\/span><\/li><li style=\"font-weight: 400;\" aria-level=\"1\"><span style=\"font-weight: 400;\">Mi Tienda, C\/ Aureliano Diaz, 11-Bajo Esquina De Bigastro.<\/span><\/li><li style=\"font-weight: 400;\" aria-level=\"1\"><span style=\"font-weight: 400;\">Mandolina, C\/ Salamanca, 1 De Mon\u00f3var.<\/span><\/li><li style=\"font-weight: 400;\" aria-level=\"1\"><span style=\"font-weight: 400;\">Corbis, C\/ Juan Carlos I, 79 De Elda.<\/span><\/li><li style=\"font-weight: 400;\" aria-level=\"1\"><span style=\"font-weight: 400;\">Barrali, C\/ Jose Garcia Selles, L-21 De Alicante<\/span><\/li><li style=\"font-weight: 400;\" aria-level=\"1\"><span style=\"font-weight: 400;\">Alxander's, C\/ Capella Margall, 17 De Novelda.<\/span><\/li><li style=\"font-weight: 400;\" aria-level=\"1\"><span style=\"font-weight: 400;\">Jandy's Baby, C\/ Jaboneros, N\u00ba 15, Redov\u00e1n.<\/span><\/li><\/ul>\t\t\t\t\t\t\t\t<\/div>\n\t\t\t\t<\/div>\n\t\t\t\t<\/div>\n\t\t<div class=\"elementor-element elementor-element-6c09f7fd e-con-full e-flex e-con e-child\" data-id=\"6c09f7fd\" data-element_type=\"container\" data-e-type=\"container\">\n\t\t\t\t<div class=\"elementor-element elementor-element-30fe2486 elementor-widget elementor-widget-html\" data-id=\"30fe2486\" data-element_type=\"widget\" data-e-type=\"widget\" data-widget_type=\"html.default\">\n\t\t\t\t<div class=\"elementor-widget-container\">\n\t\t\t\t\t<iframe src=\"https:\/\/widgets.scribblemaps.com\/sm\/?d=true&z=true&l=true&id=gRYZ62RchS&s\" allow=\"geolocation\" allowfullscreen width=\"550\" height=\"550\" frameborder=\"0\" loading=\"lazy\" webkitallowfullscreen mozallowfullscreen><\/iframe>\t\t\t\t<\/div>\n\t\t\t\t<\/div>\n\t\t\t\t<\/div>\n\t\t\t\t\t<\/div>\n\t\t\t\t<\/div>\n\t\t<div class=\"elementor-element elementor-element-7d05eb9 e-flex e-con-boxed e-con e-parent\" data-id=\"7d05eb9\" data-element_type=\"container\" data-e-type=\"container\">\n\t\t\t\t\t<div class=\"e-con-inner\">\n\t\t\t\t<div class=\"elementor-element elementor-element-53ccfe19 elementor-widget elementor-widget-heading\" data-id=\"53ccfe19\" data-element_type=\"widget\" data-e-type=\"widget\" data-widget_type=\"heading.default\">\n\t\t\t\t<div class=\"elementor-widget-container\">\n\t\t\t\t\t<h2 class=\"elementor-heading-title elementor-size-default\">Find the communion dresses in Alicante that you need<\/h2>\t\t\t\t<\/div>\n\t\t\t\t<\/div>\n\t\t\t\t\t<\/div>\n\t\t\t\t<\/div>\n\t\t<div class=\"elementor-element elementor-element-66800d8d e-flex e-con-boxed e-con e-parent\" data-id=\"66800d8d\" data-element_type=\"container\" data-e-type=\"container\">\n\t\t\t\t\t<div class=\"e-con-inner\">\n\t\t<div class=\"elementor-element elementor-element-49eed017 e-con-full e-flex e-con e-child\" data-id=\"49eed017\" data-element_type=\"container\" data-e-type=\"container\">\n\t\t\t\t<div class=\"elementor-element elementor-element-169920f6 elementor-widget elementor-widget-image\" data-id=\"169920f6\" data-element_type=\"widget\" data-e-type=\"widget\" data-widget_type=\"image.default\">\n\t\t\t\t<div class=\"elementor-widget-container\">\n\t\t\t\t\t\t\t\t\t\t\t\t\t\t\t\t<a href=\"https:\/\/amayaforkids.com\/en\/celebration-kids\/infant-girl\/childrens-nursery-accessories\/\">\n\t\t\t\t\t\t\t<img loading=\"lazy\" decoding=\"async\" width=\"262\" height=\"305\" src=\"https:\/\/amayaforkids.com\/wp-content\/uploads\/2024\/07\/accesorios-comunion.jpg\" class=\"attachment-large size-large wp-image-9371\" alt=\"Amaya For Kids Communion Accessories\" srcset=\"https:\/\/amayaforkids.com\/wp-content\/uploads\/2024\/07\/accesorios-comunion.jpg 262w, https:\/\/amayaforkids.com\/wp-content\/uploads\/2024\/07\/accesorios-comunion-258x300.jpg 258w, https:\/\/amayaforkids.com\/wp-content\/uploads\/2024\/07\/accesorios-comunion-64x75.jpg 64w\" sizes=\"auto, (max-width: 262px) 100vw, 262px\" \/>\t\t\t\t\t\t\t\t<\/a>\n\t\t\t\t\t\t\t\t\t\t\t\t\t\t\t<\/div>\n\t\t\t\t<\/div>\n\t\t\t\t<\/div>\n\t\t<div class=\"elementor-element elementor-element-5e395824 e-con-full e-flex e-con e-child\" data-id=\"5e395824\" data-element_type=\"container\" data-e-type=\"container\">\n\t\t\t\t<div class=\"elementor-element elementor-element-3ecd61be elementor-widget elementor-widget-image\" data-id=\"3ecd61be\" data-element_type=\"widget\" data-e-type=\"widget\" data-widget_type=\"image.default\">\n\t\t\t\t<div class=\"elementor-widget-container\">\n\t\t\t\t\t\t\t\t\t\t\t\t\t\t\t\t<a href=\"https:\/\/amayaforkids.com\/en\/communion-2\/collection-2\/\">\n\t\t\t\t\t\t\t<img loading=\"lazy\" decoding=\"async\" width=\"262\" height=\"305\" src=\"https:\/\/amayaforkids.com\/wp-content\/uploads\/2024\/07\/coleccion-comunion.jpg\" class=\"attachment-large size-large wp-image-9372\" alt=\"Amaya For Kids Communion Collection\" srcset=\"https:\/\/amayaforkids.com\/wp-content\/uploads\/2024\/07\/coleccion-comunion.jpg 262w, https:\/\/amayaforkids.com\/wp-content\/uploads\/2024\/07\/coleccion-comunion-258x300.jpg 258w, https:\/\/amayaforkids.com\/wp-content\/uploads\/2024\/07\/coleccion-comunion-64x75.jpg 64w\" sizes=\"auto, (max-width: 262px) 100vw, 262px\" \/>\t\t\t\t\t\t\t\t<\/a>\n\t\t\t\t\t\t\t\t\t\t\t\t\t\t\t<\/div>\n\t\t\t\t<\/div>\n\t\t\t\t<\/div>\n\t\t<div class=\"elementor-element elementor-element-302cf558 e-con-full e-flex e-con e-child\" data-id=\"302cf558\" data-element_type=\"container\" data-e-type=\"container\">\n\t\t\t\t<div class=\"elementor-element elementor-element-61f3e0ae elementor-widget elementor-widget-image\" data-id=\"61f3e0ae\" data-element_type=\"widget\" data-e-type=\"widget\" data-widget_type=\"image.default\">\n\t\t\t\t<div class=\"elementor-widget-container\">\n\t\t\t\t\t\t\t\t\t\t\t\t\t\t\t\t<a href=\"https:\/\/amayaforkids.com\/en\/communion-2\/inspiration\/\">\n\t\t\t\t\t\t\t<img loading=\"lazy\" decoding=\"async\" width=\"262\" height=\"305\" src=\"https:\/\/amayaforkids.com\/wp-content\/uploads\/2024\/07\/inspiracion-comunion.jpg\" class=\"attachment-large size-large wp-image-9373\" alt=\"Amaya For Kids Communion Inspiration\" srcset=\"https:\/\/amayaforkids.com\/wp-content\/uploads\/2024\/07\/inspiracion-comunion.jpg 262w, https:\/\/amayaforkids.com\/wp-content\/uploads\/2024\/07\/inspiracion-comunion-258x300.jpg 258w, https:\/\/amayaforkids.com\/wp-content\/uploads\/2024\/07\/inspiracion-comunion-64x75.jpg 64w\" sizes=\"auto, (max-width: 262px) 100vw, 262px\" \/>\t\t\t\t\t\t\t\t<\/a>\n\t\t\t\t\t\t\t\t\t\t\t\t\t\t\t<\/div>\n\t\t\t\t<\/div>\n\t\t\t\t<\/div>\n\t\t<div class=\"elementor-element elementor-element-3c05d7ad e-con-full e-flex e-con e-child\" data-id=\"3c05d7ad\" data-element_type=\"container\" data-e-type=\"container\">\n\t\t\t\t<\/div>\n\t\t\t\t\t<\/div>\n\t\t\t\t<\/div>\n\t\t<div class=\"elementor-element elementor-element-16213fe0 e-flex e-con-boxed e-con e-parent\" data-id=\"16213fe0\" data-element_type=\"container\" data-e-type=\"container\">\n\t\t\t\t\t<div class=\"e-con-inner\">\n\t\t\t\t<div class=\"elementor-element elementor-element-78bbf537 elementor-widget elementor-widget-text-editor\" data-id=\"78bbf537\" data-element_type=\"widget\" data-e-type=\"widget\" data-widget_type=\"text-editor.default\">\n\t\t\t\t<div class=\"elementor-widget-container\">\n\t\t\t\t\t\t\t\t\t<h2><span style=\"font-weight: 400;\">Sizes and fit for all girls in our Alicante shops<\/span><\/h2><p><span style=\"font-weight: 400;\">Finding the right size for your communion dress is key. That's why, <\/span><b>in all physical premises in Alicante<\/b><span style=\"font-weight: 400;\">You can see the sizes available and receive personalised advice.\u00a0<\/span><\/p><p><span style=\"font-weight: 400;\">We have <\/span><b>communion dresses for girls <\/b><span style=\"font-weight: 400;\">We have a range of different age groups, ensuring that each little girl has a dress that fits her body perfectly, without losing the style and comfort needed during the event.<\/span><\/p><h2><span style=\"font-weight: 400;\">Prices of communion dresses in the Alicante area<\/span><\/h2><p><span style=\"font-weight: 400;\">The <\/span><b>price of communion dresses in Alicante<\/b><span style=\"font-weight: 400;\"> vary according to the design, fabrics and details of the dress. In our points of sale, customers can find communion dresses Alicante at a good price and guaranteed quality.\u00a0<\/span><\/p><p><span style=\"font-weight: 400;\">In addition, you will have advice on the purchase, ensuring that each customer gets a dress that meets their needs.<\/span><b> expectations and budget.<\/b><\/p><h2><span style=\"font-weight: 400;\">Why visit the shops in Alicante?<\/span><\/h2><p><span style=\"font-weight: 400;\">You will have the opportunity to <\/span><b>meet the dresses<\/b><span style=\"font-weight: 400;\"> communion dress, ensuring that the fit is perfect and that your daughter feels comfortable throughout the ceremony.\u00a0<\/span><\/p><p><span style=\"font-weight: 400;\">To complete the look, you can discover <\/span><b>other types of complements<\/b><span style=\"font-weight: 400;\"> available in our shops, such as<\/span><\/p><ul><li style=\"font-weight: 400;\" aria-level=\"1\"><a href=\"https:\/\/amayaforkids.com\/en\/product-2\/nuria-communion-wreath\/\"><span style=\"font-weight: 400;\">Crowns<\/span><\/a><\/li><li style=\"font-weight: 400;\" aria-level=\"1\"><a href=\"https:\/\/amayaforkids.com\/en\/product-2\/cordelia-couture-communion-choker-cordelia\/\"><span style=\"font-weight: 400;\">Chokers<\/span><\/a><\/li><li style=\"font-weight: 400;\" aria-level=\"1\"><a href=\"https:\/\/amayaforkids.com\/en\/product-2\/dina-communion-belt\/\"><span style=\"font-weight: 400;\">Belts<\/span><\/a><\/li><li style=\"font-weight: 400;\" aria-level=\"1\"><a href=\"https:\/\/amayaforkids.com\/en\/product-2\/ainhoa-communion-coat\/\"><span style=\"font-weight: 400;\">Layers<\/span><\/a><\/li><\/ul><p><span style=\"font-weight: 400;\">And thus create an ideal outfit for the <\/span><b>first communion in Alicante<\/b><span style=\"font-weight: 400;\">.<\/span><\/p><p><span style=\"font-weight: 400;\">In addition, we have a close and personalised customer service, so that each customer can combine the <\/span><b>communion dresses Alicante<\/b><span style=\"font-weight: 400;\"> with matching fabrics, colours and accessories, achieving an elegant and unique outfit, adapted to each celebration.\u00a0<\/span><\/p><p><span style=\"font-weight: 400;\">Thanks to our experience, every visit becomes an opportunity to <\/span><b>complete guide <\/b><span style=\"font-weight: 400;\">to make the communion day unforgettable.<\/span><\/p><h2><span style=\"font-weight: 400;\">Discover our collection of communion dresses in Alicante<\/span><\/h2><p><span style=\"font-weight: 400;\">The <\/span><b>new Collection of Communion dresses and suits in Alicante 2026 Escencia, <\/b><span style=\"font-weight: 400;\">is made up of elegant, romantic designs and handmade accessories made with top quality materials, ideal for our girls' most special day.<\/span><\/p><p><span style=\"font-weight: 400;\">Every October, it arrives at the <\/span><b>Communion shops in Alicante<\/b><span style=\"font-weight: 400;\"> the new proposals for communion dresses, full of trends and novelties, with the essence of the Mediterranean.<\/span><\/p><p><span style=\"font-weight: 400;\">Come to the sales points of <\/span><b>communion dresses and headdresses in Alicante<\/b><span style=\"font-weight: 400;\"> to explore our collection and discover how you can personalise your daughter's look in the most special way! We want your daughter to feel completely comfortable and stand out on her special day.<\/span><\/p>\t\t\t\t\t\t\t\t<\/div>\n\t\t\t\t<\/div>\n\t\t\t\t\t<\/div>\n\t\t\t\t<\/div>\n\t\t<div class=\"elementor-element elementor-element-50615cd2 e-con-full e-flex e-con e-parent\" data-id=\"50615cd2\" data-element_type=\"container\" data-e-type=\"container\">\n\t\t\t\t<div class=\"elementor-element elementor-element-4fcec7e1 elementor-widget elementor-widget-breadcrumbs\" data-id=\"4fcec7e1\" data-element_type=\"widget\" data-e-type=\"widget\" data-widget_type=\"breadcrumbs.default\">\n\t\t\t\t<div class=\"elementor-widget-container\">\n\t\t\t\t\t<nav aria-label=\"breadcrumbs\" class=\"rank-math-breadcrumb\"><p><span class=\"last\">Amaya Fashion For Kids<\/span><\/p><\/nav>\t\t\t\t<\/div>\n\t\t\t\t<\/div>\n\t\t\t\t<\/div>\n\t\t\t\t<\/div>","protected":false},"excerpt":{"rendered":"<p>Vestidos comuni\u00f3n Alicante \u00bfEst\u00e1s buscando el vestido de comuni\u00f3n para tu ni\u00f1a en Alicante? En Amaya fashion for kids te ofrecemos soluciones para hacer \u00fanico el vestido de comuni\u00f3n en Alicante de tu ni\u00f1a, y hacer que destaque en uno de los d\u00edas m\u00e1s importantes para ella, y tambi\u00e9n para vosotros. En la colecci\u00f3n de [&hellip;]<\/p>\n","protected":false},"author":2,"featured_media":0,"parent":0,"menu_order":0,"comment_status":"closed","ping_status":"closed","template":"elementor_header_footer","meta":{"_acf_changed":false,"site-sidebar-layout":"no-sidebar","site-content-layout":"page-builder","ast-site-content-layout":"full-width-container","site-content-style":"default","site-sidebar-style":"default","ast-global-header-display":"","ast-banner-title-visibility":"","ast-main-header-display":"","ast-hfb-above-header-display":"","ast-hfb-below-header-display":"","ast-hfb-mobile-header-display":"","site-post-title":"disabled","ast-breadcrumbs-content":"","ast-featured-img":"disabled","footer-sml-layout":"","ast-disable-related-posts":"","theme-transparent-header-meta":"","adv-header-id-meta":"","stick-header-meta":"","header-above-stick-meta":"","header-main-stick-meta":"","header-below-stick-meta":"","astra-migrate-meta-layouts":"set","ast-page-background-enabled":"default","ast-page-background-meta":{"desktop":{"background-color":"var(--ast-global-color-4)","background-image":"","background-repeat":"repeat","background-position":"center center","background-size":"auto","background-attachment":"scroll","background-type":"","background-media":"","overlay-type":"","overlay-color":"","overlay-opacity":"","overlay-gradient":""},"tablet":{"background-color":"","background-image":"","background-repeat":"repeat","background-position":"center center","background-size":"auto","background-attachment":"scroll","background-type":"","background-media":"","overlay-type":"","overlay-color":"","overlay-opacity":"","overlay-gradient":""},"mobile":{"background-color":"","background-image":"","background-repeat":"repeat","background-position":"center center","background-size":"auto","background-attachment":"scroll","background-type":"","background-media":"","overlay-type":"","overlay-color":"","overlay-opacity":"","overlay-gradient":""}},"ast-content-background-meta":{"desktop":{"background-color":"var(--ast-global-color-5)","background-image":"","background-repeat":"repeat","background-position":"center center","background-size":"auto","background-attachment":"scroll","background-type":"","background-media":"","overlay-type":"","overlay-color":"","overlay-opacity":"","overlay-gradient":""},"tablet":{"background-color":"var(--ast-global-color-5)","background-image":"","background-repeat":"repeat","background-position":"center center","background-size":"auto","background-attachment":"scroll","background-type":"","background-media":"","overlay-type":"","overlay-color":"","overlay-opacity":"","overlay-gradient":""},"mobile":{"background-color":"var(--ast-global-color-5)","background-image":"","background-repeat":"repeat","background-position":"center center","background-size":"auto","background-attachment":"scroll","background-type":"","background-media":"","overlay-type":"","overlay-color":"","overlay-opacity":"","overlay-gradient":""}},"footnotes":""},"class_list":["post-9283","page","type-page","status-publish","hentry"],"acf":[],"_links":{"self":[{"href":"https:\/\/amayaforkids.com\/en\/wp-json\/wp\/v2\/pages\/9283","targetHints":{"allow":["GET"]}}],"collection":[{"href":"https:\/\/amayaforkids.com\/en\/wp-json\/wp\/v2\/pages"}],"about":[{"href":"https:\/\/amayaforkids.com\/en\/wp-json\/wp\/v2\/types\/page"}],"author":[{"embeddable":true,"href":"https:\/\/amayaforkids.com\/en\/wp-json\/wp\/v2\/users\/2"}],"replies":[{"embeddable":true,"href":"https:\/\/amayaforkids.com\/en\/wp-json\/wp\/v2\/comments?post=9283"}],"version-history":[{"count":10,"href":"https:\/\/amayaforkids.com\/en\/wp-json\/wp\/v2\/pages\/9283\/revisions"}],"predecessor-version":[{"id":25524,"href":"https:\/\/amayaforkids.com\/en\/wp-json\/wp\/v2\/pages\/9283\/revisions\/25524"}],"wp:attachment":[{"href":"https:\/\/amayaforkids.com\/en\/wp-json\/wp\/v2\/media?parent=9283"}],"curies":[{"name":"wp","href":"https:\/\/api.w.org\/{rel}","templated":true}]}}