{"id":9277,"date":"2024-07-02T10:57:14","date_gmt":"2024-07-02T08:57:14","guid":{"rendered":"https:\/\/amayaforkids.com\/?page_id=9277"},"modified":"2025-10-23T11:54:58","modified_gmt":"2025-10-23T09:54:58","slug":"christening-gowns-valencia","status":"publish","type":"page","link":"https:\/\/amayaforkids.com\/en\/christening-gowns-valencia\/","title":{"rendered":"Christening Suits Valencia"},"content":{"rendered":"<div data-elementor-type=\"wp-page\" data-elementor-id=\"9277\" class=\"elementor elementor-9277\" data-elementor-post-type=\"page\">\n\t\t\t\t<div class=\"elementor-element elementor-element-1e7bbd4c e-flex e-con-boxed e-con e-parent\" data-id=\"1e7bbd4c\" data-element_type=\"container\" data-e-type=\"container\">\n\t\t\t\t\t<div class=\"e-con-inner\">\n\t\t\t\t<div class=\"elementor-element elementor-element-28ecb5 elementor-widget elementor-widget-heading\" data-id=\"28ecb5\" data-element_type=\"widget\" data-e-type=\"widget\" data-widget_type=\"heading.default\">\n\t\t\t\t<div class=\"elementor-widget-container\">\n\t\t\t\t\t<h1 class=\"elementor-heading-title elementor-size-default\">Baby christening clothes in Valencia<\/h1>\t\t\t\t<\/div>\n\t\t\t\t<\/div>\n\t\t\t\t<div class=\"elementor-element elementor-element-3877778 elementor-widget elementor-widget-text-editor\" data-id=\"3877778\" data-element_type=\"widget\" data-e-type=\"widget\" data-widget_type=\"text-editor.default\">\n\t\t\t\t<div class=\"elementor-widget-container\">\n\t\t\t\t\t\t\t\t\t<p><span style=\"font-weight: 400;\">If you are looking for christening clothes for babies in Valencia, at Amaya Fashion For Kids you will find detailed designs, soft fabrics and a complete collection with skirts, dresses, rompers and outfits for boys and girls. Discover options that are comfortable, elegant and ready for that special day.<\/span><\/p><p><span style=\"font-weight: 400;\">In our selection of children's fashion you will find <\/span><b>traditional skirts, dresses, rompers and ensembles<\/b><span style=\"font-weight: 400;\"> with handmade finishes and materials designed for baby's skin (cotton, linen, light organza). Come and see the collection of baby clothes for christenings in Valencia and choose the perfect look.<\/span> <span style=\"font-weight: 400;\">We have sizes from 3 to 48 months.<\/span><\/p><p><b>Highlights:<\/b><\/p><ul><li><b>Skirts<\/b><span style=\"font-weight: 400;\"> with delicate embroidery and a classic look.<\/span><\/li><li><b>Dresses<\/b><span style=\"font-weight: 400;\"> with subtle laces and breathable linings.<\/span><\/li><li><b>Baby rompers<\/b><span style=\"font-weight: 400;\"> y <\/span><b>sets<\/b><span style=\"font-weight: 400;\"> ideal for comfortable and elegant ceremonies.<\/span><\/li><\/ul>\t\t\t\t\t\t\t\t<\/div>\n\t\t\t\t<\/div>\n\t\t\t\t\t<\/div>\n\t\t\t\t<\/div>\n\t\t<div class=\"elementor-element elementor-element-50bbe83a e-flex e-con-boxed e-con e-parent\" data-id=\"50bbe83a\" data-element_type=\"container\" data-e-type=\"container\">\n\t\t\t\t\t<div class=\"e-con-inner\">\n\t\t<div class=\"elementor-element elementor-element-5083870e e-con-full e-flex e-con e-child\" data-id=\"5083870e\" data-element_type=\"container\" data-e-type=\"container\">\n\t\t\t\t<div class=\"elementor-element elementor-element-4c7a26f4 elementor-widget elementor-widget-text-editor\" data-id=\"4c7a26f4\" data-element_type=\"widget\" data-e-type=\"widget\" data-widget_type=\"text-editor.default\">\n\t\t\t\t<div class=\"elementor-widget-container\">\n\t\t\t\t\t\t\t\t\t<h2><b>Fabrics and colours that flatter at ceremonies<\/b><\/h2><p><span style=\"font-weight: 400;\">Choosing the right fabrics and colours makes the difference between the \"right\" outfit and one that is memorable and comfortable for your baby.\u00a0<\/span><\/p><p><span style=\"font-weight: 400;\">In Valencia, with its Mediterranean light and mostly daytime celebrations, it's a good idea to <\/span><b>go for natural fibres, soft palettes and finishes that look beautiful. <\/b><span style=\"font-weight: 400;\">in photos without compromising wellbeing.<\/span><\/p><h3><span style=\"font-weight: 400;\">Fabrics: softness, breathability and drape<\/span><\/h3><ul><li style=\"font-weight: 400;\" aria-level=\"1\"><b>100% combed cotton<\/b><span style=\"font-weight: 400;\">Gentle on the skin, ideal all year round. Keeps its shape and breathes very well.<\/span><\/li><li style=\"font-weight: 400;\" aria-level=\"1\"><b>Light linen<\/b><span style=\"font-weight: 400;\">Fresh and elegant, perfect for warm or hot temperatures. It has a beautiful drape and an \"airy\" feel.<\/span><\/li><li style=\"font-weight: 400;\" aria-level=\"1\"><b>Batiste \/ batiste<\/b><span style=\"font-weight: 400;\"> (fine cotton): delicate appearance with sufficient body for skirts and dresses without bulging.<\/span><\/li><li style=\"font-weight: 400;\" aria-level=\"1\"><b>Soft organza<\/b><span style=\"font-weight: 400;\"> (as an overlay): gives light and controlled volume; use it on details (sleeves, hem) so as not to detract from comfort.<\/span><\/li><li style=\"font-weight: 400;\" aria-level=\"1\"><b>Breathable linings<\/b><span style=\"font-weight: 400;\">essential so that lace or lace trims do not rub against the skin. Look for cotton lining in direct contact with the body.<\/span><\/li><\/ul><h3><span style=\"font-weight: 400;\">Colours: the palette that looks good in photos and in person<\/span><\/h3><ul><li><b>Off-white \/ ecru<\/b><span style=\"font-weight: 400;\">The infallible classic. Outdoors, it avoids excessive glare and captures natural light very well.<\/span><\/li><li><b>Very pale ivories and champagnes<\/b><span style=\"font-weight: 400;\">They bring subtle warmth and enhance lace and embroidery.<\/span><\/li><li><b>Powdered pinks, vanilla and aqua green<\/b><span style=\"font-weight: 400;\">Soft touches for bows, ribbons or bonnets; they add personality without breaking the christening aesthetic.<\/span><\/li><li><b>Cloud blue or pearl grey<\/b><span style=\"font-weight: 400;\">: delicate options for children if you prefer to go out of the white without losing formality.<\/span><span style=\"font-weight: 400;\"><br \/><\/span><\/li><\/ul>\t\t\t\t\t\t\t\t<\/div>\n\t\t\t\t<\/div>\n\t\t\t\t<\/div>\n\t\t<div class=\"elementor-element elementor-element-4c4833bf e-con-full e-flex e-con e-child\" data-id=\"4c4833bf\" data-element_type=\"container\" data-e-type=\"container\">\n\t\t\t\t<div class=\"elementor-element elementor-element-704db377 elementor-widget elementor-widget-html\" data-id=\"704db377\" data-element_type=\"widget\" data-e-type=\"widget\" data-widget_type=\"html.default\">\n\t\t\t\t<div class=\"elementor-widget-container\">\n\t\t\t\t\t<iframe src=\"https:\/\/widgets.scribblemaps.com\/sm\/?d=true&z=true&l=true&id=2QQsayVczf&s\" allow=\"geolocation\" allowfullscreen width=\"550\" height=\"550\" frameborder=\"0\" loading=\"lazy\" webkitallowfullscreen mozallowfullscreen><\/iframe>\t\t\t\t<\/div>\n\t\t\t\t<\/div>\n\t\t\t\t<\/div>\n\t\t\t\t\t<\/div>\n\t\t\t\t<\/div>\n\t\t<div class=\"elementor-element elementor-element-5ec2e564 e-flex e-con-boxed e-con e-parent\" data-id=\"5ec2e564\" data-element_type=\"container\" data-e-type=\"container\">\n\t\t\t\t\t<div class=\"e-con-inner\">\n\t\t\t\t<div class=\"elementor-element elementor-element-1ad32b8f elementor-widget elementor-widget-heading\" data-id=\"1ad32b8f\" data-element_type=\"widget\" data-e-type=\"widget\" data-widget_type=\"heading.default\">\n\t\t\t\t<div class=\"elementor-widget-container\">\n\t\t\t\t\t<h2 class=\"elementor-heading-title elementor-size-default\">Find the christening clothes you need in Valencia<\/h2>\t\t\t\t<\/div>\n\t\t\t\t<\/div>\n\t\t\t\t\t<\/div>\n\t\t\t\t<\/div>\n\t\t<div class=\"elementor-element elementor-element-97584fb e-flex e-con-boxed e-con e-parent\" data-id=\"97584fb\" data-element_type=\"container\" data-e-type=\"container\">\n\t\t\t\t\t<div class=\"e-con-inner\">\n\t\t<div class=\"elementor-element elementor-element-7136cedc e-con-full e-flex e-con e-child\" data-id=\"7136cedc\" data-element_type=\"container\" data-e-type=\"container\">\n\t\t\t\t<div class=\"elementor-element elementor-element-47ed7299 elementor-widget elementor-widget-image\" data-id=\"47ed7299\" data-element_type=\"widget\" data-e-type=\"widget\" data-widget_type=\"image.default\">\n\t\t\t\t<div class=\"elementor-widget-container\">\n\t\t\t\t\t\t\t\t\t\t\t\t\t\t\t\t<a href=\"https:\/\/amayaforkids.com\/en\/baptism-2\/christening-dresses\/\">\n\t\t\t\t\t\t\t<img loading=\"lazy\" decoding=\"async\" width=\"262\" height=\"305\" src=\"https:\/\/amayaforkids.com\/wp-content\/uploads\/2024\/06\/vestidos-bautizo.jpg\" class=\"attachment-large size-large wp-image-9107\" alt=\"Christening Dresses\" srcset=\"https:\/\/amayaforkids.com\/wp-content\/uploads\/2024\/06\/vestidos-bautizo.jpg 262w, https:\/\/amayaforkids.com\/wp-content\/uploads\/2024\/06\/vestidos-bautizo-258x300.jpg 258w, https:\/\/amayaforkids.com\/wp-content\/uploads\/2024\/06\/vestidos-bautizo-64x75.jpg 64w\" sizes=\"auto, (max-width: 262px) 100vw, 262px\" \/>\t\t\t\t\t\t\t\t<\/a>\n\t\t\t\t\t\t\t\t\t\t\t\t\t\t\t<\/div>\n\t\t\t\t<\/div>\n\t\t\t\t<\/div>\n\t\t<div class=\"elementor-element elementor-element-78b606f6 e-con-full e-flex e-con e-child\" data-id=\"78b606f6\" data-element_type=\"container\" data-e-type=\"container\">\n\t\t\t\t<div class=\"elementor-element elementor-element-7420a32d elementor-widget elementor-widget-image\" data-id=\"7420a32d\" data-element_type=\"widget\" data-e-type=\"widget\" data-widget_type=\"image.default\">\n\t\t\t\t<div class=\"elementor-widget-container\">\n\t\t\t\t\t\t\t\t\t\t\t\t\t\t\t\t<a href=\"https:\/\/amayaforkids.com\/en\/baptism-2\/christening-sets\/\">\n\t\t\t\t\t\t\t<img loading=\"lazy\" decoding=\"async\" width=\"262\" height=\"305\" src=\"https:\/\/amayaforkids.com\/wp-content\/uploads\/2024\/06\/conjuntos-bautizo.jpg\" class=\"attachment-large size-large wp-image-9104\" alt=\"Christening Sets\" srcset=\"https:\/\/amayaforkids.com\/wp-content\/uploads\/2024\/06\/conjuntos-bautizo.jpg 262w, https:\/\/amayaforkids.com\/wp-content\/uploads\/2024\/06\/conjuntos-bautizo-258x300.jpg 258w, https:\/\/amayaforkids.com\/wp-content\/uploads\/2024\/06\/conjuntos-bautizo-64x75.jpg 64w\" sizes=\"auto, (max-width: 262px) 100vw, 262px\" \/>\t\t\t\t\t\t\t\t<\/a>\n\t\t\t\t\t\t\t\t\t\t\t\t\t\t\t<\/div>\n\t\t\t\t<\/div>\n\t\t\t\t<\/div>\n\t\t<div class=\"elementor-element elementor-element-42ee4150 e-con-full e-flex e-con e-child\" data-id=\"42ee4150\" data-element_type=\"container\" data-e-type=\"container\">\n\t\t\t\t<div class=\"elementor-element elementor-element-52103712 elementor-widget elementor-widget-image\" data-id=\"52103712\" data-element_type=\"widget\" data-e-type=\"widget\" data-widget_type=\"image.default\">\n\t\t\t\t<div class=\"elementor-widget-container\">\n\t\t\t\t\t\t\t\t\t\t\t\t\t\t\t\t<a href=\"https:\/\/amayaforkids.com\/en\/baptism-2\/christening-rompers\/\">\n\t\t\t\t\t\t\t<img loading=\"lazy\" decoding=\"async\" width=\"262\" height=\"305\" src=\"https:\/\/amayaforkids.com\/wp-content\/uploads\/2024\/06\/peleles-bautizo.jpg\" class=\"attachment-large size-large wp-image-9106\" alt=\"Christening rompers\" srcset=\"https:\/\/amayaforkids.com\/wp-content\/uploads\/2024\/06\/peleles-bautizo.jpg 262w, https:\/\/amayaforkids.com\/wp-content\/uploads\/2024\/06\/peleles-bautizo-258x300.jpg 258w, https:\/\/amayaforkids.com\/wp-content\/uploads\/2024\/06\/peleles-bautizo-64x75.jpg 64w\" sizes=\"auto, (max-width: 262px) 100vw, 262px\" \/>\t\t\t\t\t\t\t\t<\/a>\n\t\t\t\t\t\t\t\t\t\t\t\t\t\t\t<\/div>\n\t\t\t\t<\/div>\n\t\t\t\t<\/div>\n\t\t<div class=\"elementor-element elementor-element-2adaeaeb e-con-full e-flex e-con e-child\" data-id=\"2adaeaeb\" data-element_type=\"container\" data-e-type=\"container\">\n\t\t\t\t<div class=\"elementor-element elementor-element-7ba3a6a0 elementor-widget elementor-widget-image\" data-id=\"7ba3a6a0\" data-element_type=\"widget\" data-e-type=\"widget\" data-widget_type=\"image.default\">\n\t\t\t\t<div class=\"elementor-widget-container\">\n\t\t\t\t\t\t\t\t\t\t\t\t\t\t\t\t<a href=\"https:\/\/amayaforkids.com\/en\/baptism-2\/christening-skirts\/\">\n\t\t\t\t\t\t\t<img loading=\"lazy\" decoding=\"async\" width=\"262\" height=\"305\" src=\"https:\/\/amayaforkids.com\/wp-content\/uploads\/2024\/06\/faldones-bautizo.jpg\" class=\"attachment-large size-large wp-image-9105\" alt=\"Baptism Skirts\" srcset=\"https:\/\/amayaforkids.com\/wp-content\/uploads\/2024\/06\/faldones-bautizo.jpg 262w, https:\/\/amayaforkids.com\/wp-content\/uploads\/2024\/06\/faldones-bautizo-258x300.jpg 258w, https:\/\/amayaforkids.com\/wp-content\/uploads\/2024\/06\/faldones-bautizo-64x75.jpg 64w\" sizes=\"auto, (max-width: 262px) 100vw, 262px\" \/>\t\t\t\t\t\t\t\t<\/a>\n\t\t\t\t\t\t\t\t\t\t\t\t\t\t\t<\/div>\n\t\t\t\t<\/div>\n\t\t\t\t<\/div>\n\t\t\t\t\t<\/div>\n\t\t\t\t<\/div>\n\t\t<div class=\"elementor-element elementor-element-643a6635 e-flex e-con-boxed e-con e-parent\" data-id=\"643a6635\" data-element_type=\"container\" data-e-type=\"container\">\n\t\t\t\t\t<div class=\"e-con-inner\">\n\t\t<div class=\"elementor-element elementor-element-203efc5b e-con-full e-flex e-con e-child\" data-id=\"203efc5b\" data-element_type=\"container\" data-e-type=\"container\">\n\t\t\t\t<div class=\"elementor-element elementor-element-39224176 elementor-widget elementor-widget-image\" data-id=\"39224176\" data-element_type=\"widget\" data-e-type=\"widget\" data-widget_type=\"image.default\">\n\t\t\t\t<div class=\"elementor-widget-container\">\n\t\t\t\t\t\t\t\t\t\t\t\t\t\t\t\t<a href=\"https:\/\/amayaforkids.com\/en\/baptism-2\/baptism-bonnets\/\">\n\t\t\t\t\t\t\t<img loading=\"lazy\" decoding=\"async\" width=\"262\" height=\"305\" src=\"https:\/\/amayaforkids.com\/wp-content\/uploads\/2024\/06\/capotas-bautizo.jpg\" class=\"attachment-large size-large wp-image-9103\" alt=\"Christening bonnets\" srcset=\"https:\/\/amayaforkids.com\/wp-content\/uploads\/2024\/06\/capotas-bautizo.jpg 262w, https:\/\/amayaforkids.com\/wp-content\/uploads\/2024\/06\/capotas-bautizo-258x300.jpg 258w, https:\/\/amayaforkids.com\/wp-content\/uploads\/2024\/06\/capotas-bautizo-64x75.jpg 64w\" sizes=\"auto, (max-width: 262px) 100vw, 262px\" \/>\t\t\t\t\t\t\t\t<\/a>\n\t\t\t\t\t\t\t\t\t\t\t\t\t\t\t<\/div>\n\t\t\t\t<\/div>\n\t\t\t\t<\/div>\n\t\t<div class=\"elementor-element elementor-element-3e63319c e-con-full e-flex e-con e-child\" data-id=\"3e63319c\" data-element_type=\"container\" data-e-type=\"container\">\n\t\t\t\t<div class=\"elementor-element elementor-element-605ea28 elementor-widget elementor-widget-image\" data-id=\"605ea28\" data-element_type=\"widget\" data-e-type=\"widget\" data-widget_type=\"image.default\">\n\t\t\t\t<div class=\"elementor-widget-container\">\n\t\t\t\t\t\t\t\t\t\t\t\t\t\t\t\t<a href=\"https:\/\/amayaforkids.com\/en\/baptism-2\/christening-accessories\/\">\n\t\t\t\t\t\t\t<img loading=\"lazy\" decoding=\"async\" width=\"262\" height=\"305\" src=\"https:\/\/amayaforkids.com\/wp-content\/uploads\/2024\/06\/accesorios-bautizo.jpeg\" class=\"attachment-large size-large wp-image-9102\" alt=\"Christening Accessories\" srcset=\"https:\/\/amayaforkids.com\/wp-content\/uploads\/2024\/06\/accesorios-bautizo.jpeg 262w, https:\/\/amayaforkids.com\/wp-content\/uploads\/2024\/06\/accesorios-bautizo-258x300.jpeg 258w, https:\/\/amayaforkids.com\/wp-content\/uploads\/2024\/06\/accesorios-bautizo-64x75.jpeg 64w\" sizes=\"auto, (max-width: 262px) 100vw, 262px\" \/>\t\t\t\t\t\t\t\t<\/a>\n\t\t\t\t\t\t\t\t\t\t\t\t\t\t\t<\/div>\n\t\t\t\t<\/div>\n\t\t\t\t<\/div>\n\t\t<div class=\"elementor-element elementor-element-22399709 e-con-full e-flex e-con e-child\" data-id=\"22399709\" data-element_type=\"container\" data-e-type=\"container\">\n\t\t\t\t<\/div>\n\t\t<div class=\"elementor-element elementor-element-5e69407b e-con-full e-flex e-con e-child\" data-id=\"5e69407b\" data-element_type=\"container\" data-e-type=\"container\">\n\t\t\t\t<\/div>\n\t\t\t\t\t<\/div>\n\t\t\t\t<\/div>\n\t\t<div class=\"elementor-element elementor-element-6cac9e02 e-flex e-con-boxed e-con e-parent\" data-id=\"6cac9e02\" data-element_type=\"container\" data-e-type=\"container\">\n\t\t\t\t\t<div class=\"e-con-inner\">\n\t\t\t\t<div class=\"elementor-element elementor-element-73fd0ac9 elementor-widget elementor-widget-text-editor\" data-id=\"73fd0ac9\" data-element_type=\"widget\" data-e-type=\"widget\" data-widget_type=\"text-editor.default\">\n\t\t\t\t<div class=\"elementor-widget-container\">\n\t\t\t\t\t\t\t\t\t<h2><b>How to choose according to light, season and space<\/b><\/h2><p><span style=\"font-weight: 400;\">Light conditions how fabrics and colours are perceived in a ceremony. In Valencia, <\/span><b>daylight favours warm neutrals such as ecru, ivory, very pale champagne and matt textures that do not dazzle.<\/b><span style=\"font-weight: 400;\">linen and batiste work especially well because they breathe and show a natural drape in bright exteriors or churches.<\/span><\/p><p><span style=\"font-weight: 400;\">If the christening is in the evening or indoors with artificial light, the cleanest white gains presence and the small satin touches in ribbons or vivid colours provide points of light without overdoing it.<\/span><\/p><p><span style=\"font-weight: 400;\">The season also guides the choice. <\/span><b>In spring and summer, look for light fibres such as linen or fine cotton.<\/b><span style=\"font-weight: 400;\">- and airy patterns, with breathable linings that protect baby's skin.\u00a0<\/span><\/p><p><b>In autumn and winter, layers should be added<\/b><span style=\"font-weight: 400;\"> discreet: a cotton knitted cardigan, soft tights and tights with a little more body to keep the shape without adding weight or stiffness and ensure your baby's comfort.<\/span><\/p><p><span style=\"font-weight: 400;\">Space completes the effect.\u00a0<\/span><\/p><ul><li style=\"font-weight: 400;\" aria-level=\"1\"><span style=\"font-weight: 400;\">In large, light churches, fine lace and subtle embroidery are visible from a distance and add depth to the ensemble.\u00a0<\/span><\/li><li style=\"font-weight: 400;\" aria-level=\"1\"><span style=\"font-weight: 400;\">In chapels or intimate salons, cream tones and volumes contained in soft organza on sleeves or hems create harmony without stealing the limelight.\u00a0<\/span><\/li><li style=\"font-weight: 400;\" aria-level=\"1\"><span style=\"font-weight: 400;\">Outdoors surrounded by greenery or stone, an ecru outfit with a powder pink, aqua green or cloud blue ribbon integrates the christening clothes with the surroundings.<\/span><\/li><\/ul><p><span style=\"font-weight: 400;\">Practical advice: <\/span><b>try the ensemble next to a window or, if possible, under the real light of the ceremony site.<\/b><span style=\"font-weight: 400;\">In seconds you'll see how the tone and drape of the fabric changes. If you have any doubts, at Amaya Fashion For Kids we can help you find the combination of light, season and space that best suits your baby.<\/span><\/p><h2><b>Come to our christening clothes shop in Valencia<\/b><\/h2><p><b>Unique and carefully crafted designs is what you'll find in our<\/b><b> newborn christening clothes shop in Valencia<\/b><span style=\"font-weight: 400;\">where we use artisanal techniques inspired by the origins of the firm, when the local dressmakers made each part of the garment with their own hands.<\/span><\/p><p><span style=\"font-weight: 400;\">The essence of the Mediterranean is impregnated in each of our garments, skirts, rompers, sets and dresses, <\/span><b>ideal to celebrate a christening in Valencia<\/b><span style=\"font-weight: 400;\">. The Amaya fashion for kids christening collection is ideal for this part of the Mediterranean coast, as they are designed with soft and delicate fabrics in warm colours such as ecru, powder pink and aqua green that transport us to the beaches of the Mediterranean.<\/span><\/p><p><b>We are one of the reference shops for christening gowns in Valencia.<\/b><span style=\"font-weight: 400;\">So if you are looking for a christening clothes shop near you, do not hesitate to look for our firm in the points of sale that you have on the map. <\/span><span style=\"font-weight: 400;\">to dress your baby for her first big event.<\/span><\/p><p><span style=\"font-weight: 400;\">We assure you that <\/span><b>with our christening dresses in Valencia, papers or skirts you will look spectacular.<\/b><span style=\"font-weight: 400;\"> and will undoubtedly catch all the affectionate glances of the guests.<\/span><\/p>\t\t\t\t\t\t\t\t<\/div>\n\t\t\t\t<\/div>\n\t\t\t\t\t<\/div>\n\t\t\t\t<\/div>\n\t\t<div class=\"elementor-element elementor-element-2a1d534 e-con-full e-flex e-con e-parent\" data-id=\"2a1d534\" data-element_type=\"container\" data-e-type=\"container\">\n\t\t\t\t<div class=\"elementor-element elementor-element-7ff677f8 elementor-widget elementor-widget-breadcrumbs\" data-id=\"7ff677f8\" data-element_type=\"widget\" data-e-type=\"widget\" data-widget_type=\"breadcrumbs.default\">\n\t\t\t\t<div class=\"elementor-widget-container\">\n\t\t\t\t\t<nav aria-label=\"breadcrumbs\" class=\"rank-math-breadcrumb\"><p><span class=\"last\">Amaya Fashion For Kids<\/span><\/p><\/nav>\t\t\t\t<\/div>\n\t\t\t\t<\/div>\n\t\t\t\t<\/div>\n\t\t\t\t<\/div>","protected":false},"excerpt":{"rendered":"<p>Ropa para bautizo de beb\u00e9 en Valencia Si buscas ropa de bautizo para beb\u00e9 en Valencia, en Amaya Fashion For Kids tienes dise\u00f1os cuidados al detalle, tejidos suaves y una colecci\u00f3n completa con faldones, vestidos, peleles y conjuntos para ni\u00f1o y ni\u00f1a. Descubre opciones c\u00f3modas, elegantes y listas para ese gran d\u00eda tan especial. En [&hellip;]<\/p>\n","protected":false},"author":2,"featured_media":0,"parent":0,"menu_order":0,"comment_status":"closed","ping_status":"closed","template":"elementor_header_footer","meta":{"_acf_changed":false,"site-sidebar-layout":"no-sidebar","site-content-layout":"page-builder","ast-site-content-layout":"full-width-container","site-content-style":"default","site-sidebar-style":"default","ast-global-header-display":"","ast-banner-title-visibility":"","ast-main-header-display":"","ast-hfb-above-header-display":"","ast-hfb-below-header-display":"","ast-hfb-mobile-header-display":"","site-post-title":"disabled","ast-breadcrumbs-content":"","ast-featured-img":"disabled","footer-sml-layout":"","ast-disable-related-posts":"","theme-transparent-header-meta":"","adv-header-id-meta":"","stick-header-meta":"","header-above-stick-meta":"","header-main-stick-meta":"","header-below-stick-meta":"","astra-migrate-meta-layouts":"set","ast-page-background-enabled":"default","ast-page-background-meta":{"desktop":{"background-color":"var(--ast-global-color-4)","background-image":"","background-repeat":"repeat","background-position":"center center","background-size":"auto","background-attachment":"scroll","background-type":"","background-media":"","overlay-type":"","overlay-color":"","overlay-opacity":"","overlay-gradient":""},"tablet":{"background-color":"","background-image":"","background-repeat":"repeat","background-position":"center center","background-size":"auto","background-attachment":"scroll","background-type":"","background-media":"","overlay-type":"","overlay-color":"","overlay-opacity":"","overlay-gradient":""},"mobile":{"background-color":"","background-image":"","background-repeat":"repeat","background-position":"center center","background-size":"auto","background-attachment":"scroll","background-type":"","background-media":"","overlay-type":"","overlay-color":"","overlay-opacity":"","overlay-gradient":""}},"ast-content-background-meta":{"desktop":{"background-color":"var(--ast-global-color-5)","background-image":"","background-repeat":"repeat","background-position":"center center","background-size":"auto","background-attachment":"scroll","background-type":"","background-media":"","overlay-type":"","overlay-color":"","overlay-opacity":"","overlay-gradient":""},"tablet":{"background-color":"var(--ast-global-color-5)","background-image":"","background-repeat":"repeat","background-position":"center center","background-size":"auto","background-attachment":"scroll","background-type":"","background-media":"","overlay-type":"","overlay-color":"","overlay-opacity":"","overlay-gradient":""},"mobile":{"background-color":"var(--ast-global-color-5)","background-image":"","background-repeat":"repeat","background-position":"center center","background-size":"auto","background-attachment":"scroll","background-type":"","background-media":"","overlay-type":"","overlay-color":"","overlay-opacity":"","overlay-gradient":""}},"footnotes":""},"class_list":["post-9277","page","type-page","status-publish","hentry"],"acf":[],"_links":{"self":[{"href":"https:\/\/amayaforkids.com\/en\/wp-json\/wp\/v2\/pages\/9277","targetHints":{"allow":["GET"]}}],"collection":[{"href":"https:\/\/amayaforkids.com\/en\/wp-json\/wp\/v2\/pages"}],"about":[{"href":"https:\/\/amayaforkids.com\/en\/wp-json\/wp\/v2\/types\/page"}],"author":[{"embeddable":true,"href":"https:\/\/amayaforkids.com\/en\/wp-json\/wp\/v2\/users\/2"}],"replies":[{"embeddable":true,"href":"https:\/\/amayaforkids.com\/en\/wp-json\/wp\/v2\/comments?post=9277"}],"version-history":[{"count":19,"href":"https:\/\/amayaforkids.com\/en\/wp-json\/wp\/v2\/pages\/9277\/revisions"}],"predecessor-version":[{"id":25979,"href":"https:\/\/amayaforkids.com\/en\/wp-json\/wp\/v2\/pages\/9277\/revisions\/25979"}],"wp:attachment":[{"href":"https:\/\/amayaforkids.com\/en\/wp-json\/wp\/v2\/media?parent=9277"}],"curies":[{"name":"wp","href":"https:\/\/api.w.org\/{rel}","templated":true}]}}