{"id":9271,"date":"2024-07-02T10:53:59","date_gmt":"2024-07-02T08:53:59","guid":{"rendered":"https:\/\/amayaforkids.com\/?page_id=9271"},"modified":"2025-09-25T11:43:16","modified_gmt":"2025-09-25T09:43:16","slug":"christening-gowns-madrid","status":"publish","type":"page","link":"https:\/\/amayaforkids.com\/en\/christening-gowns-madrid\/","title":{"rendered":"Christening Suits Madrid"},"content":{"rendered":"<div data-elementor-type=\"wp-page\" data-elementor-id=\"9271\" class=\"elementor elementor-9271\" data-elementor-post-type=\"page\">\n\t\t\t\t<div class=\"elementor-element elementor-element-e346835 e-flex e-con-boxed e-con e-parent\" data-id=\"e346835\" data-element_type=\"container\" data-e-type=\"container\">\n\t\t\t\t\t<div class=\"e-con-inner\">\n\t\t\t\t<div class=\"elementor-element elementor-element-3d066f00 elementor-widget elementor-widget-heading\" data-id=\"3d066f00\" data-element_type=\"widget\" data-e-type=\"widget\" data-widget_type=\"heading.default\">\n\t\t\t\t<div class=\"elementor-widget-container\">\n\t\t\t\t\t<h1 class=\"elementor-heading-title elementor-size-default\">Baby christening clothes in Madrid: discover the new season<\/h1>\t\t\t\t<\/div>\n\t\t\t\t<\/div>\n\t\t\t\t\t<\/div>\n\t\t\t\t<\/div>\n\t\t<div class=\"elementor-element elementor-element-41d9df7f e-flex e-con-boxed e-con e-parent\" data-id=\"41d9df7f\" data-element_type=\"container\" data-e-type=\"container\">\n\t\t\t\t\t<div class=\"e-con-inner\">\n\t\t<div class=\"elementor-element elementor-element-7645ae2c e-con-full e-flex e-con e-child\" data-id=\"7645ae2c\" data-element_type=\"container\" data-e-type=\"container\">\n\t\t\t\t<div class=\"elementor-element elementor-element-101ae6ea elementor-widget elementor-widget-text-editor\" data-id=\"101ae6ea\" data-element_type=\"widget\" data-e-type=\"widget\" data-widget_type=\"text-editor.default\">\n\t\t\t\t<div class=\"elementor-widget-container\">\n\t\t\t\t\t\t\t\t\t<p><span style=\"font-weight: 400;\">The arrival of a christening is a unique moment in the life of any family. At Amaya for kids we know that dressing the baby for such a special day requires <\/span><b>care, love and quality garments <\/b><span style=\"font-weight: 400;\">that convey elegance and tradition.<\/span><\/p><p><span style=\"font-weight: 400;\">In our shops we have a carefully selected range of<\/span><b> baby clothes for christenings in Madrid,<\/b><span style=\"font-weight: 400;\"> designed to make your little boy or girl look impeccable at their ceremony.<\/span><\/p><h2><span style=\"font-weight: 400;\">Areas of Madrid where you can find us<\/span><\/h2><p><span style=\"font-weight: 400;\">If you are looking for <\/span><b>baby christening clothes shops in Madrid<\/b><span style=\"font-weight: 400;\">At Amaya for Kids we have several points of sale throughout the capital and surrounding areas.\u00a0<\/span><\/p><p><b>Our boutiques are available at the following addresses:<\/b><\/p><ul><li style=\"font-weight: 400;\" aria-level=\"1\"><span style=\"font-weight: 400;\">Chic &amp; Chic, C\/ Isabel De Farnesio, 20, Boadilla Del Monte.<\/span><\/li><li style=\"font-weight: 400;\" aria-level=\"1\"><span style=\"font-weight: 400;\">El Beb\u00e9, C\/ Almibar, N\u00ba 36 Aranjuez<\/span><\/li><li style=\"font-weight: 400;\" aria-level=\"1\"><span style=\"font-weight: 400;\">Mam\u00e1 Carlota, C\/ Narvaez, N\u00ba 13 De Madrid<\/span><\/li><li style=\"font-weight: 400;\" aria-level=\"1\"><span style=\"font-weight: 400;\">Memiman, C\/ Fuenlabrada, 3 From Alcorc\u00f3n<\/span><\/li><li style=\"font-weight: 400;\" aria-level=\"1\"><span style=\"font-weight: 400;\">Bebes Y Ceremonia, Avda. De Maria, 61, Alcobendas, Spain<\/span><\/li><li style=\"font-weight: 400;\" aria-level=\"1\"><span style=\"font-weight: 400;\">Pizca, Avda. Constitucion, 90 Local 2-3 De Torrej\u00f3n De Ardoz<\/span><\/li><li style=\"font-weight: 400;\" aria-level=\"1\"><span style=\"font-weight: 400;\">Delfin Moda, Paseo De La Alameda, 5 Alcal\u00e1 De Henares.<\/span><\/li><\/ul><p><span style=\"font-weight: 400;\">Thanks to this wide network of shops, you can visit the boutique nearest to you and discover our selection of <\/span><b>baby christening clothes in Madrid<\/b><span style=\"font-weight: 400;\">with skirts, dresses, sets, bonnets and accessories of the highest quality.<\/span><\/p>\t\t\t\t\t\t\t\t<\/div>\n\t\t\t\t<\/div>\n\t\t\t\t<\/div>\n\t\t<div class=\"elementor-element elementor-element-254e22a3 e-con-full e-flex e-con e-child\" data-id=\"254e22a3\" data-element_type=\"container\" data-e-type=\"container\">\n\t\t\t\t<div class=\"elementor-element elementor-element-79441b91 elementor-widget elementor-widget-html\" data-id=\"79441b91\" data-element_type=\"widget\" data-e-type=\"widget\" data-widget_type=\"html.default\">\n\t\t\t\t<div class=\"elementor-widget-container\">\n\t\t\t\t\t<iframe src=\"https:\/\/widgets.scribblemaps.com\/sm\/?d=true&z=true&l=true&id=RqMMfGyecc&s\" allow=\"geolocation\" allowfullscreen width=\"550\" height=\"550\" frameborder=\"0\" loading=\"lazy\" webkitallowfullscreen mozallowfullscreen><\/iframe>\t\t\t\t<\/div>\n\t\t\t\t<\/div>\n\t\t\t\t<\/div>\n\t\t\t\t\t<\/div>\n\t\t\t\t<\/div>\n\t\t<div class=\"elementor-element elementor-element-6283eeb2 e-flex e-con-boxed e-con e-parent\" data-id=\"6283eeb2\" data-element_type=\"container\" data-e-type=\"container\">\n\t\t\t\t\t<div class=\"e-con-inner\">\n\t\t\t\t<div class=\"elementor-element elementor-element-e3476a7 elementor-widget elementor-widget-heading\" data-id=\"e3476a7\" data-element_type=\"widget\" data-e-type=\"widget\" data-widget_type=\"heading.default\">\n\t\t\t\t<div class=\"elementor-widget-container\">\n\t\t\t\t\t<h2 class=\"elementor-heading-title elementor-size-default\">Find the christening clothes you need in Madrid<\/h2>\t\t\t\t<\/div>\n\t\t\t\t<\/div>\n\t\t\t\t\t<\/div>\n\t\t\t\t<\/div>\n\t\t<div class=\"elementor-element elementor-element-40aa8e1b e-flex e-con-boxed e-con e-parent\" data-id=\"40aa8e1b\" data-element_type=\"container\" data-e-type=\"container\">\n\t\t\t\t\t<div class=\"e-con-inner\">\n\t\t<div class=\"elementor-element elementor-element-6e35072a e-con-full e-flex e-con e-child\" data-id=\"6e35072a\" data-element_type=\"container\" data-e-type=\"container\">\n\t\t\t\t<div class=\"elementor-element elementor-element-2b2e77e4 elementor-widget elementor-widget-image\" data-id=\"2b2e77e4\" data-element_type=\"widget\" data-e-type=\"widget\" data-widget_type=\"image.default\">\n\t\t\t\t<div class=\"elementor-widget-container\">\n\t\t\t\t\t\t\t\t\t\t\t\t\t\t\t\t<a href=\"https:\/\/amayaforkids.com\/en\/baptism-2\/christening-dresses\/\">\n\t\t\t\t\t\t\t<img loading=\"lazy\" decoding=\"async\" width=\"262\" height=\"305\" src=\"https:\/\/amayaforkids.com\/wp-content\/uploads\/2024\/06\/vestidos-bautizo.jpg\" class=\"attachment-large size-large wp-image-9107\" alt=\"Christening Dresses\" srcset=\"https:\/\/amayaforkids.com\/wp-content\/uploads\/2024\/06\/vestidos-bautizo.jpg 262w, https:\/\/amayaforkids.com\/wp-content\/uploads\/2024\/06\/vestidos-bautizo-258x300.jpg 258w, https:\/\/amayaforkids.com\/wp-content\/uploads\/2024\/06\/vestidos-bautizo-64x75.jpg 64w\" sizes=\"auto, (max-width: 262px) 100vw, 262px\" \/>\t\t\t\t\t\t\t\t<\/a>\n\t\t\t\t\t\t\t\t\t\t\t\t\t\t\t<\/div>\n\t\t\t\t<\/div>\n\t\t\t\t<\/div>\n\t\t<div class=\"elementor-element elementor-element-5b1d1321 e-con-full e-flex e-con e-child\" data-id=\"5b1d1321\" data-element_type=\"container\" data-e-type=\"container\">\n\t\t\t\t<div class=\"elementor-element elementor-element-16486dc elementor-widget elementor-widget-image\" data-id=\"16486dc\" data-element_type=\"widget\" data-e-type=\"widget\" data-widget_type=\"image.default\">\n\t\t\t\t<div class=\"elementor-widget-container\">\n\t\t\t\t\t\t\t\t\t\t\t\t\t\t\t\t<a href=\"https:\/\/amayaforkids.com\/en\/baptism-2\/christening-sets\/\">\n\t\t\t\t\t\t\t<img loading=\"lazy\" decoding=\"async\" width=\"262\" height=\"305\" src=\"https:\/\/amayaforkids.com\/wp-content\/uploads\/2024\/06\/conjuntos-bautizo.jpg\" class=\"attachment-large size-large wp-image-9104\" alt=\"Christening Sets\" srcset=\"https:\/\/amayaforkids.com\/wp-content\/uploads\/2024\/06\/conjuntos-bautizo.jpg 262w, https:\/\/amayaforkids.com\/wp-content\/uploads\/2024\/06\/conjuntos-bautizo-258x300.jpg 258w, https:\/\/amayaforkids.com\/wp-content\/uploads\/2024\/06\/conjuntos-bautizo-64x75.jpg 64w\" sizes=\"auto, (max-width: 262px) 100vw, 262px\" \/>\t\t\t\t\t\t\t\t<\/a>\n\t\t\t\t\t\t\t\t\t\t\t\t\t\t\t<\/div>\n\t\t\t\t<\/div>\n\t\t\t\t<\/div>\n\t\t<div class=\"elementor-element elementor-element-1a253696 e-con-full e-flex e-con e-child\" data-id=\"1a253696\" data-element_type=\"container\" data-e-type=\"container\">\n\t\t\t\t<div class=\"elementor-element elementor-element-567f810 elementor-widget elementor-widget-image\" data-id=\"567f810\" data-element_type=\"widget\" data-e-type=\"widget\" data-widget_type=\"image.default\">\n\t\t\t\t<div class=\"elementor-widget-container\">\n\t\t\t\t\t\t\t\t\t\t\t\t\t\t\t\t<a href=\"https:\/\/amayaforkids.com\/en\/baptism-2\/christening-rompers\/\">\n\t\t\t\t\t\t\t<img loading=\"lazy\" decoding=\"async\" width=\"262\" height=\"305\" src=\"https:\/\/amayaforkids.com\/wp-content\/uploads\/2024\/06\/peleles-bautizo.jpg\" class=\"attachment-large size-large wp-image-9106\" alt=\"Christening rompers\" srcset=\"https:\/\/amayaforkids.com\/wp-content\/uploads\/2024\/06\/peleles-bautizo.jpg 262w, https:\/\/amayaforkids.com\/wp-content\/uploads\/2024\/06\/peleles-bautizo-258x300.jpg 258w, https:\/\/amayaforkids.com\/wp-content\/uploads\/2024\/06\/peleles-bautizo-64x75.jpg 64w\" sizes=\"auto, (max-width: 262px) 100vw, 262px\" \/>\t\t\t\t\t\t\t\t<\/a>\n\t\t\t\t\t\t\t\t\t\t\t\t\t\t\t<\/div>\n\t\t\t\t<\/div>\n\t\t\t\t<\/div>\n\t\t<div class=\"elementor-element elementor-element-6d87d36e e-con-full e-flex e-con e-child\" data-id=\"6d87d36e\" data-element_type=\"container\" data-e-type=\"container\">\n\t\t\t\t<div class=\"elementor-element elementor-element-590c60fa elementor-widget elementor-widget-image\" data-id=\"590c60fa\" data-element_type=\"widget\" data-e-type=\"widget\" data-widget_type=\"image.default\">\n\t\t\t\t<div class=\"elementor-widget-container\">\n\t\t\t\t\t\t\t\t\t\t\t\t\t\t\t\t<a href=\"https:\/\/amayaforkids.com\/en\/baptism-2\/christening-skirts\/\">\n\t\t\t\t\t\t\t<img loading=\"lazy\" decoding=\"async\" width=\"262\" height=\"305\" src=\"https:\/\/amayaforkids.com\/wp-content\/uploads\/2024\/06\/faldones-bautizo.jpg\" class=\"attachment-large size-large wp-image-9105\" alt=\"Baptism Skirts\" srcset=\"https:\/\/amayaforkids.com\/wp-content\/uploads\/2024\/06\/faldones-bautizo.jpg 262w, https:\/\/amayaforkids.com\/wp-content\/uploads\/2024\/06\/faldones-bautizo-258x300.jpg 258w, https:\/\/amayaforkids.com\/wp-content\/uploads\/2024\/06\/faldones-bautizo-64x75.jpg 64w\" sizes=\"auto, (max-width: 262px) 100vw, 262px\" \/>\t\t\t\t\t\t\t\t<\/a>\n\t\t\t\t\t\t\t\t\t\t\t\t\t\t\t<\/div>\n\t\t\t\t<\/div>\n\t\t\t\t<\/div>\n\t\t\t\t\t<\/div>\n\t\t\t\t<\/div>\n\t\t<div class=\"elementor-element elementor-element-b23768c e-flex e-con-boxed e-con e-parent\" data-id=\"b23768c\" data-element_type=\"container\" data-e-type=\"container\">\n\t\t\t\t\t<div class=\"e-con-inner\">\n\t\t<div class=\"elementor-element elementor-element-4fcde446 e-con-full e-flex e-con e-child\" data-id=\"4fcde446\" data-element_type=\"container\" data-e-type=\"container\">\n\t\t\t\t<div class=\"elementor-element elementor-element-72025f8d elementor-widget elementor-widget-image\" data-id=\"72025f8d\" data-element_type=\"widget\" data-e-type=\"widget\" data-widget_type=\"image.default\">\n\t\t\t\t<div class=\"elementor-widget-container\">\n\t\t\t\t\t\t\t\t\t\t\t\t\t\t\t\t<a href=\"https:\/\/amayaforkids.com\/en\/baptism-2\/baptism-bonnets\/\">\n\t\t\t\t\t\t\t<img loading=\"lazy\" decoding=\"async\" width=\"262\" height=\"305\" src=\"https:\/\/amayaforkids.com\/wp-content\/uploads\/2024\/06\/capotas-bautizo.jpg\" class=\"attachment-large size-large wp-image-9103\" alt=\"Christening bonnets\" srcset=\"https:\/\/amayaforkids.com\/wp-content\/uploads\/2024\/06\/capotas-bautizo.jpg 262w, https:\/\/amayaforkids.com\/wp-content\/uploads\/2024\/06\/capotas-bautizo-258x300.jpg 258w, https:\/\/amayaforkids.com\/wp-content\/uploads\/2024\/06\/capotas-bautizo-64x75.jpg 64w\" sizes=\"auto, (max-width: 262px) 100vw, 262px\" \/>\t\t\t\t\t\t\t\t<\/a>\n\t\t\t\t\t\t\t\t\t\t\t\t\t\t\t<\/div>\n\t\t\t\t<\/div>\n\t\t\t\t<\/div>\n\t\t<div class=\"elementor-element elementor-element-118ca525 e-con-full e-flex e-con e-child\" data-id=\"118ca525\" data-element_type=\"container\" data-e-type=\"container\">\n\t\t\t\t<div class=\"elementor-element elementor-element-47ed75c4 elementor-widget elementor-widget-image\" data-id=\"47ed75c4\" data-element_type=\"widget\" data-e-type=\"widget\" data-widget_type=\"image.default\">\n\t\t\t\t<div class=\"elementor-widget-container\">\n\t\t\t\t\t\t\t\t\t\t\t\t\t\t\t\t<a href=\"https:\/\/amayaforkids.com\/en\/baptism-2\/christening-accessories\/\">\n\t\t\t\t\t\t\t<img loading=\"lazy\" decoding=\"async\" width=\"262\" height=\"305\" src=\"https:\/\/amayaforkids.com\/wp-content\/uploads\/2024\/06\/accesorios-bautizo.jpeg\" class=\"attachment-large size-large wp-image-9102\" alt=\"Christening Accessories\" srcset=\"https:\/\/amayaforkids.com\/wp-content\/uploads\/2024\/06\/accesorios-bautizo.jpeg 262w, https:\/\/amayaforkids.com\/wp-content\/uploads\/2024\/06\/accesorios-bautizo-258x300.jpeg 258w, https:\/\/amayaforkids.com\/wp-content\/uploads\/2024\/06\/accesorios-bautizo-64x75.jpeg 64w\" sizes=\"auto, (max-width: 262px) 100vw, 262px\" \/>\t\t\t\t\t\t\t\t<\/a>\n\t\t\t\t\t\t\t\t\t\t\t\t\t\t\t<\/div>\n\t\t\t\t<\/div>\n\t\t\t\t<\/div>\n\t\t<div class=\"elementor-element elementor-element-3ae45178 e-con-full e-flex e-con e-child\" data-id=\"3ae45178\" data-element_type=\"container\" data-e-type=\"container\">\n\t\t\t\t<\/div>\n\t\t<div class=\"elementor-element elementor-element-4f6f6850 e-con-full e-flex e-con e-child\" data-id=\"4f6f6850\" data-element_type=\"container\" data-e-type=\"container\">\n\t\t\t\t<\/div>\n\t\t\t\t\t<\/div>\n\t\t\t\t<\/div>\n\t\t<div class=\"elementor-element elementor-element-3fe4c17c e-flex e-con-boxed e-con e-parent\" data-id=\"3fe4c17c\" data-element_type=\"container\" data-e-type=\"container\">\n\t\t\t\t\t<div class=\"e-con-inner\">\n\t\t\t\t<div class=\"elementor-element elementor-element-475b87bf elementor-widget elementor-widget-text-editor\" data-id=\"475b87bf\" data-element_type=\"widget\" data-e-type=\"widget\" data-widget_type=\"text-editor.default\">\n\t\t\t\t<div class=\"elementor-widget-container\">\n\t\t\t\t\t\t\t\t\t<h2><span style=\"font-weight: 400;\">Variety of baby christening clothes in Madrid<\/span><\/h2><p><span style=\"font-weight: 400;\">In all our sales outlets in <\/span><b>baby christening clothes in Madrid<\/b><span style=\"font-weight: 400;\"> you will discover a wide range of products designed for every stage, from newborns of a few days and months to larger sizes.\u00a0<\/span><\/p><p><span style=\"font-weight: 400;\">We thought of every detail so that both boy and girl look elegant in this unique moment.<\/span><\/p><p><b>Our collection includes:<\/b><\/p><ul><li style=\"font-weight: 400;\" aria-level=\"1\"><a href=\"https:\/\/amayaforkids.com\/en\/baptism-2\/christening-skirts\/\"><b>Skirts <\/b><\/a><b>traditional lace and embroidery<\/b><span style=\"font-weight: 400;\">The ideal for classic christenings, with a timeless look that never goes out of style.<\/span><span style=\"font-weight: 400;\"><br \/><\/span><\/li><li style=\"font-weight: 400;\" aria-level=\"1\"><a href=\"https:\/\/amayaforkids.com\/en\/baptism-2\/christening-dresses\/\"><b>Stylish dresses for girls<\/b><\/a><span style=\"font-weight: 400;\">The soft and delicate fabrics, in shades of white and ivory, are perfect for enhancing your baby's natural beauty.<\/span><span style=\"font-weight: 400;\"><br \/><\/span><\/li><li style=\"font-weight: 400;\" aria-level=\"1\"><a href=\"https:\/\/amayaforkids.com\/en\/baptism-2\/christening-sets\/\"><b>Sets <\/b><\/a><b>y <\/b><a href=\"https:\/\/amayaforkids.com\/en\/baptism-2\/christening-rompers\/\"><b>rompers <\/b><\/a><b>for children<\/b><span style=\"font-weight: 400;\">: comfortable and distinguished options, designed so that the little one can move freely during the ceremony without losing elegance.<\/span><span style=\"font-weight: 400;\"><br \/><\/span><\/li><li style=\"font-weight: 400;\" aria-level=\"1\"><a href=\"https:\/\/amayaforkids.com\/en\/baptism-2\/baptism-bonnets\/\"><b>Bonnets <\/b><\/a><b>to match each garment<\/b><span style=\"font-weight: 400;\">The christening gift : an accessory that adds a special touch and helps to complete the christening outfit.<\/span><span style=\"font-weight: 400;\"><br \/><\/span><\/li><li style=\"font-weight: 400;\" aria-level=\"1\"><a href=\"https:\/\/amayaforkids.com\/en\/baptism-2\/christening-accessories\/\"><b>Christening accessories<\/b><\/a><b>:<\/b><span style=\"font-weight: 400;\"> essentials such as booties, bibs, floral belts, blankets and turbans add personality and style to any christening outfit.<\/span><span style=\"font-weight: 400;\"><br \/><\/span><\/li><\/ul><p><span style=\"font-weight: 400;\">Each product is made with <\/span><b>top quality clothing<\/b><span style=\"font-weight: 400;\">We take care of both design and comfort. We know that babies' skin is delicate, so we use soft, breathable and safe materials that guarantee comfort throughout the ceremony.<\/span><\/p><p><span style=\"font-weight: 400;\">If you prefer, you can also consult the <\/span><b>size guide on our website<\/b><span style=\"font-weight: 400;\">where you will have all the information you need to choose the perfect garment.<\/span><\/p><h2><span style=\"font-weight: 400;\">Sets and sizes available in our shop<\/span><\/h2><p><span style=\"font-weight: 400;\">We understand that every baby is unique, that's why we offer <\/span><b>sets in different sizes<\/b><span style=\"font-weight: 400;\"> which are suitable for newborns from a few days old to babies over 12 months old. <\/span><span style=\"font-weight: 400;\"><br \/><\/span><span style=\"font-weight: 400;\">When choosing the right size it is important to <\/span><b>taking the baby's measurements correctly<\/b><span style=\"font-weight: 400;\">.\u00a0<\/span><\/p><p><span style=\"font-weight: 400;\">We recommend measuring:<\/span><\/p><ul><li style=\"font-weight: 400;\" aria-level=\"1\"><b>Chest circumference<\/b><span style=\"font-weight: 400;\">Place the tape measure under the armpits, but not too tightly.<\/span><span style=\"font-weight: 400;\"><br \/><\/span><\/li><li style=\"font-weight: 400;\" aria-level=\"1\"><b>The waist<\/b><span style=\"font-weight: 400;\">Measure around the belly, at the widest part.<\/span><span style=\"font-weight: 400;\"><br \/><\/span><\/li><li style=\"font-weight: 400;\" aria-level=\"1\"><b>The length<\/b><span style=\"font-weight: 400;\">from the shoulders to the feet, especially useful for long skirts or dresses.<\/span><span style=\"font-weight: 400;\"><br \/><\/span><\/li><li style=\"font-weight: 400;\" aria-level=\"1\"><b>The head<\/b><span style=\"font-weight: 400;\">If you choose a bonnet or turban, measure the circumference of your head for a comfortable fit.<\/span><span style=\"font-weight: 400;\"><br \/><\/span><\/li><\/ul><p><span style=\"font-weight: 400;\">At<\/span><b> our online shop<\/b><span style=\"font-weight: 400;\"> you will find a detailed sizing guide to help you compare measurements and select the ideal garment with confidence. This way, you'll avoid any doubts when shopping and ensure your baby looks comfortable and stylish throughout the ceremony.<\/span><\/p><h2><span style=\"font-weight: 400;\">Why buy christening clothes at Amaya for Kids?<\/span><\/h2><p><span style=\"font-weight: 400;\">At <\/span><b>Amaya for Kids<\/b><span style=\"font-weight: 400;\"> we make dressing your baby for their christening easy and special. Both in our shops in Madrid and surroundings and in our online shop, you will find:<\/span><\/p><ul><li style=\"font-weight: 400;\" aria-level=\"1\"><span style=\"font-weight: 400;\">Top quality clothing<\/span><\/li><li style=\"font-weight: 400;\" aria-level=\"1\"><span style=\"font-weight: 400;\">Online size guide<\/span><\/li><li style=\"font-weight: 400;\" aria-level=\"1\"><span style=\"font-weight: 400;\">Expert advice<\/span><\/li><li style=\"font-weight: 400;\" aria-level=\"1\"><span style=\"font-weight: 400;\">Test and comfort<\/span><\/li><li style=\"font-weight: 400;\" aria-level=\"1\"><span style=\"font-weight: 400;\">Variety and exclusivity<\/span><\/li><li style=\"font-weight: 400;\" aria-level=\"1\"><span style=\"font-weight: 400;\">Inspiration and complete combinations\u00a0<\/span><\/li><li style=\"font-weight: 400;\" aria-level=\"1\"><span style=\"font-weight: 400;\">Personalised attention<\/span><\/li><li style=\"font-weight: 400;\" aria-level=\"1\"><span style=\"font-weight: 400;\">Speed and security<\/span><\/li><\/ul><p><span style=\"font-weight: 400;\">Visit the sales outlets, or <\/span><span style=\"font-weight: 400;\">shopping online ensures that your baby looks stylish, comfortable and perfect for such a special day.<\/span><\/p>\t\t\t\t\t\t\t\t<\/div>\n\t\t\t\t<\/div>\n\t\t\t\t\t<\/div>\n\t\t\t\t<\/div>\n\t\t<div class=\"elementor-element elementor-element-72cb4196 e-con-full e-flex e-con e-parent\" data-id=\"72cb4196\" data-element_type=\"container\" data-e-type=\"container\">\n\t\t\t\t<div class=\"elementor-element elementor-element-63fe5ef8 elementor-widget elementor-widget-breadcrumbs\" data-id=\"63fe5ef8\" data-element_type=\"widget\" data-e-type=\"widget\" data-widget_type=\"breadcrumbs.default\">\n\t\t\t\t<div class=\"elementor-widget-container\">\n\t\t\t\t\t<nav aria-label=\"breadcrumbs\" class=\"rank-math-breadcrumb\"><p><span class=\"last\">Amaya Fashion For Kids<\/span><\/p><\/nav>\t\t\t\t<\/div>\n\t\t\t\t<\/div>\n\t\t\t\t<\/div>\n\t\t\t\t<\/div>","protected":false},"excerpt":{"rendered":"<p>Ropa bautizo beb\u00e9 en Madrid: descubre la nueva temporada La llegada de un bautizo es un momento \u00fanico en la vida de cualquier familia. En Amaya for kids sabemos que vestir al beb\u00e9 para un d\u00eda tan especial requiere cuidado, cari\u00f1o y prendas de calidad que transmitan elegancia y tradici\u00f3n. En nuestras tiendas contamos con [&hellip;]<\/p>\n","protected":false},"author":2,"featured_media":0,"parent":0,"menu_order":0,"comment_status":"closed","ping_status":"closed","template":"elementor_header_footer","meta":{"_acf_changed":false,"site-sidebar-layout":"no-sidebar","site-content-layout":"page-builder","ast-site-content-layout":"full-width-container","site-content-style":"default","site-sidebar-style":"default","ast-global-header-display":"","ast-banner-title-visibility":"","ast-main-header-display":"","ast-hfb-above-header-display":"","ast-hfb-below-header-display":"","ast-hfb-mobile-header-display":"","site-post-title":"disabled","ast-breadcrumbs-content":"","ast-featured-img":"disabled","footer-sml-layout":"","ast-disable-related-posts":"","theme-transparent-header-meta":"","adv-header-id-meta":"","stick-header-meta":"","header-above-stick-meta":"","header-main-stick-meta":"","header-below-stick-meta":"","astra-migrate-meta-layouts":"set","ast-page-background-enabled":"default","ast-page-background-meta":{"desktop":{"background-color":"var(--ast-global-color-4)","background-image":"","background-repeat":"repeat","background-position":"center center","background-size":"auto","background-attachment":"scroll","background-type":"","background-media":"","overlay-type":"","overlay-color":"","overlay-opacity":"","overlay-gradient":""},"tablet":{"background-color":"","background-image":"","background-repeat":"repeat","background-position":"center center","background-size":"auto","background-attachment":"scroll","background-type":"","background-media":"","overlay-type":"","overlay-color":"","overlay-opacity":"","overlay-gradient":""},"mobile":{"background-color":"","background-image":"","background-repeat":"repeat","background-position":"center center","background-size":"auto","background-attachment":"scroll","background-type":"","background-media":"","overlay-type":"","overlay-color":"","overlay-opacity":"","overlay-gradient":""}},"ast-content-background-meta":{"desktop":{"background-color":"var(--ast-global-color-5)","background-image":"","background-repeat":"repeat","background-position":"center center","background-size":"auto","background-attachment":"scroll","background-type":"","background-media":"","overlay-type":"","overlay-color":"","overlay-opacity":"","overlay-gradient":""},"tablet":{"background-color":"var(--ast-global-color-5)","background-image":"","background-repeat":"repeat","background-position":"center center","background-size":"auto","background-attachment":"scroll","background-type":"","background-media":"","overlay-type":"","overlay-color":"","overlay-opacity":"","overlay-gradient":""},"mobile":{"background-color":"var(--ast-global-color-5)","background-image":"","background-repeat":"repeat","background-position":"center center","background-size":"auto","background-attachment":"scroll","background-type":"","background-media":"","overlay-type":"","overlay-color":"","overlay-opacity":"","overlay-gradient":""}},"footnotes":""},"class_list":["post-9271","page","type-page","status-publish","hentry"],"acf":[],"_links":{"self":[{"href":"https:\/\/amayaforkids.com\/en\/wp-json\/wp\/v2\/pages\/9271","targetHints":{"allow":["GET"]}}],"collection":[{"href":"https:\/\/amayaforkids.com\/en\/wp-json\/wp\/v2\/pages"}],"about":[{"href":"https:\/\/amayaforkids.com\/en\/wp-json\/wp\/v2\/types\/page"}],"author":[{"embeddable":true,"href":"https:\/\/amayaforkids.com\/en\/wp-json\/wp\/v2\/users\/2"}],"replies":[{"embeddable":true,"href":"https:\/\/amayaforkids.com\/en\/wp-json\/wp\/v2\/comments?post=9271"}],"version-history":[{"count":7,"href":"https:\/\/amayaforkids.com\/en\/wp-json\/wp\/v2\/pages\/9271\/revisions"}],"predecessor-version":[{"id":25509,"href":"https:\/\/amayaforkids.com\/en\/wp-json\/wp\/v2\/pages\/9271\/revisions\/25509"}],"wp:attachment":[{"href":"https:\/\/amayaforkids.com\/en\/wp-json\/wp\/v2\/media?parent=9271"}],"curies":[{"name":"wp","href":"https:\/\/api.w.org\/{rel}","templated":true}]}}