{"id":4321,"date":"2024-02-15T18:51:53","date_gmt":"2024-02-15T17:51:53","guid":{"rendered":"https:\/\/amayaforkids.com\/?page_id=4321"},"modified":"2024-02-15T18:55:50","modified_gmt":"2024-02-15T17:55:50","slug":"parades-2","status":"publish","type":"page","link":"https:\/\/amayaforkids.com\/en\/parades-2\/","title":{"rendered":"Parades"},"content":{"rendered":"<div data-elementor-type=\"wp-page\" data-elementor-id=\"4321\" class=\"elementor elementor-4321\" data-elementor-post-type=\"page\">\n\t\t\t\t<div class=\"elementor-element elementor-element-85e3c7f e-con-full promotion-banner-container e-flex e-con e-parent\" data-id=\"85e3c7f\" data-element_type=\"container\" data-e-type=\"container\" data-settings=\"{&quot;background_background&quot;:&quot;classic&quot;}\">\n\t\t<div class=\"elementor-element elementor-element-d439fda e-con-full cluster-promotion-banner e-flex e-con e-child\" data-id=\"d439fda\" data-element_type=\"container\" data-e-type=\"container\" data-settings=\"{&quot;background_background&quot;:&quot;classic&quot;}\">\n\t\t\t\t<div class=\"elementor-element elementor-element-81aa39a elementor-widget elementor-widget-heading\" data-id=\"81aa39a\" data-element_type=\"widget\" data-e-type=\"widget\" data-widget_type=\"heading.default\">\n\t\t\t\t<div class=\"elementor-widget-container\">\n\t\t\t\t\t<h1 class=\"elementor-heading-title elementor-size-default\">PARADES<\/h1>\t\t\t\t<\/div>\n\t\t\t\t<\/div>\n\t\t\t\t<div class=\"elementor-element elementor-element-398f1fb elementor-widget elementor-widget-text-editor\" data-id=\"398f1fb\" data-element_type=\"widget\" data-e-type=\"widget\" data-widget_type=\"text-editor.default\">\n\t\t\t\t<div class=\"elementor-widget-container\">\n\t\t\t\t\t\t\t\t\t<p>TEXT<\/p>\t\t\t\t\t\t\t\t<\/div>\n\t\t\t\t<\/div>\n\t\t\t\t<\/div>\n\t\t<div class=\"elementor-element elementor-element-9a42399 e-con-full elementor-hidden-mobile e-flex e-con e-child\" data-id=\"9a42399\" data-element_type=\"container\" data-e-type=\"container\" data-settings=\"{&quot;background_background&quot;:&quot;classic&quot;}\">\n\t\t\t\t<\/div>\n\t\t\t\t<\/div>\n\t\t<div class=\"elementor-element elementor-element-60232b6 e-con-full e-flex e-con e-parent\" data-id=\"60232b6\" data-element_type=\"container\" data-e-type=\"container\">\n\t\t<div class=\"elementor-element elementor-element-ecb2f45 e-con-full e-flex e-con e-child\" data-id=\"ecb2f45\" data-element_type=\"container\" data-e-type=\"container\">\n\t\t\t\t<div class=\"elementor-element elementor-element-eaf689a elementor-widget elementor-widget-image\" data-id=\"eaf689a\" data-element_type=\"widget\" data-e-type=\"widget\" data-widget_type=\"image.default\">\n\t\t\t\t<div class=\"elementor-widget-container\">\n\t\t\t\t\t\t\t\t\t\t\t\t\t\t\t<img loading=\"lazy\" decoding=\"async\" width=\"2028\" height=\"1340\" src=\"https:\/\/amayaforkids.com\/wp-content\/uploads\/2024\/02\/SECCION_DESFILES_IMG_01-1.jpg\" class=\"attachment-full size-full wp-image-4323\" alt=\"\" srcset=\"https:\/\/amayaforkids.com\/wp-content\/uploads\/2024\/02\/SECCION_DESFILES_IMG_01-1.jpg 2028w, https:\/\/amayaforkids.com\/wp-content\/uploads\/2024\/02\/SECCION_DESFILES_IMG_01-1-300x198.jpg 300w, https:\/\/amayaforkids.com\/wp-content\/uploads\/2024\/02\/SECCION_DESFILES_IMG_01-1-1200x793.jpg 1200w, https:\/\/amayaforkids.com\/wp-content\/uploads\/2024\/02\/SECCION_DESFILES_IMG_01-1-64x42.jpg 64w, https:\/\/amayaforkids.com\/wp-content\/uploads\/2024\/02\/SECCION_DESFILES_IMG_01-1-1024x677.jpg 1024w, https:\/\/amayaforkids.com\/wp-content\/uploads\/2024\/02\/SECCION_DESFILES_IMG_01-1-768x507.jpg 768w, https:\/\/amayaforkids.com\/wp-content\/uploads\/2024\/02\/SECCION_DESFILES_IMG_01-1-1536x1015.jpg 1536w\" sizes=\"auto, (max-width: 2028px) 100vw, 2028px\" \/>\t\t\t\t\t\t\t\t\t\t\t\t\t\t\t<\/div>\n\t\t\t\t<\/div>\n\t\t\t\t<\/div>\n\t\t<div class=\"elementor-element elementor-element-c5d0329 e-con-full e-flex e-con e-child\" data-id=\"c5d0329\" data-element_type=\"container\" data-e-type=\"container\">\n\t\t\t\t<div class=\"elementor-element elementor-element-d43cf2a elementor-widget elementor-widget-heading\" data-id=\"d43cf2a\" data-element_type=\"widget\" data-e-type=\"widget\" data-widget_type=\"heading.default\">\n\t\t\t\t<div class=\"elementor-widget-container\">\n\t\t\t\t\t<h1 class=\"elementor-heading-title elementor-size-default\">COUTURE FASHION SHOW<\/h1>\t\t\t\t<\/div>\n\t\t\t\t<\/div>\n\t\t\t\t<div class=\"elementor-element elementor-element-fd1dd8e elementor-widget__width-initial elementor-widget elementor-widget-text-editor\" data-id=\"fd1dd8e\" data-element_type=\"widget\" data-e-type=\"widget\" data-widget_type=\"text-editor.default\">\n\t\t\t\t<div class=\"elementor-widget-container\">\n\t\t\t\t\t\t\t\t\t<p><i>Born in Rafal in 1973, Amaya S\u00e1nchez grew up among patterns and fabrics in her parents' workshop, which soon awakened her interest in design and fashion. At the age of 18 she moved to Madrid to study at the Centro Superior de Dise\u00f1o de Moda.<\/i><\/p><p><i>After finishing her studies, her creative interests and her passion for theatre led her to London in 1994, where she extended her training with a postgraduate course at the prestigious University of the Arts London, Central Saint Martins.<\/i><\/p>\t\t\t\t\t\t\t\t<\/div>\n\t\t\t\t<\/div>\n\t\t\t\t<\/div>\n\t\t\t\t<\/div>\n\t\t<div class=\"elementor-element elementor-element-e3acf50 e-con-full e-flex e-con e-parent\" data-id=\"e3acf50\" data-element_type=\"container\" data-e-type=\"container\">\n\t\t<div class=\"elementor-element elementor-element-5aa0e6d e-con-full e-flex e-con e-child\" data-id=\"5aa0e6d\" data-element_type=\"container\" data-e-type=\"container\">\n\t\t\t\t<div class=\"elementor-element elementor-element-4dd8966 elementor-widget elementor-widget-image\" data-id=\"4dd8966\" data-element_type=\"widget\" data-e-type=\"widget\" data-widget_type=\"image.default\">\n\t\t\t\t<div class=\"elementor-widget-container\">\n\t\t\t\t\t\t\t\t\t\t\t\t\t\t\t<img loading=\"lazy\" decoding=\"async\" width=\"2028\" height=\"1340\" src=\"https:\/\/amayaforkids.com\/wp-content\/uploads\/2024\/02\/SECCION_DESFILES_IMG_02.jpg\" class=\"attachment-full size-full wp-image-4324\" alt=\"\" srcset=\"https:\/\/amayaforkids.com\/wp-content\/uploads\/2024\/02\/SECCION_DESFILES_IMG_02.jpg 2028w, https:\/\/amayaforkids.com\/wp-content\/uploads\/2024\/02\/SECCION_DESFILES_IMG_02-300x198.jpg 300w, https:\/\/amayaforkids.com\/wp-content\/uploads\/2024\/02\/SECCION_DESFILES_IMG_02-1200x793.jpg 1200w, https:\/\/amayaforkids.com\/wp-content\/uploads\/2024\/02\/SECCION_DESFILES_IMG_02-64x42.jpg 64w, https:\/\/amayaforkids.com\/wp-content\/uploads\/2024\/02\/SECCION_DESFILES_IMG_02-1024x677.jpg 1024w, https:\/\/amayaforkids.com\/wp-content\/uploads\/2024\/02\/SECCION_DESFILES_IMG_02-768x507.jpg 768w, https:\/\/amayaforkids.com\/wp-content\/uploads\/2024\/02\/SECCION_DESFILES_IMG_02-1536x1015.jpg 1536w\" sizes=\"auto, (max-width: 2028px) 100vw, 2028px\" \/>\t\t\t\t\t\t\t\t\t\t\t\t\t\t\t<\/div>\n\t\t\t\t<\/div>\n\t\t\t\t<\/div>\n\t\t<div class=\"elementor-element elementor-element-5fb6369 e-con-full e-flex e-con e-child\" data-id=\"5fb6369\" data-element_type=\"container\" data-e-type=\"container\">\n\t\t\t\t<div class=\"elementor-element elementor-element-ef51c3d elementor-widget elementor-widget-heading\" data-id=\"ef51c3d\" data-element_type=\"widget\" data-e-type=\"widget\" data-widget_type=\"heading.default\">\n\t\t\t\t<div class=\"elementor-widget-container\">\n\t\t\t\t\t<h1 class=\"elementor-heading-title elementor-size-default\">MAGIC DAY PARADE<\/h1>\t\t\t\t<\/div>\n\t\t\t\t<\/div>\n\t\t\t\t<div class=\"elementor-element elementor-element-f7d19fc elementor-widget__width-initial elementor-widget elementor-widget-text-editor\" data-id=\"f7d19fc\" data-element_type=\"widget\" data-e-type=\"widget\" data-widget_type=\"text-editor.default\">\n\t\t\t\t<div class=\"elementor-widget-container\">\n\t\t\t\t\t\t\t\t\t<p><i>Amaya combined her studies with the creation of small fashion collections for exclusive clients, but finally, in 1998, she joined the family business, Amaya Fashion for Kids, as head of product development and production. In 2021 Amaya takes over as CEO of the company.<\/i><\/p>\t\t\t\t\t\t\t\t<\/div>\n\t\t\t\t<\/div>\n\t\t\t\t<\/div>\n\t\t\t\t<\/div>\n\t\t<div class=\"elementor-element elementor-element-afdd240 e-con-full e-flex e-con e-parent\" data-id=\"afdd240\" data-element_type=\"container\" data-e-type=\"container\">\n\t\t<div class=\"elementor-element elementor-element-03cf03e e-con-full e-flex e-con e-child\" data-id=\"03cf03e\" data-element_type=\"container\" data-e-type=\"container\">\n\t\t\t\t<div class=\"elementor-element elementor-element-635c539 elementor-widget elementor-widget-image\" data-id=\"635c539\" data-element_type=\"widget\" data-e-type=\"widget\" data-widget_type=\"image.default\">\n\t\t\t\t<div class=\"elementor-widget-container\">\n\t\t\t\t\t\t\t\t\t\t\t\t\t\t\t<img loading=\"lazy\" decoding=\"async\" width=\"2028\" height=\"1340\" src=\"https:\/\/amayaforkids.com\/wp-content\/uploads\/2024\/02\/SECCION_DESFILES_IMG_03-1.jpg\" class=\"attachment-full size-full wp-image-4325\" alt=\"\" srcset=\"https:\/\/amayaforkids.com\/wp-content\/uploads\/2024\/02\/SECCION_DESFILES_IMG_03-1.jpg 2028w, https:\/\/amayaforkids.com\/wp-content\/uploads\/2024\/02\/SECCION_DESFILES_IMG_03-1-300x198.jpg 300w, https:\/\/amayaforkids.com\/wp-content\/uploads\/2024\/02\/SECCION_DESFILES_IMG_03-1-1200x793.jpg 1200w, https:\/\/amayaforkids.com\/wp-content\/uploads\/2024\/02\/SECCION_DESFILES_IMG_03-1-64x42.jpg 64w, https:\/\/amayaforkids.com\/wp-content\/uploads\/2024\/02\/SECCION_DESFILES_IMG_03-1-1024x677.jpg 1024w, https:\/\/amayaforkids.com\/wp-content\/uploads\/2024\/02\/SECCION_DESFILES_IMG_03-1-768x507.jpg 768w, https:\/\/amayaforkids.com\/wp-content\/uploads\/2024\/02\/SECCION_DESFILES_IMG_03-1-1536x1015.jpg 1536w\" sizes=\"auto, (max-width: 2028px) 100vw, 2028px\" \/>\t\t\t\t\t\t\t\t\t\t\t\t\t\t\t<\/div>\n\t\t\t\t<\/div>\n\t\t\t\t<\/div>\n\t\t<div class=\"elementor-element elementor-element-92678be e-con-full e-flex e-con e-child\" data-id=\"92678be\" data-element_type=\"container\" data-e-type=\"container\">\n\t\t\t\t<div class=\"elementor-element elementor-element-8add991 elementor-widget elementor-widget-heading\" data-id=\"8add991\" data-element_type=\"widget\" data-e-type=\"widget\" data-widget_type=\"heading.default\">\n\t\t\t\t<div class=\"elementor-widget-container\">\n\t\t\t\t\t<h1 class=\"elementor-heading-title elementor-size-default\">A ROMANTIC SUNSET<\/h1>\t\t\t\t<\/div>\n\t\t\t\t<\/div>\n\t\t\t\t<div class=\"elementor-element elementor-element-b5f2a88 elementor-widget__width-initial elementor-widget elementor-widget-text-editor\" data-id=\"b5f2a88\" data-element_type=\"widget\" data-e-type=\"widget\" data-widget_type=\"text-editor.default\">\n\t\t\t\t<div class=\"elementor-widget-container\">\n\t\t\t\t\t\t\t\t\t<p>Text<\/p>\t\t\t\t\t\t\t\t<\/div>\n\t\t\t\t<\/div>\n\t\t\t\t<\/div>\n\t\t\t\t<\/div>\n\t\t\t\t<\/div>","protected":false},"excerpt":{"rendered":"<p>DESFILES TEXTO DESFILE COUTURE Nacida en Rafal en 1973 Amaya S\u00e1nchez, creci\u00f3 entre patrones y tejidos en el taller de sus padres, lo que pronto despert\u00f3 su inter\u00e9s por el dise\u00f1o y la moda. A los 18 a\u00f1os se traslada a Madrid para cursas sus estudios en el Centro Superior de Dise\u00f1o de Moda. Finalizados [&hellip;]<\/p>\n","protected":false},"author":2,"featured_media":0,"parent":0,"menu_order":0,"comment_status":"closed","ping_status":"closed","template":"","meta":{"_acf_changed":false,"site-sidebar-layout":"no-sidebar","site-content-layout":"page-builder","ast-site-content-layout":"full-width-container","site-content-style":"default","site-sidebar-style":"default","ast-global-header-display":"","ast-banner-title-visibility":"","ast-main-header-display":"","ast-hfb-above-header-display":"","ast-hfb-below-header-display":"","ast-hfb-mobile-header-display":"","site-post-title":"disabled","ast-breadcrumbs-content":"","ast-featured-img":"disabled","footer-sml-layout":"","ast-disable-related-posts":"","theme-transparent-header-meta":"","adv-header-id-meta":"","stick-header-meta":"","header-above-stick-meta":"","header-main-stick-meta":"","header-below-stick-meta":"","astra-migrate-meta-layouts":"set","ast-page-background-enabled":"default","ast-page-background-meta":{"desktop":{"background-color":"var(--ast-global-color-4)","background-image":"","background-repeat":"repeat","background-position":"center center","background-size":"auto","background-attachment":"scroll","background-type":"","background-media":"","overlay-type":"","overlay-color":"","overlay-opacity":"","overlay-gradient":""},"tablet":{"background-color":"","background-image":"","background-repeat":"repeat","background-position":"center center","background-size":"auto","background-attachment":"scroll","background-type":"","background-media":"","overlay-type":"","overlay-color":"","overlay-opacity":"","overlay-gradient":""},"mobile":{"background-color":"","background-image":"","background-repeat":"repeat","background-position":"center center","background-size":"auto","background-attachment":"scroll","background-type":"","background-media":"","overlay-type":"","overlay-color":"","overlay-opacity":"","overlay-gradient":""}},"ast-content-background-meta":{"desktop":{"background-color":"var(--ast-global-color-5)","background-image":"","background-repeat":"repeat","background-position":"center center","background-size":"auto","background-attachment":"scroll","background-type":"","background-media":"","overlay-type":"","overlay-color":"","overlay-opacity":"","overlay-gradient":""},"tablet":{"background-color":"var(--ast-global-color-5)","background-image":"","background-repeat":"repeat","background-position":"center center","background-size":"auto","background-attachment":"scroll","background-type":"","background-media":"","overlay-type":"","overlay-color":"","overlay-opacity":"","overlay-gradient":""},"mobile":{"background-color":"var(--ast-global-color-5)","background-image":"","background-repeat":"repeat","background-position":"center center","background-size":"auto","background-attachment":"scroll","background-type":"","background-media":"","overlay-type":"","overlay-color":"","overlay-opacity":"","overlay-gradient":""}},"footnotes":""},"class_list":["post-4321","page","type-page","status-publish","hentry"],"acf":[],"_links":{"self":[{"href":"https:\/\/amayaforkids.com\/en\/wp-json\/wp\/v2\/pages\/4321","targetHints":{"allow":["GET"]}}],"collection":[{"href":"https:\/\/amayaforkids.com\/en\/wp-json\/wp\/v2\/pages"}],"about":[{"href":"https:\/\/amayaforkids.com\/en\/wp-json\/wp\/v2\/types\/page"}],"author":[{"embeddable":true,"href":"https:\/\/amayaforkids.com\/en\/wp-json\/wp\/v2\/users\/2"}],"replies":[{"embeddable":true,"href":"https:\/\/amayaforkids.com\/en\/wp-json\/wp\/v2\/comments?post=4321"}],"version-history":[{"count":0,"href":"https:\/\/amayaforkids.com\/en\/wp-json\/wp\/v2\/pages\/4321\/revisions"}],"wp:attachment":[{"href":"https:\/\/amayaforkids.com\/en\/wp-json\/wp\/v2\/media?parent=4321"}],"curies":[{"name":"wp","href":"https:\/\/api.w.org\/{rel}","templated":true}]}}