{"id":4311,"date":"2024-02-15T18:39:29","date_gmt":"2024-02-15T17:39:29","guid":{"rendered":"https:\/\/amayaforkids.com\/?page_id=4311"},"modified":"2025-07-28T10:24:02","modified_gmt":"2025-07-28T08:24:02","slug":"atelier-2","status":"publish","type":"page","link":"https:\/\/amayaforkids.com\/en\/atelier-2\/","title":{"rendered":"Atelier"},"content":{"rendered":"<div data-elementor-type=\"wp-page\" data-elementor-id=\"4311\" class=\"elementor elementor-4311\" data-elementor-post-type=\"page\">\n\t\t\t\t<div class=\"elementor-element elementor-element-85e3c7f e-con-full promotion-banner-container e-flex e-con e-parent\" data-id=\"85e3c7f\" data-element_type=\"container\" data-e-type=\"container\" data-settings=\"{&quot;background_background&quot;:&quot;classic&quot;}\">\n\t\t<div class=\"elementor-element elementor-element-d439fda e-con-full cluster-promotion-banner e-flex e-con e-child\" data-id=\"d439fda\" data-element_type=\"container\" data-e-type=\"container\" data-settings=\"{&quot;background_background&quot;:&quot;classic&quot;}\">\n\t\t\t\t<div class=\"elementor-element elementor-element-81aa39a elementor-widget elementor-widget-heading\" data-id=\"81aa39a\" data-element_type=\"widget\" data-e-type=\"widget\" data-widget_type=\"heading.default\">\n\t\t\t\t<div class=\"elementor-widget-container\">\n\t\t\t\t\t<h1 class=\"elementor-heading-title elementor-size-default\">Atelier<\/h1>\t\t\t\t<\/div>\n\t\t\t\t<\/div>\n\t\t\t\t<\/div>\n\t\t<div class=\"elementor-element elementor-element-9a42399 e-con-full elementor-hidden-mobile e-flex e-con e-child\" data-id=\"9a42399\" data-element_type=\"container\" data-e-type=\"container\" data-settings=\"{&quot;background_background&quot;:&quot;classic&quot;}\">\n\t\t\t\t<\/div>\n\t\t\t\t<\/div>\n\t\t<div class=\"elementor-element elementor-element-60232b6 e-con-full e-flex e-con e-parent\" data-id=\"60232b6\" data-element_type=\"container\" data-e-type=\"container\">\n\t\t<div class=\"elementor-element elementor-element-ecb2f45 e-con-full e-flex e-con e-child\" data-id=\"ecb2f45\" data-element_type=\"container\" data-e-type=\"container\">\n\t\t\t\t<div class=\"elementor-element elementor-element-eaf689a elementor-widget elementor-widget-image\" data-id=\"eaf689a\" data-element_type=\"widget\" data-e-type=\"widget\" data-widget_type=\"image.default\">\n\t\t\t\t<div class=\"elementor-widget-container\">\n\t\t\t\t\t\t\t\t\t\t\t\t\t\t\t<img loading=\"lazy\" decoding=\"async\" width=\"2028\" height=\"1340\" src=\"https:\/\/amayaforkids.com\/wp-content\/uploads\/2024\/02\/SECCION_ATELIER_IMG_01-3.jpg\" class=\"attachment-full size-full wp-image-4350\" alt=\"\" srcset=\"https:\/\/amayaforkids.com\/wp-content\/uploads\/2024\/02\/SECCION_ATELIER_IMG_01-3.jpg 2028w, https:\/\/amayaforkids.com\/wp-content\/uploads\/2024\/02\/SECCION_ATELIER_IMG_01-3-300x198.jpg 300w, https:\/\/amayaforkids.com\/wp-content\/uploads\/2024\/02\/SECCION_ATELIER_IMG_01-3-1200x793.jpg 1200w, https:\/\/amayaforkids.com\/wp-content\/uploads\/2024\/02\/SECCION_ATELIER_IMG_01-3-64x42.jpg 64w, https:\/\/amayaforkids.com\/wp-content\/uploads\/2024\/02\/SECCION_ATELIER_IMG_01-3-1024x677.jpg 1024w, https:\/\/amayaforkids.com\/wp-content\/uploads\/2024\/02\/SECCION_ATELIER_IMG_01-3-768x507.jpg 768w, https:\/\/amayaforkids.com\/wp-content\/uploads\/2024\/02\/SECCION_ATELIER_IMG_01-3-1536x1015.jpg 1536w\" sizes=\"auto, (max-width: 2028px) 100vw, 2028px\" \/>\t\t\t\t\t\t\t\t\t\t\t\t\t\t\t<\/div>\n\t\t\t\t<\/div>\n\t\t\t\t<\/div>\n\t\t<div class=\"elementor-element elementor-element-c5d0329 e-con-full e-flex e-con e-child\" data-id=\"c5d0329\" data-element_type=\"container\" data-e-type=\"container\">\n\t\t\t\t<div class=\"elementor-element elementor-element-4af72eb elementor-widget elementor-widget-heading\" data-id=\"4af72eb\" data-element_type=\"widget\" data-e-type=\"widget\" data-widget_type=\"heading.default\">\n\t\t\t\t<div class=\"elementor-widget-container\">\n\t\t\t\t\t<h2 class=\"elementor-heading-title elementor-size-default\">GOYA AWARDS<\/h2>\t\t\t\t<\/div>\n\t\t\t\t<\/div>\n\t\t\t\t<div class=\"elementor-element elementor-element-fd1dd8e elementor-widget__width-initial elementor-widget elementor-widget-text-editor\" data-id=\"fd1dd8e\" data-element_type=\"widget\" data-e-type=\"widget\" data-widget_type=\"text-editor.default\">\n\t\t\t\t<div class=\"elementor-widget-container\">\n\t\t\t\t\t\t\t\t\t<p>For such a special occasion, for Sofia Otero, our creative director Amaya Sanchez, designed a dress in moir\u00e9 dress in intense strawberry colour, with an elegant neckline in the back and a generous tail in a cascade of godets, with contrasting colour on the inside. Feather details on the shoulders stand out and it is accompanied by an exclusive design, a <em>casquet<\/em> in tone-on-tone feathers. Exclusive design by Amaya S\u00e1nchez Couture.<\/p>\t\t\t\t\t\t\t\t<\/div>\n\t\t\t\t<\/div>\n\t\t\t\t<\/div>\n\t\t\t\t<\/div>\n\t\t<div class=\"elementor-element elementor-element-e3acf50 e-con-full e-flex e-con e-parent\" data-id=\"e3acf50\" data-element_type=\"container\" data-e-type=\"container\">\n\t\t<div class=\"elementor-element elementor-element-5aa0e6d e-con-full e-flex e-con e-child\" data-id=\"5aa0e6d\" data-element_type=\"container\" data-e-type=\"container\">\n\t\t\t\t<div class=\"elementor-element elementor-element-4dd8966 elementor-widget elementor-widget-image\" data-id=\"4dd8966\" data-element_type=\"widget\" data-e-type=\"widget\" data-widget_type=\"image.default\">\n\t\t\t\t<div class=\"elementor-widget-container\">\n\t\t\t\t\t\t\t\t\t\t\t\t\t\t\t<img loading=\"lazy\" decoding=\"async\" width=\"2028\" height=\"1340\" src=\"https:\/\/amayaforkids.com\/wp-content\/uploads\/2024\/02\/SECCION_ATELIER_IMG_02-3.jpg\" class=\"attachment-full size-full wp-image-4351\" alt=\"\" srcset=\"https:\/\/amayaforkids.com\/wp-content\/uploads\/2024\/02\/SECCION_ATELIER_IMG_02-3.jpg 2028w, https:\/\/amayaforkids.com\/wp-content\/uploads\/2024\/02\/SECCION_ATELIER_IMG_02-3-300x198.jpg 300w, https:\/\/amayaforkids.com\/wp-content\/uploads\/2024\/02\/SECCION_ATELIER_IMG_02-3-1200x793.jpg 1200w, https:\/\/amayaforkids.com\/wp-content\/uploads\/2024\/02\/SECCION_ATELIER_IMG_02-3-64x42.jpg 64w, https:\/\/amayaforkids.com\/wp-content\/uploads\/2024\/02\/SECCION_ATELIER_IMG_02-3-1024x677.jpg 1024w, https:\/\/amayaforkids.com\/wp-content\/uploads\/2024\/02\/SECCION_ATELIER_IMG_02-3-768x507.jpg 768w, https:\/\/amayaforkids.com\/wp-content\/uploads\/2024\/02\/SECCION_ATELIER_IMG_02-3-1536x1015.jpg 1536w\" sizes=\"auto, (max-width: 2028px) 100vw, 2028px\" \/>\t\t\t\t\t\t\t\t\t\t\t\t\t\t\t<\/div>\n\t\t\t\t<\/div>\n\t\t\t\t<\/div>\n\t\t<div class=\"elementor-element elementor-element-5fb6369 e-con-full e-flex e-con e-child\" data-id=\"5fb6369\" data-element_type=\"container\" data-e-type=\"container\">\n\t\t\t\t<div class=\"elementor-element elementor-element-cb47c12 elementor-widget elementor-widget-heading\" data-id=\"cb47c12\" data-element_type=\"widget\" data-e-type=\"widget\" data-widget_type=\"heading.default\">\n\t\t\t\t<div class=\"elementor-widget-container\">\n\t\t\t\t\t<h2 class=\"elementor-heading-title elementor-size-default\">FEROZ AWARDS<\/h2>\t\t\t\t<\/div>\n\t\t\t\t<\/div>\n\t\t\t\t<div class=\"elementor-element elementor-element-f7d19fc elementor-widget__width-initial elementor-widget elementor-widget-text-editor\" data-id=\"f7d19fc\" data-element_type=\"widget\" data-e-type=\"widget\" data-widget_type=\"text-editor.default\">\n\t\t\t\t<div class=\"elementor-widget-container\">\n\t\t\t\t\t\t\t\t\t<p>Sof\u00eda Otero captivated us with her performance and we were thrilled to share with her such a special moment as dressing her for the Feroz Awards. For the event, Sof\u00eda wore an asymmetrical dress, with a ruffle voile on the shoulder, in a delicate <em>Jacquard<\/em> pictorial print, from our Amaya S\u00e1nchez Couture line. In addition, our creative director designed exclusively for her a lime green crepe cape, balloon silhouette, which dazzled at the gala.<\/p>\t\t\t\t\t\t\t\t<\/div>\n\t\t\t\t<\/div>\n\t\t\t\t<\/div>\n\t\t\t\t<\/div>\n\t\t<div class=\"elementor-element elementor-element-afdd240 e-con-full e-flex e-con e-parent\" data-id=\"afdd240\" data-element_type=\"container\" data-e-type=\"container\">\n\t\t<div class=\"elementor-element elementor-element-03cf03e e-con-full e-flex e-con e-child\" data-id=\"03cf03e\" data-element_type=\"container\" data-e-type=\"container\">\n\t\t\t\t<div class=\"elementor-element elementor-element-635c539 elementor-widget elementor-widget-image\" data-id=\"635c539\" data-element_type=\"widget\" data-e-type=\"widget\" data-widget_type=\"image.default\">\n\t\t\t\t<div class=\"elementor-widget-container\">\n\t\t\t\t\t\t\t\t\t\t\t\t\t\t\t<img loading=\"lazy\" decoding=\"async\" width=\"2028\" height=\"1340\" src=\"https:\/\/amayaforkids.com\/wp-content\/uploads\/2024\/02\/SECCION_ATELIER_IMG_03-2.jpg\" class=\"attachment-full size-full wp-image-4352\" alt=\"\" srcset=\"https:\/\/amayaforkids.com\/wp-content\/uploads\/2024\/02\/SECCION_ATELIER_IMG_03-2.jpg 2028w, https:\/\/amayaforkids.com\/wp-content\/uploads\/2024\/02\/SECCION_ATELIER_IMG_03-2-300x198.jpg 300w, https:\/\/amayaforkids.com\/wp-content\/uploads\/2024\/02\/SECCION_ATELIER_IMG_03-2-1200x793.jpg 1200w, https:\/\/amayaforkids.com\/wp-content\/uploads\/2024\/02\/SECCION_ATELIER_IMG_03-2-64x42.jpg 64w, https:\/\/amayaforkids.com\/wp-content\/uploads\/2024\/02\/SECCION_ATELIER_IMG_03-2-1024x677.jpg 1024w, https:\/\/amayaforkids.com\/wp-content\/uploads\/2024\/02\/SECCION_ATELIER_IMG_03-2-768x507.jpg 768w, https:\/\/amayaforkids.com\/wp-content\/uploads\/2024\/02\/SECCION_ATELIER_IMG_03-2-1536x1015.jpg 1536w\" sizes=\"auto, (max-width: 2028px) 100vw, 2028px\" \/>\t\t\t\t\t\t\t\t\t\t\t\t\t\t\t<\/div>\n\t\t\t\t<\/div>\n\t\t\t\t<\/div>\n\t\t<div class=\"elementor-element elementor-element-92678be e-con-full e-flex e-con e-child\" data-id=\"92678be\" data-element_type=\"container\" data-e-type=\"container\">\n\t\t\t\t<div class=\"elementor-element elementor-element-d69f190 elementor-widget elementor-widget-heading\" data-id=\"d69f190\" data-element_type=\"widget\" data-e-type=\"widget\" data-widget_type=\"heading.default\">\n\t\t\t\t<div class=\"elementor-widget-container\">\n\t\t\t\t\t<h2 class=\"elementor-heading-title elementor-size-default\">CRAFTSMANSHIP<\/h2>\t\t\t\t<\/div>\n\t\t\t\t<\/div>\n\t\t\t\t<div class=\"elementor-element elementor-element-b5f2a88 elementor-widget__width-initial elementor-widget elementor-widget-text-editor\" data-id=\"b5f2a88\" data-element_type=\"widget\" data-e-type=\"widget\" data-widget_type=\"text-editor.default\">\n\t\t\t\t<div class=\"elementor-widget-container\">\n\t\t\t\t\t\t\t\t\t<p>Kilometre zero manufacturing, with exhaustive quality control, is a palpable reality in Amaya's business world. Manufacturing in the province of Alicante with nearby workshops and in the rest of the Spanish geography, is the scenario of the company throughout its trajectory until today.<\/p>\t\t\t\t\t\t\t\t<\/div>\n\t\t\t\t<\/div>\n\t\t\t\t<\/div>\n\t\t\t\t<\/div>\n\t\t<div class=\"elementor-element elementor-element-ef8c6ce e-con-full e-flex e-con e-parent\" data-id=\"ef8c6ce\" data-element_type=\"container\" data-e-type=\"container\">\n\t\t\t\t<div class=\"elementor-element elementor-element-24e9343 elementor-widget elementor-widget-breadcrumbs\" data-id=\"24e9343\" data-element_type=\"widget\" data-e-type=\"widget\" data-widget_type=\"breadcrumbs.default\">\n\t\t\t\t<div class=\"elementor-widget-container\">\n\t\t\t\t\t<nav aria-label=\"breadcrumbs\" class=\"rank-math-breadcrumb\"><p><span class=\"last\">Amaya Fashion For Kids<\/span><\/p><\/nav>\t\t\t\t<\/div>\n\t\t\t\t<\/div>\n\t\t\t\t<\/div>\n\t\t\t\t<\/div>","protected":false},"excerpt":{"rendered":"<p>Atelier PREMIOS GOYA Para una ocasi\u00f3n tan especial, para Sof\u00eda Otero, nuestra directora creativa Amaya S\u00e1nchez, dise\u00f1o un vestido en Vestido de moar\u00e9 en color fresa intenso, con un elegante escote en la espalda y una generosa cola en cascada de godets, con color a contraste en el interior. Destacan los detalles de plumas en [&hellip;]<\/p>\n","protected":false},"author":2,"featured_media":0,"parent":0,"menu_order":0,"comment_status":"closed","ping_status":"closed","template":"elementor_header_footer","meta":{"_acf_changed":false,"site-sidebar-layout":"no-sidebar","site-content-layout":"page-builder","ast-site-content-layout":"full-width-container","site-content-style":"default","site-sidebar-style":"default","ast-global-header-display":"","ast-banner-title-visibility":"","ast-main-header-display":"","ast-hfb-above-header-display":"","ast-hfb-below-header-display":"","ast-hfb-mobile-header-display":"","site-post-title":"disabled","ast-breadcrumbs-content":"","ast-featured-img":"disabled","footer-sml-layout":"","ast-disable-related-posts":"","theme-transparent-header-meta":"","adv-header-id-meta":"","stick-header-meta":"","header-above-stick-meta":"","header-main-stick-meta":"","header-below-stick-meta":"","astra-migrate-meta-layouts":"set","ast-page-background-enabled":"default","ast-page-background-meta":{"desktop":{"background-color":"var(--ast-global-color-4)","background-image":"","background-repeat":"repeat","background-position":"center center","background-size":"auto","background-attachment":"scroll","background-type":"","background-media":"","overlay-type":"","overlay-color":"","overlay-opacity":"","overlay-gradient":""},"tablet":{"background-color":"","background-image":"","background-repeat":"repeat","background-position":"center center","background-size":"auto","background-attachment":"scroll","background-type":"","background-media":"","overlay-type":"","overlay-color":"","overlay-opacity":"","overlay-gradient":""},"mobile":{"background-color":"","background-image":"","background-repeat":"repeat","background-position":"center center","background-size":"auto","background-attachment":"scroll","background-type":"","background-media":"","overlay-type":"","overlay-color":"","overlay-opacity":"","overlay-gradient":""}},"ast-content-background-meta":{"desktop":{"background-color":"var(--ast-global-color-5)","background-image":"","background-repeat":"repeat","background-position":"center center","background-size":"auto","background-attachment":"scroll","background-type":"","background-media":"","overlay-type":"","overlay-color":"","overlay-opacity":"","overlay-gradient":""},"tablet":{"background-color":"var(--ast-global-color-5)","background-image":"","background-repeat":"repeat","background-position":"center center","background-size":"auto","background-attachment":"scroll","background-type":"","background-media":"","overlay-type":"","overlay-color":"","overlay-opacity":"","overlay-gradient":""},"mobile":{"background-color":"var(--ast-global-color-5)","background-image":"","background-repeat":"repeat","background-position":"center center","background-size":"auto","background-attachment":"scroll","background-type":"","background-media":"","overlay-type":"","overlay-color":"","overlay-opacity":"","overlay-gradient":""}},"footnotes":""},"class_list":["post-4311","page","type-page","status-publish","hentry"],"acf":[],"_links":{"self":[{"href":"https:\/\/amayaforkids.com\/en\/wp-json\/wp\/v2\/pages\/4311","targetHints":{"allow":["GET"]}}],"collection":[{"href":"https:\/\/amayaforkids.com\/en\/wp-json\/wp\/v2\/pages"}],"about":[{"href":"https:\/\/amayaforkids.com\/en\/wp-json\/wp\/v2\/types\/page"}],"author":[{"embeddable":true,"href":"https:\/\/amayaforkids.com\/en\/wp-json\/wp\/v2\/users\/2"}],"replies":[{"embeddable":true,"href":"https:\/\/amayaforkids.com\/en\/wp-json\/wp\/v2\/comments?post=4311"}],"version-history":[{"count":2,"href":"https:\/\/amayaforkids.com\/en\/wp-json\/wp\/v2\/pages\/4311\/revisions"}],"predecessor-version":[{"id":24915,"href":"https:\/\/amayaforkids.com\/en\/wp-json\/wp\/v2\/pages\/4311\/revisions\/24915"}],"wp:attachment":[{"href":"https:\/\/amayaforkids.com\/en\/wp-json\/wp\/v2\/media?parent=4311"}],"curies":[{"name":"wp","href":"https:\/\/api.w.org\/{rel}","templated":true}]}}