{"id":3912,"date":"2024-02-15T00:05:36","date_gmt":"2024-02-14T23:05:36","guid":{"rendered":"https:\/\/amayaforkids.com\/?page_id=3912"},"modified":"2025-05-26T12:36:36","modified_gmt":"2025-05-26T10:36:36","slug":"flash-fashion-2","status":"publish","type":"page","link":"https:\/\/amayaforkids.com\/en\/flash-fashion-2\/","title":{"rendered":"FLASH FASH FASHION"},"content":{"rendered":"<div data-elementor-type=\"wp-page\" data-elementor-id=\"3912\" class=\"elementor elementor-3912\" data-elementor-post-type=\"page\">\n\t\t\t\t<div class=\"elementor-element elementor-element-60232b6 e-flex e-con-boxed e-con e-parent\" data-id=\"60232b6\" data-element_type=\"container\" data-e-type=\"container\">\n\t\t\t\t\t<div class=\"e-con-inner\">\n\t\t<div class=\"elementor-element elementor-element-ecb2f45 e-con-full e-flex e-con e-child\" data-id=\"ecb2f45\" data-element_type=\"container\" data-e-type=\"container\">\n\t\t\t\t<div class=\"elementor-element elementor-element-eaf689a elementor-widget elementor-widget-image\" data-id=\"eaf689a\" data-element_type=\"widget\" data-e-type=\"widget\" data-widget_type=\"image.default\">\n\t\t\t\t<div class=\"elementor-widget-container\">\n\t\t\t\t\t\t\t\t\t\t\t\t\t\t\t<img loading=\"lazy\" decoding=\"async\" width=\"1024\" height=\"1024\" src=\"https:\/\/amayaforkids.com\/wp-content\/uploads\/2024\/02\/DSC_0584_ED_P_-1024x1024.jpg\" class=\"attachment-large size-large wp-image-3915\" alt=\"\" srcset=\"https:\/\/amayaforkids.com\/wp-content\/uploads\/2024\/02\/DSC_0584_ED_P_-1024x1024.jpg 1024w, https:\/\/amayaforkids.com\/wp-content\/uploads\/2024\/02\/DSC_0584_ED_P_-scaled-600x600.jpg 600w, https:\/\/amayaforkids.com\/wp-content\/uploads\/2024\/02\/DSC_0584_ED_P_-300x300.jpg 300w, https:\/\/amayaforkids.com\/wp-content\/uploads\/2024\/02\/DSC_0584_ED_P_-scaled-1200x1200.jpg 1200w, https:\/\/amayaforkids.com\/wp-content\/uploads\/2024\/02\/DSC_0584_ED_P_-scaled-64x64.jpg 64w, https:\/\/amayaforkids.com\/wp-content\/uploads\/2024\/02\/DSC_0584_ED_P_-150x150.jpg 150w, https:\/\/amayaforkids.com\/wp-content\/uploads\/2024\/02\/DSC_0584_ED_P_-768x768.jpg 768w, https:\/\/amayaforkids.com\/wp-content\/uploads\/2024\/02\/DSC_0584_ED_P_-1536x1536.jpg 1536w, https:\/\/amayaforkids.com\/wp-content\/uploads\/2024\/02\/DSC_0584_ED_P_-2048x2048.jpg 2048w\" sizes=\"auto, (max-width: 1024px) 100vw, 1024px\" \/>\t\t\t\t\t\t\t\t\t\t\t\t\t\t\t<\/div>\n\t\t\t\t<\/div>\n\t\t\t\t<\/div>\n\t\t<div class=\"elementor-element elementor-element-c5d0329 e-con-full e-flex e-con e-child\" data-id=\"c5d0329\" data-element_type=\"container\" data-e-type=\"container\">\n\t\t\t\t<div class=\"elementor-element elementor-element-9644f07 elementor-widget elementor-widget-image\" data-id=\"9644f07\" data-element_type=\"widget\" data-e-type=\"widget\" data-widget_type=\"image.default\">\n\t\t\t\t<div class=\"elementor-widget-container\">\n\t\t\t\t\t\t\t\t\t\t\t\t\t\t\t<img decoding=\"async\" src=\"https:\/\/amayaforkids.com\/wp-content\/uploads\/elementor\/thumbs\/KMBeMJgU_400x400-r3oszqzhmaflslpe9nue2d8yz8v1wdxmcok0iwquyk.jpg\" title=\"KMBeMJgU_400x400\" alt=\"KMBeMJgU_400x400\" loading=\"lazy\" \/>\t\t\t\t\t\t\t\t\t\t\t\t\t\t\t<\/div>\n\t\t\t\t<\/div>\n\t\t\t\t<div class=\"elementor-element elementor-element-fd1dd8e elementor-widget elementor-widget-text-editor\" data-id=\"fd1dd8e\" data-element_type=\"widget\" data-e-type=\"widget\" data-widget_type=\"text-editor.default\">\n\t\t\t\t<div class=\"elementor-widget-container\">\n\t\t\t\t\t\t\t\t\t<p><br \/><i>The RTVE programme, Flash Moda, a faithful showcase for<br \/>\u00a0Spanish fashion, puts the spotlight on<br \/>Sandra Valero and her road to Junior Eurovision,<br \/>dressed by Amaya S\u00e1nchez, in her new Couture line.\u00a0<\/i><\/p>\t\t\t\t\t\t\t\t<\/div>\n\t\t\t\t<\/div>\n\t\t\t\t<\/div>\n\t\t\t\t\t<\/div>\n\t\t\t\t<\/div>\n\t\t<div class=\"elementor-element elementor-element-430a32c e-con-full e-flex e-con e-parent\" data-id=\"430a32c\" data-element_type=\"container\" data-e-type=\"container\">\n\t\t\t\t<div class=\"elementor-element elementor-element-2bb328c elementor-widget elementor-widget-breadcrumbs\" data-id=\"2bb328c\" data-element_type=\"widget\" data-e-type=\"widget\" data-widget_type=\"breadcrumbs.default\">\n\t\t\t\t<div class=\"elementor-widget-container\">\n\t\t\t\t\t<nav aria-label=\"breadcrumbs\" class=\"rank-math-breadcrumb\"><p><span class=\"last\">Amaya Fashion For Kids<\/span><\/p><\/nav>\t\t\t\t<\/div>\n\t\t\t\t<\/div>\n\t\t\t\t<\/div>\n\t\t\t\t<\/div>","protected":false},"excerpt":{"rendered":"<p>El programa de RTVE, Flash Moda, fiel escaparate de\u00a0la moda espa\u00f1ola, pone el foco de atenci\u00f3n enSandra Valero y su camino hacia Eurovisi\u00f3n Junior,vestida por Amaya S\u00e1nchez, en su nueva l\u00ednea de Couture.\u00a0<\/p>","protected":false},"author":2,"featured_media":0,"parent":0,"menu_order":0,"comment_status":"closed","ping_status":"closed","template":"","meta":{"_acf_changed":false,"site-sidebar-layout":"no-sidebar","site-content-layout":"page-builder","ast-site-content-layout":"full-width-container","site-content-style":"default","site-sidebar-style":"default","ast-global-header-display":"","ast-banner-title-visibility":"","ast-main-header-display":"","ast-hfb-above-header-display":"","ast-hfb-below-header-display":"","ast-hfb-mobile-header-display":"","site-post-title":"disabled","ast-breadcrumbs-content":"","ast-featured-img":"disabled","footer-sml-layout":"","ast-disable-related-posts":"","theme-transparent-header-meta":"","adv-header-id-meta":"","stick-header-meta":"","header-above-stick-meta":"","header-main-stick-meta":"","header-below-stick-meta":"","astra-migrate-meta-layouts":"set","ast-page-background-enabled":"default","ast-page-background-meta":{"desktop":{"background-color":"var(--ast-global-color-4)","background-image":"","background-repeat":"repeat","background-position":"center center","background-size":"auto","background-attachment":"scroll","background-type":"","background-media":"","overlay-type":"","overlay-color":"","overlay-opacity":"","overlay-gradient":""},"tablet":{"background-color":"","background-image":"","background-repeat":"repeat","background-position":"center center","background-size":"auto","background-attachment":"scroll","background-type":"","background-media":"","overlay-type":"","overlay-color":"","overlay-opacity":"","overlay-gradient":""},"mobile":{"background-color":"","background-image":"","background-repeat":"repeat","background-position":"center center","background-size":"auto","background-attachment":"scroll","background-type":"","background-media":"","overlay-type":"","overlay-color":"","overlay-opacity":"","overlay-gradient":""}},"ast-content-background-meta":{"desktop":{"background-color":"var(--ast-global-color-5)","background-image":"","background-repeat":"repeat","background-position":"center center","background-size":"auto","background-attachment":"scroll","background-type":"","background-media":"","overlay-type":"","overlay-color":"","overlay-opacity":"","overlay-gradient":""},"tablet":{"background-color":"var(--ast-global-color-5)","background-image":"","background-repeat":"repeat","background-position":"center center","background-size":"auto","background-attachment":"scroll","background-type":"","background-media":"","overlay-type":"","overlay-color":"","overlay-opacity":"","overlay-gradient":""},"mobile":{"background-color":"var(--ast-global-color-5)","background-image":"","background-repeat":"repeat","background-position":"center center","background-size":"auto","background-attachment":"scroll","background-type":"","background-media":"","overlay-type":"","overlay-color":"","overlay-opacity":"","overlay-gradient":""}},"footnotes":""},"class_list":["post-3912","page","type-page","status-publish","hentry"],"acf":[],"_links":{"self":[{"href":"https:\/\/amayaforkids.com\/en\/wp-json\/wp\/v2\/pages\/3912","targetHints":{"allow":["GET"]}}],"collection":[{"href":"https:\/\/amayaforkids.com\/en\/wp-json\/wp\/v2\/pages"}],"about":[{"href":"https:\/\/amayaforkids.com\/en\/wp-json\/wp\/v2\/types\/page"}],"author":[{"embeddable":true,"href":"https:\/\/amayaforkids.com\/en\/wp-json\/wp\/v2\/users\/2"}],"replies":[{"embeddable":true,"href":"https:\/\/amayaforkids.com\/en\/wp-json\/wp\/v2\/comments?post=3912"}],"version-history":[{"count":1,"href":"https:\/\/amayaforkids.com\/en\/wp-json\/wp\/v2\/pages\/3912\/revisions"}],"predecessor-version":[{"id":24641,"href":"https:\/\/amayaforkids.com\/en\/wp-json\/wp\/v2\/pages\/3912\/revisions\/24641"}],"wp:attachment":[{"href":"https:\/\/amayaforkids.com\/en\/wp-json\/wp\/v2\/media?parent=3912"}],"curies":[{"name":"wp","href":"https:\/\/api.w.org\/{rel}","templated":true}]}}